{"id":1794,"date":"2024-10-09T15:41:25","date_gmt":"2024-10-09T13:41:25","guid":{"rendered":"https:\/\/tornyospekseg.staging.ruffnet.hu\/?post_type=product&#038;p=1794"},"modified":"2024-10-28T15:30:06","modified_gmt":"2024-10-28T14:30:06","slug":"tornyos-almas-pite","status":"publish","type":"product","link":"https:\/\/tornyospekseg.staging.ruffnet.hu\/de\/termek\/tornyos-almas-pite\/","title":{"rendered":"Tornyos alm\u00e1s pite"},"content":{"rendered":"","protected":false},"excerpt":{"rendered":"<p><!-- wp:heading {\"level\":3} --><\/p>\n<h3 class=\"wp-block-heading\">\u00c1tlagos t\u00e1p\u00e9rt\u00e9kek<\/h3>\n<p><!-- \/wp:heading --><\/p>\n<p><!-- wp:table --><\/p>\n<figure class=\"wp-block-table\">\n<table class=\"has-fixed-layout\">\n<tbody>\n<tr>\n<td>Energia:<\/td>\n<td>1387 kJ \/ 331 kcal<\/td>\n<\/tr>\n<tr>\n<td>Zs\u00edr:<\/td>\n<td>14,8 g<\/td>\n<\/tr>\n<tr>\n<td>amelyb\u0151l tel\u00edtett zs\u00edrsavak:<\/td>\n<td>7,5 g<\/td>\n<\/tr>\n<tr>\n<td>Sz\u00e9nhidr\u00e1t:<\/td>\n<td>45,3 g<\/td>\n<\/tr>\n<tr>\n<td>amelyb\u0151l cukrok:<\/td>\n<td>18,8 g<\/td>\n<\/tr>\n<tr>\n<td>Feh\u00e9rje:<\/td>\n<td>3,5 g<\/td>\n<\/tr>\n<tr>\n<td>S\u00f3:<\/td>\n<td>0,06 g<\/td>\n<\/tr>\n<\/tbody>\n<\/table><figcaption><\/figcaption><figcaption class=\"wp-element-caption\"><\/figcaption><\/figure>\n<p><!-- \/wp:table --><\/p>\n<p><!-- wp:separator --><!-- \/wp:paragraph --><\/p>\n<p><!-- wp:separator --><\/p>\n<hr class=\"wp-block-separator has-alpha-channel-opacity\" \/>\n<p><!-- \/wp:separator --><\/p>\n<p><!-- wp:heading {\"level\":3} --><\/p>\n<h3 class=\"wp-block-heading\"><strong>\u00d6sszetev\u0151k<\/strong><\/h3>\n<p><!-- \/wp:heading --><\/p>\n<p><!-- wp:paragraph --><\/p>\n<p>Almat\u00f6ltel\u00e9k (80%) (alma, cukor, kem\u00e9ny\u00edt\u0151, v\u00edz, citromsav (E330), tart\u00f3s\u00edt\u00f3szer (E202, E223),aroma, B\u00daZALISZT Margarin:(n\u00f6v. Zs\u00edrok \u00e9s olajok (p\u00e1lma, k\u00f3kusz, repce, napra forg\u00f3),v\u00edz, teljes m\u00e9rt\u00e9kben hidrog\u00e9nezett n\u00f6v. zs\u00edr (k\u00f3kusz),vajzs\u00edr, emulge\u00e1torok (E322,E471,E472c,E475,E476),tart\u00f3s\u00edt\u00f3szer(E202),s\u00f3 (0,1%),aroma, \u00e9tk.sav(E330,E331),sz\u00ednez\u00e9k, (E160a).), porcukor, krist\u00e1lycukor, burgonyapehely, (Glut\u00e9n, Toj\u00e1s,Tej, Di\u00f3f\u00e9l\u00e9k, Mandula, Szez\u00e1mmag), Teljes toj\u00e1sl\u00e9,dextr\u00f3z, modifik\u00e1lt kem\u00e9ny\u00edt\u0151 (kukorica), almapehely, szachar\u00f3z, emulge\u00e1tor (E322),\u00e9tk, sav E296), antioxid\u00e1ns (E300),s\u00f3.), fah\u00e9j, zitrobella (citromolaj, citroml\u00e9, kukoricaliszt, dextr\u00f3z, kukoricakem\u00e9ny\u00edt\u0151), t\u00e9rfogatn\u00f6vel\u0151szer:(Na-hidrog\u00e9n -karbon\u00e1t, kukorica kem\u00e9ny\u00edt\u0151, stabiliz\u00e1tor: xanthan), sz\u00f3dabikarb\u00f3na, tart\u00f3s\u00edt\u00f3szer: k\u00e1lium-szorb\u00e1t.<\/p>\n<p><!-- wp:separator --><\/p>\n<hr class=\"wp-block-separator has-alpha-channel-opacity\" \/>\n<p><!-- \/wp:separator --><\/p>\n<h3 class=\"wp-block-heading\">Allerg\u00e9n inform\u00e1ci\u00f3k, GMO inform\u00e1ci\u00f3<\/h3>\n<p><!-- \/wp:heading --><\/p>\n<p><!-- wp:paragraph --><\/p>\n<p>A term\u00e9k tartalmaz: glut\u00e9nt, toj\u00e1s, csonth\u00e9jas gy\u00fcm\u00f6lcs\u00f6k, tej \u00e9s abb\u00f3l k\u00e9sz\u00fclt term\u00e9kek (lakt\u00f3z) fah\u00e9j. Nyomokban tartalmazhat sz\u00f3jabab, szez\u00e1mmag sz\u00e1rmaz\u00e9kait.<br \/>\nAz \u00e9lelmiszer el\u0151\u00e1ll\u00edt\u00e1s\u00e1hoz g\u00e9ntechnol\u00f3gi\u00e1val m\u00f3dos\u00edtott szervezetet, anyagot nem haszn\u00e1lunk.<\/p>\n<p><!-- \/wp:paragraph --><\/p>\n<p><!-- wp:separator --><\/p>\n<hr class=\"wp-block-separator has-alpha-channel-opacity\" \/>\n<p><!-- \/wp:separator --><\/p>\n<p><!-- wp:heading {\"level\":3} --><\/p>\n<h3 class=\"wp-block-heading\"><strong>Nett\u00f3 mennyis\u00e9g<\/strong><\/h3>\n<p><!-- \/wp:heading --><\/p>\n<p><!-- wp:paragraph --><\/p>\n<p>350g<\/p>\n<p><!-- \/wp:paragraph --><\/p>\n","protected":false},"featured_media":1957,"comment_status":"open","ping_status":"closed","template":"","meta":[],"product_cat":[29],"product_tag":[],"class_list":{"0":"post-1794","1":"product","2":"type-product","3":"status-publish","4":"has-post-thumbnail","6":"product_cat-cukraszati-termekek","8":"first","9":"instock","10":"shipping-taxable","11":"product-type-simple"},"yoast_head":"<!-- This site is optimized with the Yoast SEO plugin v23.6 - https:\/\/yoast.com\/wordpress\/plugins\/seo\/ -->\n<title>Tornyos alm\u00e1s pite - Tornyos P\u00e9ks\u00e9g<\/title>\n<meta name=\"robots\" content=\"noindex, follow, max-snippet:-1, max-image-preview:large, max-video-preview:-1\" \/>\n<meta property=\"og:locale\" content=\"de_DE\" \/>\n<meta property=\"og:type\" content=\"article\" \/>\n<meta property=\"og:title\" content=\"Tornyos alm\u00e1s pite - Tornyos P\u00e9ks\u00e9g\" \/>\n<meta property=\"og:description\" content=\"\u00c1tlagos t\u00e1p\u00e9rt\u00e9kek        Energia: 1387 kJ \/ 331 kcal   Zs\u00edr: 14,8 g   amelyb\u0151l tel\u00edtett zs\u00edrsavak: 7,5 g   Sz\u00e9nhidr\u00e1t: 45,3 g   amelyb\u0151l cukrok: 18,8 g   Feh\u00e9rje: 3,5 g   S\u00f3: 0,06 g                \u00d6sszetev\u0151k     Almat\u00f6ltel\u00e9k (80%) (alma, cukor, kem\u00e9ny\u00edt\u0151, v\u00edz, citromsav (E330), tart\u00f3s\u00edt\u00f3szer (E202, E223),aroma, B\u00daZALISZT Margarin:(n\u00f6v. Zs\u00edrok \u00e9s olajok (p\u00e1lma, k\u00f3kusz, repce, napra forg\u00f3),v\u00edz, teljes m\u00e9rt\u00e9kben hidrog\u00e9nezett n\u00f6v. zs\u00edr (k\u00f3kusz),vajzs\u00edr, emulge\u00e1torok (E322,E471,E472c,E475,E476),tart\u00f3s\u00edt\u00f3szer(E202),s\u00f3 (0,1%),aroma, \u00e9tk.sav(E330,E331),sz\u00ednez\u00e9k, (E160a).), porcukor, krist\u00e1lycukor, burgonyapehely, (Glut\u00e9n, Toj\u00e1s,Tej, Di\u00f3f\u00e9l\u00e9k, Mandula, Szez\u00e1mmag), Teljes toj\u00e1sl\u00e9,dextr\u00f3z, modifik\u00e1lt kem\u00e9ny\u00edt\u0151 (kukorica), almapehely, szachar\u00f3z, emulge\u00e1tor (E322),\u00e9tk, sav E296), antioxid\u00e1ns (E300),s\u00f3.), fah\u00e9j, zitrobella (citromolaj, citroml\u00e9, kukoricaliszt, dextr\u00f3z, kukoricakem\u00e9ny\u00edt\u0151), t\u00e9rfogatn\u00f6vel\u0151szer:(Na-hidrog\u00e9n -karbon\u00e1t, kukorica kem\u00e9ny\u00edt\u0151, stabiliz\u00e1tor: xanthan), sz\u00f3dabikarb\u00f3na, tart\u00f3s\u00edt\u00f3szer: k\u00e1lium-szorb\u00e1t.       Allerg\u00e9n inform\u00e1ci\u00f3k, GMO inform\u00e1ci\u00f3     A term\u00e9k tartalmaz: glut\u00e9nt, toj\u00e1s, csonth\u00e9jas gy\u00fcm\u00f6lcs\u00f6k, tej \u00e9s abb\u00f3l k\u00e9sz\u00fclt term\u00e9kek (lakt\u00f3z) fah\u00e9j. Nyomokban tartalmazhat sz\u00f3jabab, szez\u00e1mmag sz\u00e1rmaz\u00e9kait. Az \u00e9lelmiszer el\u0151\u00e1ll\u00edt\u00e1s\u00e1hoz g\u00e9ntechnol\u00f3gi\u00e1val m\u00f3dos\u00edtott szervezetet, anyagot nem haszn\u00e1lunk.           Nett\u00f3 mennyis\u00e9g     350g\" \/>\n<meta property=\"og:url\" content=\"https:\/\/tornyospekseg.staging.ruffnet.hu\/de\/termek\/tornyos-almas-pite\/\" \/>\n<meta property=\"og:site_name\" content=\"Tornyos P\u00e9ks\u00e9g\" \/>\n<meta property=\"article:modified_time\" content=\"2024-10-28T14:30:06+00:00\" \/>\n<meta property=\"og:image\" content=\"https:\/\/tornyospekseg.staging.ruffnet.hu\/wp-content\/uploads\/2024\/10\/tornyos-almas-pite-3-.jpg\" \/>\n\t<meta property=\"og:image:width\" content=\"1500\" \/>\n\t<meta property=\"og:image:height\" content=\"1500\" \/>\n\t<meta property=\"og:image:type\" content=\"image\/jpeg\" \/>\n<meta name=\"twitter:card\" content=\"summary_large_image\" \/>\n<meta name=\"twitter:label1\" content=\"Gesch\u00e4tzte Lesezeit\" \/>\n\t<meta name=\"twitter:data1\" content=\"1\u00a0Minute\" \/>\n<script type=\"application\/ld+json\" class=\"yoast-schema-graph\">{\"@context\":\"https:\/\/schema.org\",\"@graph\":[{\"@type\":\"WebPage\",\"@id\":\"https:\/\/tornyospekseg.staging.ruffnet.hu\/de\/termek\/tornyos-almas-pite\/\",\"url\":\"https:\/\/tornyospekseg.staging.ruffnet.hu\/de\/termek\/tornyos-almas-pite\/\",\"name\":\"Tornyos alm\u00e1s pite - Tornyos P\u00e9ks\u00e9g\",\"isPartOf\":{\"@id\":\"https:\/\/tornyospekseg.staging.ruffnet.hu\/de\/#website\"},\"primaryImageOfPage\":{\"@id\":\"https:\/\/tornyospekseg.staging.ruffnet.hu\/de\/termek\/tornyos-almas-pite\/#primaryimage\"},\"image\":{\"@id\":\"https:\/\/tornyospekseg.staging.ruffnet.hu\/de\/termek\/tornyos-almas-pite\/#primaryimage\"},\"thumbnailUrl\":\"https:\/\/tornyospekseg.staging.ruffnet.hu\/wp-content\/uploads\/2024\/10\/tornyos-almas-pite-3-.jpg\",\"datePublished\":\"2024-10-09T13:41:25+00:00\",\"dateModified\":\"2024-10-28T14:30:06+00:00\",\"breadcrumb\":{\"@id\":\"https:\/\/tornyospekseg.staging.ruffnet.hu\/de\/termek\/tornyos-almas-pite\/#breadcrumb\"},\"inLanguage\":\"de\",\"potentialAction\":[{\"@type\":\"ReadAction\",\"target\":[\"https:\/\/tornyospekseg.staging.ruffnet.hu\/de\/termek\/tornyos-almas-pite\/\"]}]},{\"@type\":\"ImageObject\",\"inLanguage\":\"de\",\"@id\":\"https:\/\/tornyospekseg.staging.ruffnet.hu\/de\/termek\/tornyos-almas-pite\/#primaryimage\",\"url\":\"https:\/\/tornyospekseg.staging.ruffnet.hu\/wp-content\/uploads\/2024\/10\/tornyos-almas-pite-3-.jpg\",\"contentUrl\":\"https:\/\/tornyospekseg.staging.ruffnet.hu\/wp-content\/uploads\/2024\/10\/tornyos-almas-pite-3-.jpg\",\"width\":1500,\"height\":1500},{\"@type\":\"BreadcrumbList\",\"@id\":\"https:\/\/tornyospekseg.staging.ruffnet.hu\/de\/termek\/tornyos-almas-pite\/#breadcrumb\",\"itemListElement\":[{\"@type\":\"ListItem\",\"position\":1,\"name\":\"Kezd\u0151lap\",\"item\":\"https:\/\/tornyospekseg.staging.ruffnet.hu\/de\/\"},{\"@type\":\"ListItem\",\"position\":2,\"name\":\"Produkte\",\"item\":\"https:\/\/tornyospekseg.staging.ruffnet.hu\/de\/shop\/\"},{\"@type\":\"ListItem\",\"position\":3,\"name\":\"Tornyos alm\u00e1s pite\"}]},{\"@type\":\"WebSite\",\"@id\":\"https:\/\/tornyospekseg.staging.ruffnet.hu\/de\/#website\",\"url\":\"https:\/\/tornyospekseg.staging.ruffnet.hu\/de\/\",\"name\":\"Tornyos P\u00e9ks\u00e9g\",\"description\":\"Tele pocak, boldog pocak!\",\"publisher\":{\"@id\":\"https:\/\/tornyospekseg.staging.ruffnet.hu\/de\/#organization\"},\"potentialAction\":[{\"@type\":\"SearchAction\",\"target\":{\"@type\":\"EntryPoint\",\"urlTemplate\":\"https:\/\/tornyospekseg.staging.ruffnet.hu\/de\/?s={search_term_string}\"},\"query-input\":{\"@type\":\"PropertyValueSpecification\",\"valueRequired\":true,\"valueName\":\"search_term_string\"}}],\"inLanguage\":\"de\"},{\"@type\":\"Organization\",\"@id\":\"https:\/\/tornyospekseg.staging.ruffnet.hu\/de\/#organization\",\"name\":\"Tornyos P\u00e9ks\u00e9g\",\"url\":\"https:\/\/tornyospekseg.staging.ruffnet.hu\/de\/\",\"logo\":{\"@type\":\"ImageObject\",\"inLanguage\":\"de\",\"@id\":\"https:\/\/tornyospekseg.staging.ruffnet.hu\/de\/#\/schema\/logo\/image\/\",\"url\":\"https:\/\/tornyospekseg.staging.ruffnet.hu\/wp-content\/uploads\/2024\/08\/tornyos-color1.svg\",\"contentUrl\":\"https:\/\/tornyospekseg.staging.ruffnet.hu\/wp-content\/uploads\/2024\/08\/tornyos-color1.svg\",\"width\":770,\"height\":134,\"caption\":\"Tornyos P\u00e9ks\u00e9g\"},\"image\":{\"@id\":\"https:\/\/tornyospekseg.staging.ruffnet.hu\/de\/#\/schema\/logo\/image\/\"}}]}<\/script>\n<!-- \/ Yoast SEO plugin. -->","yoast_head_json":{"title":"Tornyos alm\u00e1s pite - Tornyos P\u00e9ks\u00e9g","robots":{"index":"noindex","follow":"follow","max-snippet":"max-snippet:-1","max-image-preview":"max-image-preview:large","max-video-preview":"max-video-preview:-1"},"og_locale":"de_DE","og_type":"article","og_title":"Tornyos alm\u00e1s pite - Tornyos P\u00e9ks\u00e9g","og_description":"\u00c1tlagos t\u00e1p\u00e9rt\u00e9kek        Energia: 1387 kJ \/ 331 kcal   Zs\u00edr: 14,8 g   amelyb\u0151l tel\u00edtett zs\u00edrsavak: 7,5 g   Sz\u00e9nhidr\u00e1t: 45,3 g   amelyb\u0151l cukrok: 18,8 g   Feh\u00e9rje: 3,5 g   S\u00f3: 0,06 g                \u00d6sszetev\u0151k     Almat\u00f6ltel\u00e9k (80%) (alma, cukor, kem\u00e9ny\u00edt\u0151, v\u00edz, citromsav (E330), tart\u00f3s\u00edt\u00f3szer (E202, E223),aroma, B\u00daZALISZT Margarin:(n\u00f6v. Zs\u00edrok \u00e9s olajok (p\u00e1lma, k\u00f3kusz, repce, napra forg\u00f3),v\u00edz, teljes m\u00e9rt\u00e9kben hidrog\u00e9nezett n\u00f6v. zs\u00edr (k\u00f3kusz),vajzs\u00edr, emulge\u00e1torok (E322,E471,E472c,E475,E476),tart\u00f3s\u00edt\u00f3szer(E202),s\u00f3 (0,1%),aroma, \u00e9tk.sav(E330,E331),sz\u00ednez\u00e9k, (E160a).), porcukor, krist\u00e1lycukor, burgonyapehely, (Glut\u00e9n, Toj\u00e1s,Tej, Di\u00f3f\u00e9l\u00e9k, Mandula, Szez\u00e1mmag), Teljes toj\u00e1sl\u00e9,dextr\u00f3z, modifik\u00e1lt kem\u00e9ny\u00edt\u0151 (kukorica), almapehely, szachar\u00f3z, emulge\u00e1tor (E322),\u00e9tk, sav E296), antioxid\u00e1ns (E300),s\u00f3.), fah\u00e9j, zitrobella (citromolaj, citroml\u00e9, kukoricaliszt, dextr\u00f3z, kukoricakem\u00e9ny\u00edt\u0151), t\u00e9rfogatn\u00f6vel\u0151szer:(Na-hidrog\u00e9n -karbon\u00e1t, kukorica kem\u00e9ny\u00edt\u0151, stabiliz\u00e1tor: xanthan), sz\u00f3dabikarb\u00f3na, tart\u00f3s\u00edt\u00f3szer: k\u00e1lium-szorb\u00e1t.       Allerg\u00e9n inform\u00e1ci\u00f3k, GMO inform\u00e1ci\u00f3     A term\u00e9k tartalmaz: glut\u00e9nt, toj\u00e1s, csonth\u00e9jas gy\u00fcm\u00f6lcs\u00f6k, tej \u00e9s abb\u00f3l k\u00e9sz\u00fclt term\u00e9kek (lakt\u00f3z) fah\u00e9j. Nyomokban tartalmazhat sz\u00f3jabab, szez\u00e1mmag sz\u00e1rmaz\u00e9kait. Az \u00e9lelmiszer el\u0151\u00e1ll\u00edt\u00e1s\u00e1hoz g\u00e9ntechnol\u00f3gi\u00e1val m\u00f3dos\u00edtott szervezetet, anyagot nem haszn\u00e1lunk.           Nett\u00f3 mennyis\u00e9g     350g","og_url":"https:\/\/tornyospekseg.staging.ruffnet.hu\/de\/termek\/tornyos-almas-pite\/","og_site_name":"Tornyos P\u00e9ks\u00e9g","article_modified_time":"2024-10-28T14:30:06+00:00","og_image":[{"width":1500,"height":1500,"url":"https:\/\/tornyospekseg.staging.ruffnet.hu\/wp-content\/uploads\/2024\/10\/tornyos-almas-pite-3-.jpg","type":"image\/jpeg"}],"twitter_card":"summary_large_image","twitter_misc":{"Gesch\u00e4tzte Lesezeit":"1\u00a0Minute"},"schema":{"@context":"https:\/\/schema.org","@graph":[{"@type":"WebPage","@id":"https:\/\/tornyospekseg.staging.ruffnet.hu\/de\/termek\/tornyos-almas-pite\/","url":"https:\/\/tornyospekseg.staging.ruffnet.hu\/de\/termek\/tornyos-almas-pite\/","name":"Tornyos alm\u00e1s pite - Tornyos P\u00e9ks\u00e9g","isPartOf":{"@id":"https:\/\/tornyospekseg.staging.ruffnet.hu\/de\/#website"},"primaryImageOfPage":{"@id":"https:\/\/tornyospekseg.staging.ruffnet.hu\/de\/termek\/tornyos-almas-pite\/#primaryimage"},"image":{"@id":"https:\/\/tornyospekseg.staging.ruffnet.hu\/de\/termek\/tornyos-almas-pite\/#primaryimage"},"thumbnailUrl":"https:\/\/tornyospekseg.staging.ruffnet.hu\/wp-content\/uploads\/2024\/10\/tornyos-almas-pite-3-.jpg","datePublished":"2024-10-09T13:41:25+00:00","dateModified":"2024-10-28T14:30:06+00:00","breadcrumb":{"@id":"https:\/\/tornyospekseg.staging.ruffnet.hu\/de\/termek\/tornyos-almas-pite\/#breadcrumb"},"inLanguage":"de","potentialAction":[{"@type":"ReadAction","target":["https:\/\/tornyospekseg.staging.ruffnet.hu\/de\/termek\/tornyos-almas-pite\/"]}]},{"@type":"ImageObject","inLanguage":"de","@id":"https:\/\/tornyospekseg.staging.ruffnet.hu\/de\/termek\/tornyos-almas-pite\/#primaryimage","url":"https:\/\/tornyospekseg.staging.ruffnet.hu\/wp-content\/uploads\/2024\/10\/tornyos-almas-pite-3-.jpg","contentUrl":"https:\/\/tornyospekseg.staging.ruffnet.hu\/wp-content\/uploads\/2024\/10\/tornyos-almas-pite-3-.jpg","width":1500,"height":1500},{"@type":"BreadcrumbList","@id":"https:\/\/tornyospekseg.staging.ruffnet.hu\/de\/termek\/tornyos-almas-pite\/#breadcrumb","itemListElement":[{"@type":"ListItem","position":1,"name":"Kezd\u0151lap","item":"https:\/\/tornyospekseg.staging.ruffnet.hu\/de\/"},{"@type":"ListItem","position":2,"name":"Produkte","item":"https:\/\/tornyospekseg.staging.ruffnet.hu\/de\/shop\/"},{"@type":"ListItem","position":3,"name":"Tornyos alm\u00e1s pite"}]},{"@type":"WebSite","@id":"https:\/\/tornyospekseg.staging.ruffnet.hu\/de\/#website","url":"https:\/\/tornyospekseg.staging.ruffnet.hu\/de\/","name":"Tornyos P\u00e9ks\u00e9g","description":"Tele pocak, boldog pocak!","publisher":{"@id":"https:\/\/tornyospekseg.staging.ruffnet.hu\/de\/#organization"},"potentialAction":[{"@type":"SearchAction","target":{"@type":"EntryPoint","urlTemplate":"https:\/\/tornyospekseg.staging.ruffnet.hu\/de\/?s={search_term_string}"},"query-input":{"@type":"PropertyValueSpecification","valueRequired":true,"valueName":"search_term_string"}}],"inLanguage":"de"},{"@type":"Organization","@id":"https:\/\/tornyospekseg.staging.ruffnet.hu\/de\/#organization","name":"Tornyos P\u00e9ks\u00e9g","url":"https:\/\/tornyospekseg.staging.ruffnet.hu\/de\/","logo":{"@type":"ImageObject","inLanguage":"de","@id":"https:\/\/tornyospekseg.staging.ruffnet.hu\/de\/#\/schema\/logo\/image\/","url":"https:\/\/tornyospekseg.staging.ruffnet.hu\/wp-content\/uploads\/2024\/08\/tornyos-color1.svg","contentUrl":"https:\/\/tornyospekseg.staging.ruffnet.hu\/wp-content\/uploads\/2024\/08\/tornyos-color1.svg","width":770,"height":134,"caption":"Tornyos P\u00e9ks\u00e9g"},"image":{"@id":"https:\/\/tornyospekseg.staging.ruffnet.hu\/de\/#\/schema\/logo\/image\/"}}]}},"_links":{"self":[{"href":"https:\/\/tornyospekseg.staging.ruffnet.hu\/de\/wp-json\/wp\/v2\/product\/1794"}],"collection":[{"href":"https:\/\/tornyospekseg.staging.ruffnet.hu\/de\/wp-json\/wp\/v2\/product"}],"about":[{"href":"https:\/\/tornyospekseg.staging.ruffnet.hu\/de\/wp-json\/wp\/v2\/types\/product"}],"replies":[{"embeddable":true,"href":"https:\/\/tornyospekseg.staging.ruffnet.hu\/de\/wp-json\/wp\/v2\/comments?post=1794"}],"wp:featuredmedia":[{"embeddable":true,"href":"https:\/\/tornyospekseg.staging.ruffnet.hu\/de\/wp-json\/wp\/v2\/media\/1957"}],"wp:attachment":[{"href":"https:\/\/tornyospekseg.staging.ruffnet.hu\/de\/wp-json\/wp\/v2\/media?parent=1794"}],"wp:term":[{"taxonomy":"product_cat","embeddable":true,"href":"https:\/\/tornyospekseg.staging.ruffnet.hu\/de\/wp-json\/wp\/v2\/product_cat?post=1794"},{"taxonomy":"product_tag","embeddable":true,"href":"https:\/\/tornyospekseg.staging.ruffnet.hu\/de\/wp-json\/wp\/v2\/product_tag?post=1794"}],"curies":[{"name":"wp","href":"https:\/\/api.w.org\/{rel}","templated":true}]}}