{"id":1799,"date":"2024-10-09T15:53:30","date_gmt":"2024-10-09T13:53:30","guid":{"rendered":"https:\/\/tornyospekseg.staging.ruffnet.hu\/?post_type=product&#038;p=1799"},"modified":"2024-10-28T15:29:03","modified_gmt":"2024-10-28T14:29:03","slug":"tornyos-kremkocka","status":"publish","type":"product","link":"https:\/\/tornyospekseg.staging.ruffnet.hu\/de\/termek\/tornyos-kremkocka\/","title":{"rendered":"Tornyos kr\u00e9mkocka"},"content":{"rendered":"","protected":false},"excerpt":{"rendered":"<p><!-- wp:heading {\"level\":3} --><\/p>\n<h3 class=\"wp-block-heading\">\u00c1tlagos t\u00e1p\u00e9rt\u00e9kek<\/h3>\n<p><!-- \/wp:heading --><\/p>\n<p><!-- wp:table --><\/p>\n<figure class=\"wp-block-table\">\n<table class=\"has-fixed-layout\">\n<tbody>\n<tr>\n<td>Energia:<\/td>\n<td>1017 kJ \/ 243 kcal<\/td>\n<\/tr>\n<tr>\n<td>Zs\u00edr:<\/td>\n<td>\u00a010,48 g<\/td>\n<\/tr>\n<tr>\n<td>amelyb\u0151l tel\u00edtett zs\u00edrsavak:<\/td>\n<td>6,55 g<\/td>\n<\/tr>\n<tr>\n<td>Sz\u00e9nhidr\u00e1t:<\/td>\n<td>34,11 g<\/td>\n<\/tr>\n<tr>\n<td>amelyb\u0151l cukrok:<\/td>\n<td>17,18 g<\/td>\n<\/tr>\n<tr>\n<td>Feh\u00e9rje:<\/td>\n<td>2,67 g<\/td>\n<\/tr>\n<tr>\n<td>S\u00f3:<\/td>\n<td>0,59 g<\/td>\n<\/tr>\n<\/tbody>\n<\/table><figcaption><\/figcaption><figcaption class=\"wp-element-caption\"><\/figcaption><\/figure>\n<p><!-- \/wp:table --><\/p>\n<p><!-- wp:separator --><!-- \/wp:paragraph --><\/p>\n<p><!-- wp:separator --><\/p>\n<hr class=\"wp-block-separator has-alpha-channel-opacity\" \/>\n<p><!-- \/wp:separator --><\/p>\n<p><!-- wp:heading {\"level\":3} --><\/p>\n<h3 class=\"wp-block-heading\"><strong>\u00d6sszetev\u0151k<\/strong><\/h3>\n<p><!-- \/wp:heading --><\/p>\n<p><!-- wp:paragraph --><\/p>\n<p>V\u00edz, desszert alap ( cukor, <strong>tejsav\u00f3por,<\/strong> m\u00f3dos\u00edtott kem\u00e9ny\u00edt\u0151: E1414, nem hidrog\u00e9nezett p\u00e1lma olaj, emulge\u00e1l\u00f3szer: E472a, s\u0171r\u00edt\u0151anyag: E401, zselatin, sz\u00ednez\u00e9kek: E160a \u00e9s E160c, s\u00f3, \u00edzes\u00edt\u0151anyag), <strong>b\u00fazaliszt,<\/strong> leveles margarin (finom\u00edtott n\u00f6v\u00e9nyi olajok \u00e9s zs\u00edrok: p\u00e1lma \u00e9s napraforg\u00f3, v\u00edz, emulge\u00e1l\u00f3szer: E471, s\u00f3, savany\u00fas\u00e1got szab\u00e1lyoz\u00f3 anyag: E330, aroma, sz\u00ednez\u00e9k: E160bi), s\u00fct\u0151margarin (finom\u00edtott n\u00f6v\u00e9nyi olajok \u00e9s zs\u00edrok: k\u00f3kusz, napraforg\u00f3, p\u00e1lma, repce v\u00e1ltoz\u00f3 ar\u00e1nyban, v\u00edz, emulge\u00e1l\u00f3szer: zs\u00edrsavak mono- \u00e9s digliceridjei, s\u00f3, tart\u00f3s\u00edt\u00f3szer: szorbinsav \u00e9s k\u00e1lium-szorb\u00e1t, savany\u00fas\u00e1got szab\u00e1lyoz\u00f3 anyag: citromsav, aroma, sz\u00ednez\u00e9k: karotinok), cukor, s\u00f3, ecet, tart\u00f3s\u00edt\u00f3szer: k\u00e1lium- szorb\u00e1t.<\/p>\n<p><!-- wp:separator --><\/p>\n<hr class=\"wp-block-separator has-alpha-channel-opacity\" \/>\n<p><!-- \/wp:separator --><\/p>\n<h3 class=\"wp-block-heading\">Allerg\u00e9n inform\u00e1ci\u00f3k, GMO inform\u00e1ci\u00f3<\/h3>\n<p><!-- \/wp:heading --><\/p>\n<p><!-- wp:paragraph --><\/p>\n<p>A term\u00e9k tartalmaz: glut\u00e9nt, tejet. Nyomokban tartalmazhat sz\u00f3ja, toj\u00e1s, csonth\u00e9jas term\u00e9s, f\u00f6ldimogyor\u00f3, csillagf\u00fcrt \u00e9s szez\u00e1mmag sz\u00e1rmaz\u00e9kait.<br \/>\nAz \u00e9lelmiszer el\u0151\u00e1ll\u00edt\u00e1s\u00e1hoz g\u00e9ntechnol\u00f3gi\u00e1val m\u00f3dos\u00edtott szervezetet, anyagot nem haszn\u00e1lunk.<\/p>\n<p><!-- \/wp:paragraph --><\/p>\n<p><!-- wp:separator --><\/p>\n<hr class=\"wp-block-separator has-alpha-channel-opacity\" \/>\n<p><!-- \/wp:separator --><\/p>\n<p><!-- wp:heading {\"level\":3} --><\/p>\n<h3 class=\"wp-block-heading\"><strong>Nett\u00f3 mennyis\u00e9g<\/strong><\/h3>\n<p><!-- \/wp:heading --><\/p>\n<p><!-- wp:paragraph --><\/p>\n<p>290 g<\/p>\n<p><!-- \/wp:paragraph --><\/p>\n","protected":false},"featured_media":1912,"comment_status":"open","ping_status":"closed","template":"","meta":[],"product_cat":[29],"product_tag":[],"class_list":{"0":"post-1799","1":"product","2":"type-product","3":"status-publish","4":"has-post-thumbnail","6":"product_cat-cukraszati-termekek","8":"first","9":"instock","10":"shipping-taxable","11":"product-type-simple"},"yoast_head":"<!-- This site is optimized with the Yoast SEO plugin v23.6 - https:\/\/yoast.com\/wordpress\/plugins\/seo\/ -->\n<title>Tornyos kr\u00e9mkocka - Tornyos P\u00e9ks\u00e9g<\/title>\n<meta name=\"robots\" content=\"noindex, follow, max-snippet:-1, max-image-preview:large, max-video-preview:-1\" \/>\n<meta property=\"og:locale\" content=\"de_DE\" \/>\n<meta property=\"og:type\" content=\"article\" \/>\n<meta property=\"og:title\" content=\"Tornyos kr\u00e9mkocka - Tornyos P\u00e9ks\u00e9g\" \/>\n<meta property=\"og:description\" content=\"\u00c1tlagos t\u00e1p\u00e9rt\u00e9kek        Energia: 1017 kJ \/ 243 kcal   Zs\u00edr: \u00a010,48 g   amelyb\u0151l tel\u00edtett zs\u00edrsavak: 6,55 g   Sz\u00e9nhidr\u00e1t: 34,11 g   amelyb\u0151l cukrok: 17,18 g   Feh\u00e9rje: 2,67 g   S\u00f3: 0,59 g                \u00d6sszetev\u0151k     V\u00edz, desszert alap ( cukor, tejsav\u00f3por, m\u00f3dos\u00edtott kem\u00e9ny\u00edt\u0151: E1414, nem hidrog\u00e9nezett p\u00e1lma olaj, emulge\u00e1l\u00f3szer: E472a, s\u0171r\u00edt\u0151anyag: E401, zselatin, sz\u00ednez\u00e9kek: E160a \u00e9s E160c, s\u00f3, \u00edzes\u00edt\u0151anyag), b\u00fazaliszt, leveles margarin (finom\u00edtott n\u00f6v\u00e9nyi olajok \u00e9s zs\u00edrok: p\u00e1lma \u00e9s napraforg\u00f3, v\u00edz, emulge\u00e1l\u00f3szer: E471, s\u00f3, savany\u00fas\u00e1got szab\u00e1lyoz\u00f3 anyag: E330, aroma, sz\u00ednez\u00e9k: E160bi), s\u00fct\u0151margarin (finom\u00edtott n\u00f6v\u00e9nyi olajok \u00e9s zs\u00edrok: k\u00f3kusz, napraforg\u00f3, p\u00e1lma, repce v\u00e1ltoz\u00f3 ar\u00e1nyban, v\u00edz, emulge\u00e1l\u00f3szer: zs\u00edrsavak mono- \u00e9s digliceridjei, s\u00f3, tart\u00f3s\u00edt\u00f3szer: szorbinsav \u00e9s k\u00e1lium-szorb\u00e1t, savany\u00fas\u00e1got szab\u00e1lyoz\u00f3 anyag: citromsav, aroma, sz\u00ednez\u00e9k: karotinok), cukor, s\u00f3, ecet, tart\u00f3s\u00edt\u00f3szer: k\u00e1lium- szorb\u00e1t.       Allerg\u00e9n inform\u00e1ci\u00f3k, GMO inform\u00e1ci\u00f3     A term\u00e9k tartalmaz: glut\u00e9nt, tejet. Nyomokban tartalmazhat sz\u00f3ja, toj\u00e1s, csonth\u00e9jas term\u00e9s, f\u00f6ldimogyor\u00f3, csillagf\u00fcrt \u00e9s szez\u00e1mmag sz\u00e1rmaz\u00e9kait. Az \u00e9lelmiszer el\u0151\u00e1ll\u00edt\u00e1s\u00e1hoz g\u00e9ntechnol\u00f3gi\u00e1val m\u00f3dos\u00edtott szervezetet, anyagot nem haszn\u00e1lunk.           Nett\u00f3 mennyis\u00e9g     290 g\" \/>\n<meta property=\"og:url\" content=\"https:\/\/tornyospekseg.staging.ruffnet.hu\/de\/termek\/tornyos-kremkocka\/\" \/>\n<meta property=\"og:site_name\" content=\"Tornyos P\u00e9ks\u00e9g\" \/>\n<meta property=\"article:modified_time\" content=\"2024-10-28T14:29:03+00:00\" \/>\n<meta property=\"og:image\" content=\"https:\/\/tornyospekseg.staging.ruffnet.hu\/wp-content\/uploads\/2024\/10\/tornyos-kremkocka-3.jpg\" \/>\n\t<meta property=\"og:image:width\" content=\"1500\" \/>\n\t<meta property=\"og:image:height\" content=\"1500\" \/>\n\t<meta property=\"og:image:type\" content=\"image\/jpeg\" \/>\n<meta name=\"twitter:card\" content=\"summary_large_image\" \/>\n<meta name=\"twitter:label1\" content=\"Gesch\u00e4tzte Lesezeit\" \/>\n\t<meta name=\"twitter:data1\" content=\"1\u00a0Minute\" \/>\n<script type=\"application\/ld+json\" class=\"yoast-schema-graph\">{\"@context\":\"https:\/\/schema.org\",\"@graph\":[{\"@type\":\"WebPage\",\"@id\":\"https:\/\/tornyospekseg.staging.ruffnet.hu\/de\/termek\/tornyos-kremkocka\/\",\"url\":\"https:\/\/tornyospekseg.staging.ruffnet.hu\/de\/termek\/tornyos-kremkocka\/\",\"name\":\"Tornyos kr\u00e9mkocka - Tornyos P\u00e9ks\u00e9g\",\"isPartOf\":{\"@id\":\"https:\/\/tornyospekseg.staging.ruffnet.hu\/de\/#website\"},\"primaryImageOfPage\":{\"@id\":\"https:\/\/tornyospekseg.staging.ruffnet.hu\/de\/termek\/tornyos-kremkocka\/#primaryimage\"},\"image\":{\"@id\":\"https:\/\/tornyospekseg.staging.ruffnet.hu\/de\/termek\/tornyos-kremkocka\/#primaryimage\"},\"thumbnailUrl\":\"https:\/\/tornyospekseg.staging.ruffnet.hu\/wp-content\/uploads\/2024\/10\/tornyos-kremkocka-3.jpg\",\"datePublished\":\"2024-10-09T13:53:30+00:00\",\"dateModified\":\"2024-10-28T14:29:03+00:00\",\"breadcrumb\":{\"@id\":\"https:\/\/tornyospekseg.staging.ruffnet.hu\/de\/termek\/tornyos-kremkocka\/#breadcrumb\"},\"inLanguage\":\"de\",\"potentialAction\":[{\"@type\":\"ReadAction\",\"target\":[\"https:\/\/tornyospekseg.staging.ruffnet.hu\/de\/termek\/tornyos-kremkocka\/\"]}]},{\"@type\":\"ImageObject\",\"inLanguage\":\"de\",\"@id\":\"https:\/\/tornyospekseg.staging.ruffnet.hu\/de\/termek\/tornyos-kremkocka\/#primaryimage\",\"url\":\"https:\/\/tornyospekseg.staging.ruffnet.hu\/wp-content\/uploads\/2024\/10\/tornyos-kremkocka-3.jpg\",\"contentUrl\":\"https:\/\/tornyospekseg.staging.ruffnet.hu\/wp-content\/uploads\/2024\/10\/tornyos-kremkocka-3.jpg\",\"width\":1500,\"height\":1500},{\"@type\":\"BreadcrumbList\",\"@id\":\"https:\/\/tornyospekseg.staging.ruffnet.hu\/de\/termek\/tornyos-kremkocka\/#breadcrumb\",\"itemListElement\":[{\"@type\":\"ListItem\",\"position\":1,\"name\":\"Kezd\u0151lap\",\"item\":\"https:\/\/tornyospekseg.staging.ruffnet.hu\/de\/\"},{\"@type\":\"ListItem\",\"position\":2,\"name\":\"Produkte\",\"item\":\"https:\/\/tornyospekseg.staging.ruffnet.hu\/de\/shop\/\"},{\"@type\":\"ListItem\",\"position\":3,\"name\":\"Tornyos kr\u00e9mkocka\"}]},{\"@type\":\"WebSite\",\"@id\":\"https:\/\/tornyospekseg.staging.ruffnet.hu\/de\/#website\",\"url\":\"https:\/\/tornyospekseg.staging.ruffnet.hu\/de\/\",\"name\":\"Tornyos P\u00e9ks\u00e9g\",\"description\":\"Tele pocak, boldog pocak!\",\"publisher\":{\"@id\":\"https:\/\/tornyospekseg.staging.ruffnet.hu\/de\/#organization\"},\"potentialAction\":[{\"@type\":\"SearchAction\",\"target\":{\"@type\":\"EntryPoint\",\"urlTemplate\":\"https:\/\/tornyospekseg.staging.ruffnet.hu\/de\/?s={search_term_string}\"},\"query-input\":{\"@type\":\"PropertyValueSpecification\",\"valueRequired\":true,\"valueName\":\"search_term_string\"}}],\"inLanguage\":\"de\"},{\"@type\":\"Organization\",\"@id\":\"https:\/\/tornyospekseg.staging.ruffnet.hu\/de\/#organization\",\"name\":\"Tornyos P\u00e9ks\u00e9g\",\"url\":\"https:\/\/tornyospekseg.staging.ruffnet.hu\/de\/\",\"logo\":{\"@type\":\"ImageObject\",\"inLanguage\":\"de\",\"@id\":\"https:\/\/tornyospekseg.staging.ruffnet.hu\/de\/#\/schema\/logo\/image\/\",\"url\":\"https:\/\/tornyospekseg.staging.ruffnet.hu\/wp-content\/uploads\/2024\/08\/tornyos-color1.svg\",\"contentUrl\":\"https:\/\/tornyospekseg.staging.ruffnet.hu\/wp-content\/uploads\/2024\/08\/tornyos-color1.svg\",\"width\":770,\"height\":134,\"caption\":\"Tornyos P\u00e9ks\u00e9g\"},\"image\":{\"@id\":\"https:\/\/tornyospekseg.staging.ruffnet.hu\/de\/#\/schema\/logo\/image\/\"}}]}<\/script>\n<!-- \/ Yoast SEO plugin. -->","yoast_head_json":{"title":"Tornyos kr\u00e9mkocka - Tornyos P\u00e9ks\u00e9g","robots":{"index":"noindex","follow":"follow","max-snippet":"max-snippet:-1","max-image-preview":"max-image-preview:large","max-video-preview":"max-video-preview:-1"},"og_locale":"de_DE","og_type":"article","og_title":"Tornyos kr\u00e9mkocka - Tornyos P\u00e9ks\u00e9g","og_description":"\u00c1tlagos t\u00e1p\u00e9rt\u00e9kek        Energia: 1017 kJ \/ 243 kcal   Zs\u00edr: \u00a010,48 g   amelyb\u0151l tel\u00edtett zs\u00edrsavak: 6,55 g   Sz\u00e9nhidr\u00e1t: 34,11 g   amelyb\u0151l cukrok: 17,18 g   Feh\u00e9rje: 2,67 g   S\u00f3: 0,59 g                \u00d6sszetev\u0151k     V\u00edz, desszert alap ( cukor, tejsav\u00f3por, m\u00f3dos\u00edtott kem\u00e9ny\u00edt\u0151: E1414, nem hidrog\u00e9nezett p\u00e1lma olaj, emulge\u00e1l\u00f3szer: E472a, s\u0171r\u00edt\u0151anyag: E401, zselatin, sz\u00ednez\u00e9kek: E160a \u00e9s E160c, s\u00f3, \u00edzes\u00edt\u0151anyag), b\u00fazaliszt, leveles margarin (finom\u00edtott n\u00f6v\u00e9nyi olajok \u00e9s zs\u00edrok: p\u00e1lma \u00e9s napraforg\u00f3, v\u00edz, emulge\u00e1l\u00f3szer: E471, s\u00f3, savany\u00fas\u00e1got szab\u00e1lyoz\u00f3 anyag: E330, aroma, sz\u00ednez\u00e9k: E160bi), s\u00fct\u0151margarin (finom\u00edtott n\u00f6v\u00e9nyi olajok \u00e9s zs\u00edrok: k\u00f3kusz, napraforg\u00f3, p\u00e1lma, repce v\u00e1ltoz\u00f3 ar\u00e1nyban, v\u00edz, emulge\u00e1l\u00f3szer: zs\u00edrsavak mono- \u00e9s digliceridjei, s\u00f3, tart\u00f3s\u00edt\u00f3szer: szorbinsav \u00e9s k\u00e1lium-szorb\u00e1t, savany\u00fas\u00e1got szab\u00e1lyoz\u00f3 anyag: citromsav, aroma, sz\u00ednez\u00e9k: karotinok), cukor, s\u00f3, ecet, tart\u00f3s\u00edt\u00f3szer: k\u00e1lium- szorb\u00e1t.       Allerg\u00e9n inform\u00e1ci\u00f3k, GMO inform\u00e1ci\u00f3     A term\u00e9k tartalmaz: glut\u00e9nt, tejet. Nyomokban tartalmazhat sz\u00f3ja, toj\u00e1s, csonth\u00e9jas term\u00e9s, f\u00f6ldimogyor\u00f3, csillagf\u00fcrt \u00e9s szez\u00e1mmag sz\u00e1rmaz\u00e9kait. Az \u00e9lelmiszer el\u0151\u00e1ll\u00edt\u00e1s\u00e1hoz g\u00e9ntechnol\u00f3gi\u00e1val m\u00f3dos\u00edtott szervezetet, anyagot nem haszn\u00e1lunk.           Nett\u00f3 mennyis\u00e9g     290 g","og_url":"https:\/\/tornyospekseg.staging.ruffnet.hu\/de\/termek\/tornyos-kremkocka\/","og_site_name":"Tornyos P\u00e9ks\u00e9g","article_modified_time":"2024-10-28T14:29:03+00:00","og_image":[{"width":1500,"height":1500,"url":"https:\/\/tornyospekseg.staging.ruffnet.hu\/wp-content\/uploads\/2024\/10\/tornyos-kremkocka-3.jpg","type":"image\/jpeg"}],"twitter_card":"summary_large_image","twitter_misc":{"Gesch\u00e4tzte Lesezeit":"1\u00a0Minute"},"schema":{"@context":"https:\/\/schema.org","@graph":[{"@type":"WebPage","@id":"https:\/\/tornyospekseg.staging.ruffnet.hu\/de\/termek\/tornyos-kremkocka\/","url":"https:\/\/tornyospekseg.staging.ruffnet.hu\/de\/termek\/tornyos-kremkocka\/","name":"Tornyos kr\u00e9mkocka - Tornyos P\u00e9ks\u00e9g","isPartOf":{"@id":"https:\/\/tornyospekseg.staging.ruffnet.hu\/de\/#website"},"primaryImageOfPage":{"@id":"https:\/\/tornyospekseg.staging.ruffnet.hu\/de\/termek\/tornyos-kremkocka\/#primaryimage"},"image":{"@id":"https:\/\/tornyospekseg.staging.ruffnet.hu\/de\/termek\/tornyos-kremkocka\/#primaryimage"},"thumbnailUrl":"https:\/\/tornyospekseg.staging.ruffnet.hu\/wp-content\/uploads\/2024\/10\/tornyos-kremkocka-3.jpg","datePublished":"2024-10-09T13:53:30+00:00","dateModified":"2024-10-28T14:29:03+00:00","breadcrumb":{"@id":"https:\/\/tornyospekseg.staging.ruffnet.hu\/de\/termek\/tornyos-kremkocka\/#breadcrumb"},"inLanguage":"de","potentialAction":[{"@type":"ReadAction","target":["https:\/\/tornyospekseg.staging.ruffnet.hu\/de\/termek\/tornyos-kremkocka\/"]}]},{"@type":"ImageObject","inLanguage":"de","@id":"https:\/\/tornyospekseg.staging.ruffnet.hu\/de\/termek\/tornyos-kremkocka\/#primaryimage","url":"https:\/\/tornyospekseg.staging.ruffnet.hu\/wp-content\/uploads\/2024\/10\/tornyos-kremkocka-3.jpg","contentUrl":"https:\/\/tornyospekseg.staging.ruffnet.hu\/wp-content\/uploads\/2024\/10\/tornyos-kremkocka-3.jpg","width":1500,"height":1500},{"@type":"BreadcrumbList","@id":"https:\/\/tornyospekseg.staging.ruffnet.hu\/de\/termek\/tornyos-kremkocka\/#breadcrumb","itemListElement":[{"@type":"ListItem","position":1,"name":"Kezd\u0151lap","item":"https:\/\/tornyospekseg.staging.ruffnet.hu\/de\/"},{"@type":"ListItem","position":2,"name":"Produkte","item":"https:\/\/tornyospekseg.staging.ruffnet.hu\/de\/shop\/"},{"@type":"ListItem","position":3,"name":"Tornyos kr\u00e9mkocka"}]},{"@type":"WebSite","@id":"https:\/\/tornyospekseg.staging.ruffnet.hu\/de\/#website","url":"https:\/\/tornyospekseg.staging.ruffnet.hu\/de\/","name":"Tornyos P\u00e9ks\u00e9g","description":"Tele pocak, boldog pocak!","publisher":{"@id":"https:\/\/tornyospekseg.staging.ruffnet.hu\/de\/#organization"},"potentialAction":[{"@type":"SearchAction","target":{"@type":"EntryPoint","urlTemplate":"https:\/\/tornyospekseg.staging.ruffnet.hu\/de\/?s={search_term_string}"},"query-input":{"@type":"PropertyValueSpecification","valueRequired":true,"valueName":"search_term_string"}}],"inLanguage":"de"},{"@type":"Organization","@id":"https:\/\/tornyospekseg.staging.ruffnet.hu\/de\/#organization","name":"Tornyos P\u00e9ks\u00e9g","url":"https:\/\/tornyospekseg.staging.ruffnet.hu\/de\/","logo":{"@type":"ImageObject","inLanguage":"de","@id":"https:\/\/tornyospekseg.staging.ruffnet.hu\/de\/#\/schema\/logo\/image\/","url":"https:\/\/tornyospekseg.staging.ruffnet.hu\/wp-content\/uploads\/2024\/08\/tornyos-color1.svg","contentUrl":"https:\/\/tornyospekseg.staging.ruffnet.hu\/wp-content\/uploads\/2024\/08\/tornyos-color1.svg","width":770,"height":134,"caption":"Tornyos P\u00e9ks\u00e9g"},"image":{"@id":"https:\/\/tornyospekseg.staging.ruffnet.hu\/de\/#\/schema\/logo\/image\/"}}]}},"_links":{"self":[{"href":"https:\/\/tornyospekseg.staging.ruffnet.hu\/de\/wp-json\/wp\/v2\/product\/1799"}],"collection":[{"href":"https:\/\/tornyospekseg.staging.ruffnet.hu\/de\/wp-json\/wp\/v2\/product"}],"about":[{"href":"https:\/\/tornyospekseg.staging.ruffnet.hu\/de\/wp-json\/wp\/v2\/types\/product"}],"replies":[{"embeddable":true,"href":"https:\/\/tornyospekseg.staging.ruffnet.hu\/de\/wp-json\/wp\/v2\/comments?post=1799"}],"wp:featuredmedia":[{"embeddable":true,"href":"https:\/\/tornyospekseg.staging.ruffnet.hu\/de\/wp-json\/wp\/v2\/media\/1912"}],"wp:attachment":[{"href":"https:\/\/tornyospekseg.staging.ruffnet.hu\/de\/wp-json\/wp\/v2\/media?parent=1799"}],"wp:term":[{"taxonomy":"product_cat","embeddable":true,"href":"https:\/\/tornyospekseg.staging.ruffnet.hu\/de\/wp-json\/wp\/v2\/product_cat?post=1799"},{"taxonomy":"product_tag","embeddable":true,"href":"https:\/\/tornyospekseg.staging.ruffnet.hu\/de\/wp-json\/wp\/v2\/product_tag?post=1799"}],"curies":[{"name":"wp","href":"https:\/\/api.w.org\/{rel}","templated":true}]}}