{"id":1800,"date":"2024-10-09T15:55:34","date_gmt":"2024-10-09T13:55:34","guid":{"rendered":"https:\/\/tornyospekseg.staging.ruffnet.hu\/?post_type=product&#038;p=1800"},"modified":"2024-10-28T15:28:52","modified_gmt":"2024-10-28T14:28:52","slug":"tornyos-puncs-szelet","status":"publish","type":"product","link":"https:\/\/tornyospekseg.staging.ruffnet.hu\/de\/termek\/tornyos-puncs-szelet\/","title":{"rendered":"Tornyos puncs szelet"},"content":{"rendered":"","protected":false},"excerpt":{"rendered":"<p><!-- wp:heading {\"level\":3} --><\/p>\n<h3 class=\"wp-block-heading\">\u00c1tlagos t\u00e1p\u00e9rt\u00e9kek<\/h3>\n<p><!-- \/wp:heading --><\/p>\n<p><!-- wp:table --><\/p>\n<figure class=\"wp-block-table\">\n<table class=\"has-fixed-layout\">\n<tbody>\n<tr>\n<td>Energia:<\/td>\n<td>1642 kJ \/ 393 kcal<\/td>\n<\/tr>\n<tr>\n<td>Zs\u00edr:<\/td>\n<td>\u00a015,92 g<\/td>\n<\/tr>\n<tr>\n<td>amelyb\u0151l tel\u00edtett zs\u00edrsavak:<\/td>\n<td>9,1 g<\/td>\n<\/tr>\n<tr>\n<td>Sz\u00e9nhidr\u00e1t:<\/td>\n<td>54,08 g<\/td>\n<\/tr>\n<tr>\n<td>amelyb\u0151l cukrok:<\/td>\n<td>23,17 g<\/td>\n<\/tr>\n<tr>\n<td>Feh\u00e9rje:<\/td>\n<td>6,64 g<\/td>\n<\/tr>\n<tr>\n<td>S\u00f3:<\/td>\n<td>0,34 g<\/td>\n<\/tr>\n<\/tbody>\n<\/table><figcaption><\/figcaption><figcaption class=\"wp-element-caption\"><\/figcaption><\/figure>\n<p><!-- \/wp:table --><\/p>\n<p><!-- wp:separator --><!-- \/wp:paragraph --><\/p>\n<p><!-- wp:separator --><\/p>\n<hr class=\"wp-block-separator has-alpha-channel-opacity\" \/>\n<p><!-- \/wp:separator --><\/p>\n<p><!-- wp:heading {\"level\":3} --><\/p>\n<h3 class=\"wp-block-heading\"><strong>\u00d6sszetev\u0151k<\/strong><\/h3>\n<p><!-- \/wp:heading --><\/p>\n<p><!-- wp:paragraph --><\/p>\n<p>\u00c9desmorzsa (b\u00fazaliszt, cukor, p\u00e1lmazs\u00edr, v\u00edz), margarin (finom\u00edtott n\u00f6v\u00e9nyi olajok \u00e9s zs\u00edrok: k\u00f3kusz, napraforg\u00f3, p\u00e1lma, repce v\u00e1ltoz\u00f3 ar\u00e1nyban, v\u00edz, emulge\u00e1l\u00f3szer: zs\u00edrsavak mono- \u00e9s digliceridjei, s\u00f3, tart\u00f3s\u00edt\u00f3szer: szorbinsav \u00e9s k\u00e1lium-szorb\u00e1t, savany\u00fas\u00e1got szab\u00e1lyoz\u00f3 anyag: citromsav, aroma, sz\u00ednez\u00e9k: karotinok), gy\u00fcm\u00f6lcs\u00edz (almavel\u0151, gl\u00fck\u00f3z- frukt\u00f3zsz\u00f6rp, zsel\u00e9s\u00edt\u0151anyag: pektin, \u00e9tkez\u00e9si sav: citromsav, tart\u00f3s\u00edt\u00f3szer: k\u00e1lium- szorb\u00e1t, aroma, antioxid\u00e1ns: aszkorbinsav, sz\u00ednez\u0151 \u00e9lelmiszer: r\u00e9pa \u00e9s s\u00fct\u0151t\u00f6k), b\u00fazaliszt, toj\u00e1s, cukor, v\u00edz, feh\u00e9r bevon\u00f3 (cukor, r\u00e9szben hidrog\u00e9nezett n\u00f6v\u00e9nyi zs\u00edr: p\u00e1lmamag, \u00e9des tejsav\u00f3por, sov\u00e1ny tejpor, emulge\u00e1l\u00f3szer: sz\u00f3jalecitin, aroma), adal\u00e9kanyag (dextr\u00f3z, b\u00fazakem\u00e9ny\u00edt\u0151, tejsav\u00f3por, t\u00e9rfogatn\u00f6vel\u0151 szerek: E500; E336 \u00e9s E450, emulge\u00e1l\u00f3szerek: E472b \u00e9s E477, sz\u00f3jaliszt, gl\u00fck\u00f3zszirup, sov\u00e1ny tejpor, s\u00f3, tart\u00f3s\u00edt\u00f3szer: E282, zsel\u00e9s\u00edt\u0151 anyagok: E450; E339 \u00e9s E516, \u00e9tkez\u00e9si sav: E330, s\u0171r\u00edt\u0151anyag: E401, aroma), kaka\u00f3por, s\u00e1rgabarackos t\u00f6ltel\u00e9k (gl\u00fck\u00f3z- frukt\u00f3zszirup, almap\u00fcr\u00e9, cukor, s\u00e1rgabarackp\u00fcr\u00e9, m\u00f3dos\u00edtott kem\u00e9ny\u00edt\u0151: E1442, s\u0171r\u00edt\u0151 anyagok: E460 \u00e9s E415, \u00e9tkez\u00e9si sav: E330, aroma, tart\u00f3s\u00edt\u00f3szer: E202, feketer\u00e9pa koncentr\u00e1tum, sz\u00ednez\u00e9k: E160a, v\u00edz), zs\u00edros tejpor, rumaroma (term\u00e9szetes aromaanyagok, v\u00edz, hordoz\u00f3: E1520, rum, karamellszirup, s\u0171r\u00edt\u0151anyag: E413), \u00e9tolaj, puncs aroma (term\u00e9szetes aromaanyagok, f\u00fcstarom\u00e1k, etil- alkohol, hordoz\u00f3: propil\u00e9n- glikol, v\u00edz, antioxid\u00e1nsok: BHA \u00e9s aszkorbinsav)<\/p>\n<p><!-- wp:separator --><\/p>\n<hr class=\"wp-block-separator has-alpha-channel-opacity\" \/>\n<p><!-- \/wp:separator --><\/p>\n<h3 class=\"wp-block-heading\">Allerg\u00e9n inform\u00e1ci\u00f3k, GMO inform\u00e1ci\u00f3<\/h3>\n<p><!-- \/wp:heading --><\/p>\n<p><!-- wp:paragraph --><\/p>\n<p>A term\u00e9k tartalmaz: glut\u00e9nt, sz\u00f3j\u00e1t, tejet, toj\u00e1st. Nyomokban tartalmazhat csonth\u00e9jas term\u00e9s, f\u00f6ldimogyor\u00f3, csillagf\u00fcrt \u00e9s szez\u00e1mmag sz\u00e1rmaz\u00e9kait.<br \/>\nAz \u00e9lelmiszer el\u0151\u00e1ll\u00edt\u00e1s\u00e1hoz g\u00e9ntechnol\u00f3gi\u00e1val m\u00f3dos\u00edtott szervezetet, anyagot nem haszn\u00e1lunk.<\/p>\n<p><!-- \/wp:paragraph --><\/p>\n<p><!-- wp:separator --><\/p>\n<hr class=\"wp-block-separator has-alpha-channel-opacity\" \/>\n<p><!-- \/wp:separator --><\/p>\n<p><!-- wp:heading {\"level\":3} --><\/p>\n<h3 class=\"wp-block-heading\"><strong>Nett\u00f3 mennyis\u00e9g<\/strong><\/h3>\n<p><!-- \/wp:heading --><\/p>\n<p><!-- wp:paragraph --><\/p>\n<p>270 g<\/p>\n<p><!-- \/wp:paragraph --><\/p>\n","protected":false},"featured_media":1903,"comment_status":"open","ping_status":"closed","template":"","meta":[],"product_cat":[29],"product_tag":[],"class_list":{"0":"post-1800","1":"product","2":"type-product","3":"status-publish","4":"has-post-thumbnail","6":"product_cat-cukraszati-termekek","8":"first","9":"instock","10":"shipping-taxable","11":"product-type-simple"},"yoast_head":"<!-- This site is optimized with the Yoast SEO plugin v23.6 - https:\/\/yoast.com\/wordpress\/plugins\/seo\/ -->\n<title>Tornyos puncs szelet - Tornyos P\u00e9ks\u00e9g<\/title>\n<meta name=\"robots\" content=\"noindex, follow, max-snippet:-1, max-image-preview:large, max-video-preview:-1\" \/>\n<meta property=\"og:locale\" content=\"de_DE\" \/>\n<meta property=\"og:type\" content=\"article\" \/>\n<meta property=\"og:title\" content=\"Tornyos puncs szelet - Tornyos P\u00e9ks\u00e9g\" \/>\n<meta property=\"og:description\" content=\"\u00c1tlagos t\u00e1p\u00e9rt\u00e9kek        Energia: 1642 kJ \/ 393 kcal   Zs\u00edr: \u00a015,92 g   amelyb\u0151l tel\u00edtett zs\u00edrsavak: 9,1 g   Sz\u00e9nhidr\u00e1t: 54,08 g   amelyb\u0151l cukrok: 23,17 g   Feh\u00e9rje: 6,64 g   S\u00f3: 0,34 g                \u00d6sszetev\u0151k     \u00c9desmorzsa (b\u00fazaliszt, cukor, p\u00e1lmazs\u00edr, v\u00edz), margarin (finom\u00edtott n\u00f6v\u00e9nyi olajok \u00e9s zs\u00edrok: k\u00f3kusz, napraforg\u00f3, p\u00e1lma, repce v\u00e1ltoz\u00f3 ar\u00e1nyban, v\u00edz, emulge\u00e1l\u00f3szer: zs\u00edrsavak mono- \u00e9s digliceridjei, s\u00f3, tart\u00f3s\u00edt\u00f3szer: szorbinsav \u00e9s k\u00e1lium-szorb\u00e1t, savany\u00fas\u00e1got szab\u00e1lyoz\u00f3 anyag: citromsav, aroma, sz\u00ednez\u00e9k: karotinok), gy\u00fcm\u00f6lcs\u00edz (almavel\u0151, gl\u00fck\u00f3z- frukt\u00f3zsz\u00f6rp, zsel\u00e9s\u00edt\u0151anyag: pektin, \u00e9tkez\u00e9si sav: citromsav, tart\u00f3s\u00edt\u00f3szer: k\u00e1lium- szorb\u00e1t, aroma, antioxid\u00e1ns: aszkorbinsav, sz\u00ednez\u0151 \u00e9lelmiszer: r\u00e9pa \u00e9s s\u00fct\u0151t\u00f6k), b\u00fazaliszt, toj\u00e1s, cukor, v\u00edz, feh\u00e9r bevon\u00f3 (cukor, r\u00e9szben hidrog\u00e9nezett n\u00f6v\u00e9nyi zs\u00edr: p\u00e1lmamag, \u00e9des tejsav\u00f3por, sov\u00e1ny tejpor, emulge\u00e1l\u00f3szer: sz\u00f3jalecitin, aroma), adal\u00e9kanyag (dextr\u00f3z, b\u00fazakem\u00e9ny\u00edt\u0151, tejsav\u00f3por, t\u00e9rfogatn\u00f6vel\u0151 szerek: E500; E336 \u00e9s E450, emulge\u00e1l\u00f3szerek: E472b \u00e9s E477, sz\u00f3jaliszt, gl\u00fck\u00f3zszirup, sov\u00e1ny tejpor, s\u00f3, tart\u00f3s\u00edt\u00f3szer: E282, zsel\u00e9s\u00edt\u0151 anyagok: E450; E339 \u00e9s E516, \u00e9tkez\u00e9si sav: E330, s\u0171r\u00edt\u0151anyag: E401, aroma), kaka\u00f3por, s\u00e1rgabarackos t\u00f6ltel\u00e9k (gl\u00fck\u00f3z- frukt\u00f3zszirup, almap\u00fcr\u00e9, cukor, s\u00e1rgabarackp\u00fcr\u00e9, m\u00f3dos\u00edtott kem\u00e9ny\u00edt\u0151: E1442, s\u0171r\u00edt\u0151 anyagok: E460 \u00e9s E415, \u00e9tkez\u00e9si sav: E330, aroma, tart\u00f3s\u00edt\u00f3szer: E202, feketer\u00e9pa koncentr\u00e1tum, sz\u00ednez\u00e9k: E160a, v\u00edz), zs\u00edros tejpor, rumaroma (term\u00e9szetes aromaanyagok, v\u00edz, hordoz\u00f3: E1520, rum, karamellszirup, s\u0171r\u00edt\u0151anyag: E413), \u00e9tolaj, puncs aroma (term\u00e9szetes aromaanyagok, f\u00fcstarom\u00e1k, etil- alkohol, hordoz\u00f3: propil\u00e9n- glikol, v\u00edz, antioxid\u00e1nsok: BHA \u00e9s aszkorbinsav)       Allerg\u00e9n inform\u00e1ci\u00f3k, GMO inform\u00e1ci\u00f3     A term\u00e9k tartalmaz: glut\u00e9nt, sz\u00f3j\u00e1t, tejet, toj\u00e1st. Nyomokban tartalmazhat csonth\u00e9jas term\u00e9s, f\u00f6ldimogyor\u00f3, csillagf\u00fcrt \u00e9s szez\u00e1mmag sz\u00e1rmaz\u00e9kait. Az \u00e9lelmiszer el\u0151\u00e1ll\u00edt\u00e1s\u00e1hoz g\u00e9ntechnol\u00f3gi\u00e1val m\u00f3dos\u00edtott szervezetet, anyagot nem haszn\u00e1lunk.           Nett\u00f3 mennyis\u00e9g     270 g\" \/>\n<meta property=\"og:url\" content=\"https:\/\/tornyospekseg.staging.ruffnet.hu\/de\/termek\/tornyos-puncs-szelet\/\" \/>\n<meta property=\"og:site_name\" content=\"Tornyos P\u00e9ks\u00e9g\" \/>\n<meta property=\"article:modified_time\" content=\"2024-10-28T14:28:52+00:00\" \/>\n<meta property=\"og:image\" content=\"https:\/\/tornyospekseg.staging.ruffnet.hu\/wp-content\/uploads\/2024\/10\/tornyos-puncs-szelet-3.jpg\" \/>\n\t<meta property=\"og:image:width\" content=\"1500\" \/>\n\t<meta property=\"og:image:height\" content=\"1500\" \/>\n\t<meta property=\"og:image:type\" content=\"image\/jpeg\" \/>\n<meta name=\"twitter:card\" content=\"summary_large_image\" \/>\n<meta name=\"twitter:label1\" content=\"Gesch\u00e4tzte Lesezeit\" \/>\n\t<meta name=\"twitter:data1\" content=\"1\u00a0Minute\" \/>\n<script type=\"application\/ld+json\" class=\"yoast-schema-graph\">{\"@context\":\"https:\/\/schema.org\",\"@graph\":[{\"@type\":\"WebPage\",\"@id\":\"https:\/\/tornyospekseg.staging.ruffnet.hu\/de\/termek\/tornyos-puncs-szelet\/\",\"url\":\"https:\/\/tornyospekseg.staging.ruffnet.hu\/de\/termek\/tornyos-puncs-szelet\/\",\"name\":\"Tornyos puncs szelet - Tornyos P\u00e9ks\u00e9g\",\"isPartOf\":{\"@id\":\"https:\/\/tornyospekseg.staging.ruffnet.hu\/de\/#website\"},\"primaryImageOfPage\":{\"@id\":\"https:\/\/tornyospekseg.staging.ruffnet.hu\/de\/termek\/tornyos-puncs-szelet\/#primaryimage\"},\"image\":{\"@id\":\"https:\/\/tornyospekseg.staging.ruffnet.hu\/de\/termek\/tornyos-puncs-szelet\/#primaryimage\"},\"thumbnailUrl\":\"https:\/\/tornyospekseg.staging.ruffnet.hu\/wp-content\/uploads\/2024\/10\/tornyos-puncs-szelet-3.jpg\",\"datePublished\":\"2024-10-09T13:55:34+00:00\",\"dateModified\":\"2024-10-28T14:28:52+00:00\",\"breadcrumb\":{\"@id\":\"https:\/\/tornyospekseg.staging.ruffnet.hu\/de\/termek\/tornyos-puncs-szelet\/#breadcrumb\"},\"inLanguage\":\"de\",\"potentialAction\":[{\"@type\":\"ReadAction\",\"target\":[\"https:\/\/tornyospekseg.staging.ruffnet.hu\/de\/termek\/tornyos-puncs-szelet\/\"]}]},{\"@type\":\"ImageObject\",\"inLanguage\":\"de\",\"@id\":\"https:\/\/tornyospekseg.staging.ruffnet.hu\/de\/termek\/tornyos-puncs-szelet\/#primaryimage\",\"url\":\"https:\/\/tornyospekseg.staging.ruffnet.hu\/wp-content\/uploads\/2024\/10\/tornyos-puncs-szelet-3.jpg\",\"contentUrl\":\"https:\/\/tornyospekseg.staging.ruffnet.hu\/wp-content\/uploads\/2024\/10\/tornyos-puncs-szelet-3.jpg\",\"width\":1500,\"height\":1500},{\"@type\":\"BreadcrumbList\",\"@id\":\"https:\/\/tornyospekseg.staging.ruffnet.hu\/de\/termek\/tornyos-puncs-szelet\/#breadcrumb\",\"itemListElement\":[{\"@type\":\"ListItem\",\"position\":1,\"name\":\"Kezd\u0151lap\",\"item\":\"https:\/\/tornyospekseg.staging.ruffnet.hu\/de\/\"},{\"@type\":\"ListItem\",\"position\":2,\"name\":\"Produkte\",\"item\":\"https:\/\/tornyospekseg.staging.ruffnet.hu\/de\/shop\/\"},{\"@type\":\"ListItem\",\"position\":3,\"name\":\"Tornyos puncs szelet\"}]},{\"@type\":\"WebSite\",\"@id\":\"https:\/\/tornyospekseg.staging.ruffnet.hu\/de\/#website\",\"url\":\"https:\/\/tornyospekseg.staging.ruffnet.hu\/de\/\",\"name\":\"Tornyos P\u00e9ks\u00e9g\",\"description\":\"Tele pocak, boldog pocak!\",\"publisher\":{\"@id\":\"https:\/\/tornyospekseg.staging.ruffnet.hu\/de\/#organization\"},\"potentialAction\":[{\"@type\":\"SearchAction\",\"target\":{\"@type\":\"EntryPoint\",\"urlTemplate\":\"https:\/\/tornyospekseg.staging.ruffnet.hu\/de\/?s={search_term_string}\"},\"query-input\":{\"@type\":\"PropertyValueSpecification\",\"valueRequired\":true,\"valueName\":\"search_term_string\"}}],\"inLanguage\":\"de\"},{\"@type\":\"Organization\",\"@id\":\"https:\/\/tornyospekseg.staging.ruffnet.hu\/de\/#organization\",\"name\":\"Tornyos P\u00e9ks\u00e9g\",\"url\":\"https:\/\/tornyospekseg.staging.ruffnet.hu\/de\/\",\"logo\":{\"@type\":\"ImageObject\",\"inLanguage\":\"de\",\"@id\":\"https:\/\/tornyospekseg.staging.ruffnet.hu\/de\/#\/schema\/logo\/image\/\",\"url\":\"https:\/\/tornyospekseg.staging.ruffnet.hu\/wp-content\/uploads\/2024\/08\/tornyos-color1.svg\",\"contentUrl\":\"https:\/\/tornyospekseg.staging.ruffnet.hu\/wp-content\/uploads\/2024\/08\/tornyos-color1.svg\",\"width\":770,\"height\":134,\"caption\":\"Tornyos P\u00e9ks\u00e9g\"},\"image\":{\"@id\":\"https:\/\/tornyospekseg.staging.ruffnet.hu\/de\/#\/schema\/logo\/image\/\"}}]}<\/script>\n<!-- \/ Yoast SEO plugin. -->","yoast_head_json":{"title":"Tornyos puncs szelet - Tornyos P\u00e9ks\u00e9g","robots":{"index":"noindex","follow":"follow","max-snippet":"max-snippet:-1","max-image-preview":"max-image-preview:large","max-video-preview":"max-video-preview:-1"},"og_locale":"de_DE","og_type":"article","og_title":"Tornyos puncs szelet - Tornyos P\u00e9ks\u00e9g","og_description":"\u00c1tlagos t\u00e1p\u00e9rt\u00e9kek        Energia: 1642 kJ \/ 393 kcal   Zs\u00edr: \u00a015,92 g   amelyb\u0151l tel\u00edtett zs\u00edrsavak: 9,1 g   Sz\u00e9nhidr\u00e1t: 54,08 g   amelyb\u0151l cukrok: 23,17 g   Feh\u00e9rje: 6,64 g   S\u00f3: 0,34 g                \u00d6sszetev\u0151k     \u00c9desmorzsa (b\u00fazaliszt, cukor, p\u00e1lmazs\u00edr, v\u00edz), margarin (finom\u00edtott n\u00f6v\u00e9nyi olajok \u00e9s zs\u00edrok: k\u00f3kusz, napraforg\u00f3, p\u00e1lma, repce v\u00e1ltoz\u00f3 ar\u00e1nyban, v\u00edz, emulge\u00e1l\u00f3szer: zs\u00edrsavak mono- \u00e9s digliceridjei, s\u00f3, tart\u00f3s\u00edt\u00f3szer: szorbinsav \u00e9s k\u00e1lium-szorb\u00e1t, savany\u00fas\u00e1got szab\u00e1lyoz\u00f3 anyag: citromsav, aroma, sz\u00ednez\u00e9k: karotinok), gy\u00fcm\u00f6lcs\u00edz (almavel\u0151, gl\u00fck\u00f3z- frukt\u00f3zsz\u00f6rp, zsel\u00e9s\u00edt\u0151anyag: pektin, \u00e9tkez\u00e9si sav: citromsav, tart\u00f3s\u00edt\u00f3szer: k\u00e1lium- szorb\u00e1t, aroma, antioxid\u00e1ns: aszkorbinsav, sz\u00ednez\u0151 \u00e9lelmiszer: r\u00e9pa \u00e9s s\u00fct\u0151t\u00f6k), b\u00fazaliszt, toj\u00e1s, cukor, v\u00edz, feh\u00e9r bevon\u00f3 (cukor, r\u00e9szben hidrog\u00e9nezett n\u00f6v\u00e9nyi zs\u00edr: p\u00e1lmamag, \u00e9des tejsav\u00f3por, sov\u00e1ny tejpor, emulge\u00e1l\u00f3szer: sz\u00f3jalecitin, aroma), adal\u00e9kanyag (dextr\u00f3z, b\u00fazakem\u00e9ny\u00edt\u0151, tejsav\u00f3por, t\u00e9rfogatn\u00f6vel\u0151 szerek: E500; E336 \u00e9s E450, emulge\u00e1l\u00f3szerek: E472b \u00e9s E477, sz\u00f3jaliszt, gl\u00fck\u00f3zszirup, sov\u00e1ny tejpor, s\u00f3, tart\u00f3s\u00edt\u00f3szer: E282, zsel\u00e9s\u00edt\u0151 anyagok: E450; E339 \u00e9s E516, \u00e9tkez\u00e9si sav: E330, s\u0171r\u00edt\u0151anyag: E401, aroma), kaka\u00f3por, s\u00e1rgabarackos t\u00f6ltel\u00e9k (gl\u00fck\u00f3z- frukt\u00f3zszirup, almap\u00fcr\u00e9, cukor, s\u00e1rgabarackp\u00fcr\u00e9, m\u00f3dos\u00edtott kem\u00e9ny\u00edt\u0151: E1442, s\u0171r\u00edt\u0151 anyagok: E460 \u00e9s E415, \u00e9tkez\u00e9si sav: E330, aroma, tart\u00f3s\u00edt\u00f3szer: E202, feketer\u00e9pa koncentr\u00e1tum, sz\u00ednez\u00e9k: E160a, v\u00edz), zs\u00edros tejpor, rumaroma (term\u00e9szetes aromaanyagok, v\u00edz, hordoz\u00f3: E1520, rum, karamellszirup, s\u0171r\u00edt\u0151anyag: E413), \u00e9tolaj, puncs aroma (term\u00e9szetes aromaanyagok, f\u00fcstarom\u00e1k, etil- alkohol, hordoz\u00f3: propil\u00e9n- glikol, v\u00edz, antioxid\u00e1nsok: BHA \u00e9s aszkorbinsav)       Allerg\u00e9n inform\u00e1ci\u00f3k, GMO inform\u00e1ci\u00f3     A term\u00e9k tartalmaz: glut\u00e9nt, sz\u00f3j\u00e1t, tejet, toj\u00e1st. Nyomokban tartalmazhat csonth\u00e9jas term\u00e9s, f\u00f6ldimogyor\u00f3, csillagf\u00fcrt \u00e9s szez\u00e1mmag sz\u00e1rmaz\u00e9kait. Az \u00e9lelmiszer el\u0151\u00e1ll\u00edt\u00e1s\u00e1hoz g\u00e9ntechnol\u00f3gi\u00e1val m\u00f3dos\u00edtott szervezetet, anyagot nem haszn\u00e1lunk.           Nett\u00f3 mennyis\u00e9g     270 g","og_url":"https:\/\/tornyospekseg.staging.ruffnet.hu\/de\/termek\/tornyos-puncs-szelet\/","og_site_name":"Tornyos P\u00e9ks\u00e9g","article_modified_time":"2024-10-28T14:28:52+00:00","og_image":[{"width":1500,"height":1500,"url":"https:\/\/tornyospekseg.staging.ruffnet.hu\/wp-content\/uploads\/2024\/10\/tornyos-puncs-szelet-3.jpg","type":"image\/jpeg"}],"twitter_card":"summary_large_image","twitter_misc":{"Gesch\u00e4tzte Lesezeit":"1\u00a0Minute"},"schema":{"@context":"https:\/\/schema.org","@graph":[{"@type":"WebPage","@id":"https:\/\/tornyospekseg.staging.ruffnet.hu\/de\/termek\/tornyos-puncs-szelet\/","url":"https:\/\/tornyospekseg.staging.ruffnet.hu\/de\/termek\/tornyos-puncs-szelet\/","name":"Tornyos puncs szelet - Tornyos P\u00e9ks\u00e9g","isPartOf":{"@id":"https:\/\/tornyospekseg.staging.ruffnet.hu\/de\/#website"},"primaryImageOfPage":{"@id":"https:\/\/tornyospekseg.staging.ruffnet.hu\/de\/termek\/tornyos-puncs-szelet\/#primaryimage"},"image":{"@id":"https:\/\/tornyospekseg.staging.ruffnet.hu\/de\/termek\/tornyos-puncs-szelet\/#primaryimage"},"thumbnailUrl":"https:\/\/tornyospekseg.staging.ruffnet.hu\/wp-content\/uploads\/2024\/10\/tornyos-puncs-szelet-3.jpg","datePublished":"2024-10-09T13:55:34+00:00","dateModified":"2024-10-28T14:28:52+00:00","breadcrumb":{"@id":"https:\/\/tornyospekseg.staging.ruffnet.hu\/de\/termek\/tornyos-puncs-szelet\/#breadcrumb"},"inLanguage":"de","potentialAction":[{"@type":"ReadAction","target":["https:\/\/tornyospekseg.staging.ruffnet.hu\/de\/termek\/tornyos-puncs-szelet\/"]}]},{"@type":"ImageObject","inLanguage":"de","@id":"https:\/\/tornyospekseg.staging.ruffnet.hu\/de\/termek\/tornyos-puncs-szelet\/#primaryimage","url":"https:\/\/tornyospekseg.staging.ruffnet.hu\/wp-content\/uploads\/2024\/10\/tornyos-puncs-szelet-3.jpg","contentUrl":"https:\/\/tornyospekseg.staging.ruffnet.hu\/wp-content\/uploads\/2024\/10\/tornyos-puncs-szelet-3.jpg","width":1500,"height":1500},{"@type":"BreadcrumbList","@id":"https:\/\/tornyospekseg.staging.ruffnet.hu\/de\/termek\/tornyos-puncs-szelet\/#breadcrumb","itemListElement":[{"@type":"ListItem","position":1,"name":"Kezd\u0151lap","item":"https:\/\/tornyospekseg.staging.ruffnet.hu\/de\/"},{"@type":"ListItem","position":2,"name":"Produkte","item":"https:\/\/tornyospekseg.staging.ruffnet.hu\/de\/shop\/"},{"@type":"ListItem","position":3,"name":"Tornyos puncs szelet"}]},{"@type":"WebSite","@id":"https:\/\/tornyospekseg.staging.ruffnet.hu\/de\/#website","url":"https:\/\/tornyospekseg.staging.ruffnet.hu\/de\/","name":"Tornyos P\u00e9ks\u00e9g","description":"Tele pocak, boldog pocak!","publisher":{"@id":"https:\/\/tornyospekseg.staging.ruffnet.hu\/de\/#organization"},"potentialAction":[{"@type":"SearchAction","target":{"@type":"EntryPoint","urlTemplate":"https:\/\/tornyospekseg.staging.ruffnet.hu\/de\/?s={search_term_string}"},"query-input":{"@type":"PropertyValueSpecification","valueRequired":true,"valueName":"search_term_string"}}],"inLanguage":"de"},{"@type":"Organization","@id":"https:\/\/tornyospekseg.staging.ruffnet.hu\/de\/#organization","name":"Tornyos P\u00e9ks\u00e9g","url":"https:\/\/tornyospekseg.staging.ruffnet.hu\/de\/","logo":{"@type":"ImageObject","inLanguage":"de","@id":"https:\/\/tornyospekseg.staging.ruffnet.hu\/de\/#\/schema\/logo\/image\/","url":"https:\/\/tornyospekseg.staging.ruffnet.hu\/wp-content\/uploads\/2024\/08\/tornyos-color1.svg","contentUrl":"https:\/\/tornyospekseg.staging.ruffnet.hu\/wp-content\/uploads\/2024\/08\/tornyos-color1.svg","width":770,"height":134,"caption":"Tornyos P\u00e9ks\u00e9g"},"image":{"@id":"https:\/\/tornyospekseg.staging.ruffnet.hu\/de\/#\/schema\/logo\/image\/"}}]}},"_links":{"self":[{"href":"https:\/\/tornyospekseg.staging.ruffnet.hu\/de\/wp-json\/wp\/v2\/product\/1800"}],"collection":[{"href":"https:\/\/tornyospekseg.staging.ruffnet.hu\/de\/wp-json\/wp\/v2\/product"}],"about":[{"href":"https:\/\/tornyospekseg.staging.ruffnet.hu\/de\/wp-json\/wp\/v2\/types\/product"}],"replies":[{"embeddable":true,"href":"https:\/\/tornyospekseg.staging.ruffnet.hu\/de\/wp-json\/wp\/v2\/comments?post=1800"}],"wp:featuredmedia":[{"embeddable":true,"href":"https:\/\/tornyospekseg.staging.ruffnet.hu\/de\/wp-json\/wp\/v2\/media\/1903"}],"wp:attachment":[{"href":"https:\/\/tornyospekseg.staging.ruffnet.hu\/de\/wp-json\/wp\/v2\/media?parent=1800"}],"wp:term":[{"taxonomy":"product_cat","embeddable":true,"href":"https:\/\/tornyospekseg.staging.ruffnet.hu\/de\/wp-json\/wp\/v2\/product_cat?post=1800"},{"taxonomy":"product_tag","embeddable":true,"href":"https:\/\/tornyospekseg.staging.ruffnet.hu\/de\/wp-json\/wp\/v2\/product_tag?post=1800"}],"curies":[{"name":"wp","href":"https:\/\/api.w.org\/{rel}","templated":true}]}}