{"id":1801,"date":"2024-10-09T15:56:52","date_gmt":"2024-10-09T13:56:52","guid":{"rendered":"https:\/\/tornyospekseg.staging.ruffnet.hu\/?post_type=product&#038;p=1801"},"modified":"2024-10-28T15:28:42","modified_gmt":"2024-10-28T14:28:42","slug":"tornyos-piskotatekercs","status":"publish","type":"product","link":"https:\/\/tornyospekseg.staging.ruffnet.hu\/de\/termek\/tornyos-piskotatekercs\/","title":{"rendered":"Tornyos pisk\u00f3tatekercs"},"content":{"rendered":"","protected":false},"excerpt":{"rendered":"","protected":false},"featured_media":1894,"comment_status":"open","ping_status":"closed","template":"","meta":[],"product_cat":[29],"product_tag":[],"class_list":{"0":"post-1801","1":"product","2":"type-product","3":"status-publish","4":"has-post-thumbnail","6":"product_cat-cukraszati-termekek","8":"first","9":"instock","10":"shipping-taxable","11":"product-type-simple"},"yoast_head":"<!-- This site is optimized with the Yoast SEO plugin v23.6 - https:\/\/yoast.com\/wordpress\/plugins\/seo\/ -->\n<title>Tornyos pisk\u00f3tatekercs - Tornyos P\u00e9ks\u00e9g<\/title>\n<meta name=\"robots\" content=\"noindex, follow, max-snippet:-1, max-image-preview:large, max-video-preview:-1\" \/>\n<meta property=\"og:locale\" content=\"de_DE\" \/>\n<meta property=\"og:type\" content=\"article\" \/>\n<meta property=\"og:title\" content=\"Tornyos pisk\u00f3tatekercs - Tornyos P\u00e9ks\u00e9g\" \/>\n<meta property=\"og:url\" content=\"https:\/\/tornyospekseg.staging.ruffnet.hu\/de\/termek\/tornyos-piskotatekercs\/\" \/>\n<meta property=\"og:site_name\" content=\"Tornyos P\u00e9ks\u00e9g\" \/>\n<meta property=\"article:modified_time\" content=\"2024-10-28T14:28:42+00:00\" \/>\n<meta property=\"og:image\" content=\"https:\/\/tornyospekseg.staging.ruffnet.hu\/wp-content\/uploads\/2024\/10\/tornyos-piskotatekercs-3.jpg\" \/>\n\t<meta property=\"og:image:width\" content=\"1500\" \/>\n\t<meta property=\"og:image:height\" content=\"1500\" \/>\n\t<meta property=\"og:image:type\" content=\"image\/jpeg\" \/>\n<meta name=\"twitter:card\" content=\"summary_large_image\" \/>\n<meta name=\"twitter:label1\" content=\"Gesch\u00e4tzte Lesezeit\" \/>\n\t<meta name=\"twitter:data1\" content=\"1\u00a0Minute\" \/>\n<script type=\"application\/ld+json\" class=\"yoast-schema-graph\">{\"@context\":\"https:\/\/schema.org\",\"@graph\":[{\"@type\":\"WebPage\",\"@id\":\"https:\/\/tornyospekseg.staging.ruffnet.hu\/de\/termek\/tornyos-piskotatekercs\/\",\"url\":\"https:\/\/tornyospekseg.staging.ruffnet.hu\/de\/termek\/tornyos-piskotatekercs\/\",\"name\":\"Tornyos pisk\u00f3tatekercs - Tornyos P\u00e9ks\u00e9g\",\"isPartOf\":{\"@id\":\"https:\/\/tornyospekseg.staging.ruffnet.hu\/de\/#website\"},\"primaryImageOfPage\":{\"@id\":\"https:\/\/tornyospekseg.staging.ruffnet.hu\/de\/termek\/tornyos-piskotatekercs\/#primaryimage\"},\"image\":{\"@id\":\"https:\/\/tornyospekseg.staging.ruffnet.hu\/de\/termek\/tornyos-piskotatekercs\/#primaryimage\"},\"thumbnailUrl\":\"https:\/\/tornyospekseg.staging.ruffnet.hu\/wp-content\/uploads\/2024\/10\/tornyos-piskotatekercs-3.jpg\",\"datePublished\":\"2024-10-09T13:56:52+00:00\",\"dateModified\":\"2024-10-28T14:28:42+00:00\",\"breadcrumb\":{\"@id\":\"https:\/\/tornyospekseg.staging.ruffnet.hu\/de\/termek\/tornyos-piskotatekercs\/#breadcrumb\"},\"inLanguage\":\"de\",\"potentialAction\":[{\"@type\":\"ReadAction\",\"target\":[\"https:\/\/tornyospekseg.staging.ruffnet.hu\/de\/termek\/tornyos-piskotatekercs\/\"]}]},{\"@type\":\"ImageObject\",\"inLanguage\":\"de\",\"@id\":\"https:\/\/tornyospekseg.staging.ruffnet.hu\/de\/termek\/tornyos-piskotatekercs\/#primaryimage\",\"url\":\"https:\/\/tornyospekseg.staging.ruffnet.hu\/wp-content\/uploads\/2024\/10\/tornyos-piskotatekercs-3.jpg\",\"contentUrl\":\"https:\/\/tornyospekseg.staging.ruffnet.hu\/wp-content\/uploads\/2024\/10\/tornyos-piskotatekercs-3.jpg\",\"width\":1500,\"height\":1500},{\"@type\":\"BreadcrumbList\",\"@id\":\"https:\/\/tornyospekseg.staging.ruffnet.hu\/de\/termek\/tornyos-piskotatekercs\/#breadcrumb\",\"itemListElement\":[{\"@type\":\"ListItem\",\"position\":1,\"name\":\"Kezd\u0151lap\",\"item\":\"https:\/\/tornyospekseg.staging.ruffnet.hu\/de\/\"},{\"@type\":\"ListItem\",\"position\":2,\"name\":\"Produkte\",\"item\":\"https:\/\/tornyospekseg.staging.ruffnet.hu\/de\/shop\/\"},{\"@type\":\"ListItem\",\"position\":3,\"name\":\"Tornyos pisk\u00f3tatekercs\"}]},{\"@type\":\"WebSite\",\"@id\":\"https:\/\/tornyospekseg.staging.ruffnet.hu\/de\/#website\",\"url\":\"https:\/\/tornyospekseg.staging.ruffnet.hu\/de\/\",\"name\":\"Tornyos P\u00e9ks\u00e9g\",\"description\":\"Tele pocak, boldog pocak!\",\"publisher\":{\"@id\":\"https:\/\/tornyospekseg.staging.ruffnet.hu\/de\/#organization\"},\"potentialAction\":[{\"@type\":\"SearchAction\",\"target\":{\"@type\":\"EntryPoint\",\"urlTemplate\":\"https:\/\/tornyospekseg.staging.ruffnet.hu\/de\/?s={search_term_string}\"},\"query-input\":{\"@type\":\"PropertyValueSpecification\",\"valueRequired\":true,\"valueName\":\"search_term_string\"}}],\"inLanguage\":\"de\"},{\"@type\":\"Organization\",\"@id\":\"https:\/\/tornyospekseg.staging.ruffnet.hu\/de\/#organization\",\"name\":\"Tornyos P\u00e9ks\u00e9g\",\"url\":\"https:\/\/tornyospekseg.staging.ruffnet.hu\/de\/\",\"logo\":{\"@type\":\"ImageObject\",\"inLanguage\":\"de\",\"@id\":\"https:\/\/tornyospekseg.staging.ruffnet.hu\/de\/#\/schema\/logo\/image\/\",\"url\":\"https:\/\/tornyospekseg.staging.ruffnet.hu\/wp-content\/uploads\/2024\/08\/tornyos-color1.svg\",\"contentUrl\":\"https:\/\/tornyospekseg.staging.ruffnet.hu\/wp-content\/uploads\/2024\/08\/tornyos-color1.svg\",\"width\":770,\"height\":134,\"caption\":\"Tornyos P\u00e9ks\u00e9g\"},\"image\":{\"@id\":\"https:\/\/tornyospekseg.staging.ruffnet.hu\/de\/#\/schema\/logo\/image\/\"}}]}<\/script>\n<!-- \/ Yoast SEO plugin. -->","yoast_head_json":{"title":"Tornyos pisk\u00f3tatekercs - Tornyos P\u00e9ks\u00e9g","robots":{"index":"noindex","follow":"follow","max-snippet":"max-snippet:-1","max-image-preview":"max-image-preview:large","max-video-preview":"max-video-preview:-1"},"og_locale":"de_DE","og_type":"article","og_title":"Tornyos pisk\u00f3tatekercs - Tornyos P\u00e9ks\u00e9g","og_url":"https:\/\/tornyospekseg.staging.ruffnet.hu\/de\/termek\/tornyos-piskotatekercs\/","og_site_name":"Tornyos P\u00e9ks\u00e9g","article_modified_time":"2024-10-28T14:28:42+00:00","og_image":[{"width":1500,"height":1500,"url":"https:\/\/tornyospekseg.staging.ruffnet.hu\/wp-content\/uploads\/2024\/10\/tornyos-piskotatekercs-3.jpg","type":"image\/jpeg"}],"twitter_card":"summary_large_image","twitter_misc":{"Gesch\u00e4tzte Lesezeit":"1\u00a0Minute"},"schema":{"@context":"https:\/\/schema.org","@graph":[{"@type":"WebPage","@id":"https:\/\/tornyospekseg.staging.ruffnet.hu\/de\/termek\/tornyos-piskotatekercs\/","url":"https:\/\/tornyospekseg.staging.ruffnet.hu\/de\/termek\/tornyos-piskotatekercs\/","name":"Tornyos pisk\u00f3tatekercs - Tornyos P\u00e9ks\u00e9g","isPartOf":{"@id":"https:\/\/tornyospekseg.staging.ruffnet.hu\/de\/#website"},"primaryImageOfPage":{"@id":"https:\/\/tornyospekseg.staging.ruffnet.hu\/de\/termek\/tornyos-piskotatekercs\/#primaryimage"},"image":{"@id":"https:\/\/tornyospekseg.staging.ruffnet.hu\/de\/termek\/tornyos-piskotatekercs\/#primaryimage"},"thumbnailUrl":"https:\/\/tornyospekseg.staging.ruffnet.hu\/wp-content\/uploads\/2024\/10\/tornyos-piskotatekercs-3.jpg","datePublished":"2024-10-09T13:56:52+00:00","dateModified":"2024-10-28T14:28:42+00:00","breadcrumb":{"@id":"https:\/\/tornyospekseg.staging.ruffnet.hu\/de\/termek\/tornyos-piskotatekercs\/#breadcrumb"},"inLanguage":"de","potentialAction":[{"@type":"ReadAction","target":["https:\/\/tornyospekseg.staging.ruffnet.hu\/de\/termek\/tornyos-piskotatekercs\/"]}]},{"@type":"ImageObject","inLanguage":"de","@id":"https:\/\/tornyospekseg.staging.ruffnet.hu\/de\/termek\/tornyos-piskotatekercs\/#primaryimage","url":"https:\/\/tornyospekseg.staging.ruffnet.hu\/wp-content\/uploads\/2024\/10\/tornyos-piskotatekercs-3.jpg","contentUrl":"https:\/\/tornyospekseg.staging.ruffnet.hu\/wp-content\/uploads\/2024\/10\/tornyos-piskotatekercs-3.jpg","width":1500,"height":1500},{"@type":"BreadcrumbList","@id":"https:\/\/tornyospekseg.staging.ruffnet.hu\/de\/termek\/tornyos-piskotatekercs\/#breadcrumb","itemListElement":[{"@type":"ListItem","position":1,"name":"Kezd\u0151lap","item":"https:\/\/tornyospekseg.staging.ruffnet.hu\/de\/"},{"@type":"ListItem","position":2,"name":"Produkte","item":"https:\/\/tornyospekseg.staging.ruffnet.hu\/de\/shop\/"},{"@type":"ListItem","position":3,"name":"Tornyos pisk\u00f3tatekercs"}]},{"@type":"WebSite","@id":"https:\/\/tornyospekseg.staging.ruffnet.hu\/de\/#website","url":"https:\/\/tornyospekseg.staging.ruffnet.hu\/de\/","name":"Tornyos P\u00e9ks\u00e9g","description":"Tele pocak, boldog pocak!","publisher":{"@id":"https:\/\/tornyospekseg.staging.ruffnet.hu\/de\/#organization"},"potentialAction":[{"@type":"SearchAction","target":{"@type":"EntryPoint","urlTemplate":"https:\/\/tornyospekseg.staging.ruffnet.hu\/de\/?s={search_term_string}"},"query-input":{"@type":"PropertyValueSpecification","valueRequired":true,"valueName":"search_term_string"}}],"inLanguage":"de"},{"@type":"Organization","@id":"https:\/\/tornyospekseg.staging.ruffnet.hu\/de\/#organization","name":"Tornyos P\u00e9ks\u00e9g","url":"https:\/\/tornyospekseg.staging.ruffnet.hu\/de\/","logo":{"@type":"ImageObject","inLanguage":"de","@id":"https:\/\/tornyospekseg.staging.ruffnet.hu\/de\/#\/schema\/logo\/image\/","url":"https:\/\/tornyospekseg.staging.ruffnet.hu\/wp-content\/uploads\/2024\/08\/tornyos-color1.svg","contentUrl":"https:\/\/tornyospekseg.staging.ruffnet.hu\/wp-content\/uploads\/2024\/08\/tornyos-color1.svg","width":770,"height":134,"caption":"Tornyos P\u00e9ks\u00e9g"},"image":{"@id":"https:\/\/tornyospekseg.staging.ruffnet.hu\/de\/#\/schema\/logo\/image\/"}}]}},"_links":{"self":[{"href":"https:\/\/tornyospekseg.staging.ruffnet.hu\/de\/wp-json\/wp\/v2\/product\/1801"}],"collection":[{"href":"https:\/\/tornyospekseg.staging.ruffnet.hu\/de\/wp-json\/wp\/v2\/product"}],"about":[{"href":"https:\/\/tornyospekseg.staging.ruffnet.hu\/de\/wp-json\/wp\/v2\/types\/product"}],"replies":[{"embeddable":true,"href":"https:\/\/tornyospekseg.staging.ruffnet.hu\/de\/wp-json\/wp\/v2\/comments?post=1801"}],"wp:featuredmedia":[{"embeddable":true,"href":"https:\/\/tornyospekseg.staging.ruffnet.hu\/de\/wp-json\/wp\/v2\/media\/1894"}],"wp:attachment":[{"href":"https:\/\/tornyospekseg.staging.ruffnet.hu\/de\/wp-json\/wp\/v2\/media?parent=1801"}],"wp:term":[{"taxonomy":"product_cat","embeddable":true,"href":"https:\/\/tornyospekseg.staging.ruffnet.hu\/de\/wp-json\/wp\/v2\/product_cat?post=1801"},{"taxonomy":"product_tag","embeddable":true,"href":"https:\/\/tornyospekseg.staging.ruffnet.hu\/de\/wp-json\/wp\/v2\/product_tag?post=1801"}],"curies":[{"name":"wp","href":"https:\/\/api.w.org\/{rel}","templated":true}]}}