{"id":1808,"date":"2024-10-10T09:52:51","date_gmt":"2024-10-10T07:52:51","guid":{"rendered":"https:\/\/tornyospekseg.staging.ruffnet.hu\/?post_type=product&#038;p=1808"},"modified":"2024-10-29T10:55:10","modified_gmt":"2024-10-29T09:55:10","slug":"tornyos-kremeslap","status":"publish","type":"product","link":"https:\/\/tornyospekseg.staging.ruffnet.hu\/de\/termek\/tornyos-kremeslap\/","title":{"rendered":"Tornyos Kr\u00e9meslap"},"content":{"rendered":"","protected":false},"excerpt":{"rendered":"<h3 class=\"wp-block-heading\">\u00c1tlagos t\u00e1p\u00e9rt\u00e9kek<\/h3>\n<p><!-- \/wp:heading --><\/p>\n<p><!-- wp:table --><\/p>\n<figure class=\"wp-block-table\">\n<table class=\"has-fixed-layout\">\n<tbody>\n<tr>\n<td>Energia:<\/td>\n<td>2127kJ \/ 508 kcal<\/td>\n<\/tr>\n<tr>\n<td>Zs\u00edr:<\/td>\n<td>\u00a022,07 g<\/td>\n<\/tr>\n<tr>\n<td>amelyb\u0151l tel\u00edtett zs\u00edrsavak:<\/td>\n<td>11,7 g<\/td>\n<\/tr>\n<tr>\n<td>Sz\u00e9nhidr\u00e1t:<\/td>\n<td>37,2 g<\/td>\n<\/tr>\n<tr>\n<td>amelyb\u0151l cukrok:<\/td>\n<td>2,2 g<\/td>\n<\/tr>\n<tr>\n<td>Feh\u00e9rje:<\/td>\n<td>4,7 g<\/td>\n<\/tr>\n<tr>\n<td>S\u00f3:<\/td>\n<td>0,3 g<\/td>\n<\/tr>\n<\/tbody>\n<\/table><figcaption><\/figcaption><figcaption class=\"wp-element-caption\"><\/figcaption><\/figure>\n<p><!-- \/wp:table --><\/p>\n<p><!-- wp:separator --><!-- \/wp:paragraph --><\/p>\n<p><!-- wp:separator --><\/p>\n<hr class=\"wp-block-separator has-alpha-channel-opacity\" \/>\n<p><!-- \/wp:separator --><\/p>\n<p><!-- wp:heading {\"level\":3} --><\/p>\n<h3 class=\"wp-block-heading\"><strong>\u00d6sszetev\u0151k<\/strong><\/h3>\n<p><!-- \/wp:heading --><\/p>\n<p><!-- wp:paragraph --><\/p>\n<p>B\u00fazaliszt, v\u00edz, margarin (n\u00f6v\u00e9nyi olajok (p\u00e1lma, napraforg\u00f3, repce), v\u00edz, s\u00f3, emulge\u00e1tor E471, antioxid\u00e1ns(E330, E320,E310), tart\u00f3s\u00edt\u00f3szer E202, vaj aroma, szinez\u00e9k E160a)cukor,van\u00edli\u00e1s cukor, emulge\u00e1tor E472e,enzim alfa-amilaz, s\u00f3.<\/p>\n<p><!-- wp:separator --><\/p>\n<hr class=\"wp-block-separator has-alpha-channel-opacity\" \/>\n<p><!-- \/wp:separator --><\/p>\n<h3 class=\"wp-block-heading\">Allerg\u00e9n inform\u00e1ci\u00f3k, GMO inform\u00e1ci\u00f3<\/h3>\n<p><!-- \/wp:heading --><\/p>\n<p><!-- wp:paragraph --><\/p>\n<p>A term\u00e9k tartalmaz: glut\u00e9nt. A term\u00e9k nyomokban tejet, toj\u00e1st, di\u00f3t, szez\u00e1mmagot \u00e9s sz\u00f3j\u00e1t tartalmazhat.<br \/>\nA term\u00e9k GMO mentes alapanyagokb\u00f3l k\u00e9sz\u00fclt, az \u00e9lelmiszert ioniz\u00e1l\u00f3 sug\u00e1rz\u00e1ssal nem kezelj\u00fck<\/p>\n<p><!-- \/wp:paragraph --><\/p>\n<p><!-- wp:separator --><\/p>\n<hr class=\"wp-block-separator has-alpha-channel-opacity\" \/>\n<p><!-- \/wp:separator --><\/p>\n<p><!-- wp:heading {\"level\":3} --><\/p>\n<h3 class=\"wp-block-heading\"><strong>Nett\u00f3 mennyis\u00e9g<\/strong><\/h3>\n<p><!-- \/wp:heading --><\/p>\n<p><!-- wp:paragraph --><\/p>\n<p>400 g<\/p>\n","protected":false},"featured_media":1844,"comment_status":"open","ping_status":"closed","template":"","meta":[],"product_cat":[30],"product_tag":[],"class_list":{"0":"post-1808","1":"product","2":"type-product","3":"status-publish","4":"has-post-thumbnail","6":"product_cat-cukraszati-felkesz-termekek","8":"first","9":"instock","10":"shipping-taxable","11":"product-type-simple"},"yoast_head":"<!-- This site is optimized with the Yoast SEO plugin v23.6 - https:\/\/yoast.com\/wordpress\/plugins\/seo\/ -->\n<title>Tornyos Kr\u00e9meslap - Tornyos P\u00e9ks\u00e9g<\/title>\n<meta name=\"robots\" content=\"noindex, follow, max-snippet:-1, max-image-preview:large, max-video-preview:-1\" \/>\n<meta property=\"og:locale\" content=\"de_DE\" \/>\n<meta property=\"og:type\" content=\"article\" \/>\n<meta property=\"og:title\" content=\"Tornyos Kr\u00e9meslap - Tornyos P\u00e9ks\u00e9g\" \/>\n<meta property=\"og:description\" content=\"\u00c1tlagos t\u00e1p\u00e9rt\u00e9kek        Energia: 2127kJ \/ 508 kcal   Zs\u00edr: \u00a022,07 g   amelyb\u0151l tel\u00edtett zs\u00edrsavak: 11,7 g   Sz\u00e9nhidr\u00e1t: 37,2 g   amelyb\u0151l cukrok: 2,2 g   Feh\u00e9rje: 4,7 g   S\u00f3: 0,3 g                \u00d6sszetev\u0151k     B\u00fazaliszt, v\u00edz, margarin (n\u00f6v\u00e9nyi olajok (p\u00e1lma, napraforg\u00f3, repce), v\u00edz, s\u00f3, emulge\u00e1tor E471, antioxid\u00e1ns(E330, E320,E310), tart\u00f3s\u00edt\u00f3szer E202, vaj aroma, szinez\u00e9k E160a)cukor,van\u00edli\u00e1s cukor, emulge\u00e1tor E472e,enzim alfa-amilaz, s\u00f3.       Allerg\u00e9n inform\u00e1ci\u00f3k, GMO inform\u00e1ci\u00f3     A term\u00e9k tartalmaz: glut\u00e9nt. A term\u00e9k nyomokban tejet, toj\u00e1st, di\u00f3t, szez\u00e1mmagot \u00e9s sz\u00f3j\u00e1t tartalmazhat. A term\u00e9k GMO mentes alapanyagokb\u00f3l k\u00e9sz\u00fclt, az \u00e9lelmiszert ioniz\u00e1l\u00f3 sug\u00e1rz\u00e1ssal nem kezelj\u00fck           Nett\u00f3 mennyis\u00e9g     400 g\" \/>\n<meta property=\"og:url\" content=\"https:\/\/tornyospekseg.staging.ruffnet.hu\/de\/termek\/tornyos-kremeslap\/\" \/>\n<meta property=\"og:site_name\" content=\"Tornyos P\u00e9ks\u00e9g\" \/>\n<meta property=\"article:modified_time\" content=\"2024-10-29T09:55:10+00:00\" \/>\n<meta property=\"og:image\" content=\"https:\/\/tornyospekseg.staging.ruffnet.hu\/wp-content\/uploads\/2024\/10\/tornyos-Kremeslap2.jpg\" \/>\n\t<meta property=\"og:image:width\" content=\"1500\" \/>\n\t<meta property=\"og:image:height\" content=\"1500\" \/>\n\t<meta property=\"og:image:type\" content=\"image\/jpeg\" \/>\n<meta name=\"twitter:card\" content=\"summary_large_image\" \/>\n<meta name=\"twitter:label1\" content=\"Gesch\u00e4tzte Lesezeit\" \/>\n\t<meta name=\"twitter:data1\" content=\"1\u00a0Minute\" \/>\n<script type=\"application\/ld+json\" class=\"yoast-schema-graph\">{\"@context\":\"https:\/\/schema.org\",\"@graph\":[{\"@type\":\"WebPage\",\"@id\":\"https:\/\/tornyospekseg.staging.ruffnet.hu\/de\/termek\/tornyos-kremeslap\/\",\"url\":\"https:\/\/tornyospekseg.staging.ruffnet.hu\/de\/termek\/tornyos-kremeslap\/\",\"name\":\"Tornyos Kr\u00e9meslap - Tornyos P\u00e9ks\u00e9g\",\"isPartOf\":{\"@id\":\"https:\/\/tornyospekseg.staging.ruffnet.hu\/de\/#website\"},\"primaryImageOfPage\":{\"@id\":\"https:\/\/tornyospekseg.staging.ruffnet.hu\/de\/termek\/tornyos-kremeslap\/#primaryimage\"},\"image\":{\"@id\":\"https:\/\/tornyospekseg.staging.ruffnet.hu\/de\/termek\/tornyos-kremeslap\/#primaryimage\"},\"thumbnailUrl\":\"https:\/\/tornyospekseg.staging.ruffnet.hu\/wp-content\/uploads\/2024\/10\/tornyos-Kremeslap2.jpg\",\"datePublished\":\"2024-10-10T07:52:51+00:00\",\"dateModified\":\"2024-10-29T09:55:10+00:00\",\"breadcrumb\":{\"@id\":\"https:\/\/tornyospekseg.staging.ruffnet.hu\/de\/termek\/tornyos-kremeslap\/#breadcrumb\"},\"inLanguage\":\"de\",\"potentialAction\":[{\"@type\":\"ReadAction\",\"target\":[\"https:\/\/tornyospekseg.staging.ruffnet.hu\/de\/termek\/tornyos-kremeslap\/\"]}]},{\"@type\":\"ImageObject\",\"inLanguage\":\"de\",\"@id\":\"https:\/\/tornyospekseg.staging.ruffnet.hu\/de\/termek\/tornyos-kremeslap\/#primaryimage\",\"url\":\"https:\/\/tornyospekseg.staging.ruffnet.hu\/wp-content\/uploads\/2024\/10\/tornyos-Kremeslap2.jpg\",\"contentUrl\":\"https:\/\/tornyospekseg.staging.ruffnet.hu\/wp-content\/uploads\/2024\/10\/tornyos-Kremeslap2.jpg\",\"width\":1500,\"height\":1500},{\"@type\":\"BreadcrumbList\",\"@id\":\"https:\/\/tornyospekseg.staging.ruffnet.hu\/de\/termek\/tornyos-kremeslap\/#breadcrumb\",\"itemListElement\":[{\"@type\":\"ListItem\",\"position\":1,\"name\":\"Kezd\u0151lap\",\"item\":\"https:\/\/tornyospekseg.staging.ruffnet.hu\/de\/\"},{\"@type\":\"ListItem\",\"position\":2,\"name\":\"Produkte\",\"item\":\"https:\/\/tornyospekseg.staging.ruffnet.hu\/de\/shop\/\"},{\"@type\":\"ListItem\",\"position\":3,\"name\":\"Tornyos Kr\u00e9meslap\"}]},{\"@type\":\"WebSite\",\"@id\":\"https:\/\/tornyospekseg.staging.ruffnet.hu\/de\/#website\",\"url\":\"https:\/\/tornyospekseg.staging.ruffnet.hu\/de\/\",\"name\":\"Tornyos P\u00e9ks\u00e9g\",\"description\":\"Tele pocak, boldog pocak!\",\"publisher\":{\"@id\":\"https:\/\/tornyospekseg.staging.ruffnet.hu\/de\/#organization\"},\"potentialAction\":[{\"@type\":\"SearchAction\",\"target\":{\"@type\":\"EntryPoint\",\"urlTemplate\":\"https:\/\/tornyospekseg.staging.ruffnet.hu\/de\/?s={search_term_string}\"},\"query-input\":{\"@type\":\"PropertyValueSpecification\",\"valueRequired\":true,\"valueName\":\"search_term_string\"}}],\"inLanguage\":\"de\"},{\"@type\":\"Organization\",\"@id\":\"https:\/\/tornyospekseg.staging.ruffnet.hu\/de\/#organization\",\"name\":\"Tornyos P\u00e9ks\u00e9g\",\"url\":\"https:\/\/tornyospekseg.staging.ruffnet.hu\/de\/\",\"logo\":{\"@type\":\"ImageObject\",\"inLanguage\":\"de\",\"@id\":\"https:\/\/tornyospekseg.staging.ruffnet.hu\/de\/#\/schema\/logo\/image\/\",\"url\":\"https:\/\/tornyospekseg.staging.ruffnet.hu\/wp-content\/uploads\/2024\/08\/tornyos-color1.svg\",\"contentUrl\":\"https:\/\/tornyospekseg.staging.ruffnet.hu\/wp-content\/uploads\/2024\/08\/tornyos-color1.svg\",\"width\":770,\"height\":134,\"caption\":\"Tornyos P\u00e9ks\u00e9g\"},\"image\":{\"@id\":\"https:\/\/tornyospekseg.staging.ruffnet.hu\/de\/#\/schema\/logo\/image\/\"}}]}<\/script>\n<!-- \/ Yoast SEO plugin. -->","yoast_head_json":{"title":"Tornyos Kr\u00e9meslap - Tornyos P\u00e9ks\u00e9g","robots":{"index":"noindex","follow":"follow","max-snippet":"max-snippet:-1","max-image-preview":"max-image-preview:large","max-video-preview":"max-video-preview:-1"},"og_locale":"de_DE","og_type":"article","og_title":"Tornyos Kr\u00e9meslap - Tornyos P\u00e9ks\u00e9g","og_description":"\u00c1tlagos t\u00e1p\u00e9rt\u00e9kek        Energia: 2127kJ \/ 508 kcal   Zs\u00edr: \u00a022,07 g   amelyb\u0151l tel\u00edtett zs\u00edrsavak: 11,7 g   Sz\u00e9nhidr\u00e1t: 37,2 g   amelyb\u0151l cukrok: 2,2 g   Feh\u00e9rje: 4,7 g   S\u00f3: 0,3 g                \u00d6sszetev\u0151k     B\u00fazaliszt, v\u00edz, margarin (n\u00f6v\u00e9nyi olajok (p\u00e1lma, napraforg\u00f3, repce), v\u00edz, s\u00f3, emulge\u00e1tor E471, antioxid\u00e1ns(E330, E320,E310), tart\u00f3s\u00edt\u00f3szer E202, vaj aroma, szinez\u00e9k E160a)cukor,van\u00edli\u00e1s cukor, emulge\u00e1tor E472e,enzim alfa-amilaz, s\u00f3.       Allerg\u00e9n inform\u00e1ci\u00f3k, GMO inform\u00e1ci\u00f3     A term\u00e9k tartalmaz: glut\u00e9nt. A term\u00e9k nyomokban tejet, toj\u00e1st, di\u00f3t, szez\u00e1mmagot \u00e9s sz\u00f3j\u00e1t tartalmazhat. A term\u00e9k GMO mentes alapanyagokb\u00f3l k\u00e9sz\u00fclt, az \u00e9lelmiszert ioniz\u00e1l\u00f3 sug\u00e1rz\u00e1ssal nem kezelj\u00fck           Nett\u00f3 mennyis\u00e9g     400 g","og_url":"https:\/\/tornyospekseg.staging.ruffnet.hu\/de\/termek\/tornyos-kremeslap\/","og_site_name":"Tornyos P\u00e9ks\u00e9g","article_modified_time":"2024-10-29T09:55:10+00:00","og_image":[{"width":1500,"height":1500,"url":"https:\/\/tornyospekseg.staging.ruffnet.hu\/wp-content\/uploads\/2024\/10\/tornyos-Kremeslap2.jpg","type":"image\/jpeg"}],"twitter_card":"summary_large_image","twitter_misc":{"Gesch\u00e4tzte Lesezeit":"1\u00a0Minute"},"schema":{"@context":"https:\/\/schema.org","@graph":[{"@type":"WebPage","@id":"https:\/\/tornyospekseg.staging.ruffnet.hu\/de\/termek\/tornyos-kremeslap\/","url":"https:\/\/tornyospekseg.staging.ruffnet.hu\/de\/termek\/tornyos-kremeslap\/","name":"Tornyos Kr\u00e9meslap - Tornyos P\u00e9ks\u00e9g","isPartOf":{"@id":"https:\/\/tornyospekseg.staging.ruffnet.hu\/de\/#website"},"primaryImageOfPage":{"@id":"https:\/\/tornyospekseg.staging.ruffnet.hu\/de\/termek\/tornyos-kremeslap\/#primaryimage"},"image":{"@id":"https:\/\/tornyospekseg.staging.ruffnet.hu\/de\/termek\/tornyos-kremeslap\/#primaryimage"},"thumbnailUrl":"https:\/\/tornyospekseg.staging.ruffnet.hu\/wp-content\/uploads\/2024\/10\/tornyos-Kremeslap2.jpg","datePublished":"2024-10-10T07:52:51+00:00","dateModified":"2024-10-29T09:55:10+00:00","breadcrumb":{"@id":"https:\/\/tornyospekseg.staging.ruffnet.hu\/de\/termek\/tornyos-kremeslap\/#breadcrumb"},"inLanguage":"de","potentialAction":[{"@type":"ReadAction","target":["https:\/\/tornyospekseg.staging.ruffnet.hu\/de\/termek\/tornyos-kremeslap\/"]}]},{"@type":"ImageObject","inLanguage":"de","@id":"https:\/\/tornyospekseg.staging.ruffnet.hu\/de\/termek\/tornyos-kremeslap\/#primaryimage","url":"https:\/\/tornyospekseg.staging.ruffnet.hu\/wp-content\/uploads\/2024\/10\/tornyos-Kremeslap2.jpg","contentUrl":"https:\/\/tornyospekseg.staging.ruffnet.hu\/wp-content\/uploads\/2024\/10\/tornyos-Kremeslap2.jpg","width":1500,"height":1500},{"@type":"BreadcrumbList","@id":"https:\/\/tornyospekseg.staging.ruffnet.hu\/de\/termek\/tornyos-kremeslap\/#breadcrumb","itemListElement":[{"@type":"ListItem","position":1,"name":"Kezd\u0151lap","item":"https:\/\/tornyospekseg.staging.ruffnet.hu\/de\/"},{"@type":"ListItem","position":2,"name":"Produkte","item":"https:\/\/tornyospekseg.staging.ruffnet.hu\/de\/shop\/"},{"@type":"ListItem","position":3,"name":"Tornyos Kr\u00e9meslap"}]},{"@type":"WebSite","@id":"https:\/\/tornyospekseg.staging.ruffnet.hu\/de\/#website","url":"https:\/\/tornyospekseg.staging.ruffnet.hu\/de\/","name":"Tornyos P\u00e9ks\u00e9g","description":"Tele pocak, boldog pocak!","publisher":{"@id":"https:\/\/tornyospekseg.staging.ruffnet.hu\/de\/#organization"},"potentialAction":[{"@type":"SearchAction","target":{"@type":"EntryPoint","urlTemplate":"https:\/\/tornyospekseg.staging.ruffnet.hu\/de\/?s={search_term_string}"},"query-input":{"@type":"PropertyValueSpecification","valueRequired":true,"valueName":"search_term_string"}}],"inLanguage":"de"},{"@type":"Organization","@id":"https:\/\/tornyospekseg.staging.ruffnet.hu\/de\/#organization","name":"Tornyos P\u00e9ks\u00e9g","url":"https:\/\/tornyospekseg.staging.ruffnet.hu\/de\/","logo":{"@type":"ImageObject","inLanguage":"de","@id":"https:\/\/tornyospekseg.staging.ruffnet.hu\/de\/#\/schema\/logo\/image\/","url":"https:\/\/tornyospekseg.staging.ruffnet.hu\/wp-content\/uploads\/2024\/08\/tornyos-color1.svg","contentUrl":"https:\/\/tornyospekseg.staging.ruffnet.hu\/wp-content\/uploads\/2024\/08\/tornyos-color1.svg","width":770,"height":134,"caption":"Tornyos P\u00e9ks\u00e9g"},"image":{"@id":"https:\/\/tornyospekseg.staging.ruffnet.hu\/de\/#\/schema\/logo\/image\/"}}]}},"_links":{"self":[{"href":"https:\/\/tornyospekseg.staging.ruffnet.hu\/de\/wp-json\/wp\/v2\/product\/1808"}],"collection":[{"href":"https:\/\/tornyospekseg.staging.ruffnet.hu\/de\/wp-json\/wp\/v2\/product"}],"about":[{"href":"https:\/\/tornyospekseg.staging.ruffnet.hu\/de\/wp-json\/wp\/v2\/types\/product"}],"replies":[{"embeddable":true,"href":"https:\/\/tornyospekseg.staging.ruffnet.hu\/de\/wp-json\/wp\/v2\/comments?post=1808"}],"wp:featuredmedia":[{"embeddable":true,"href":"https:\/\/tornyospekseg.staging.ruffnet.hu\/de\/wp-json\/wp\/v2\/media\/1844"}],"wp:attachment":[{"href":"https:\/\/tornyospekseg.staging.ruffnet.hu\/de\/wp-json\/wp\/v2\/media?parent=1808"}],"wp:term":[{"taxonomy":"product_cat","embeddable":true,"href":"https:\/\/tornyospekseg.staging.ruffnet.hu\/de\/wp-json\/wp\/v2\/product_cat?post=1808"},{"taxonomy":"product_tag","embeddable":true,"href":"https:\/\/tornyospekseg.staging.ruffnet.hu\/de\/wp-json\/wp\/v2\/product_tag?post=1808"}],"curies":[{"name":"wp","href":"https:\/\/api.w.org\/{rel}","templated":true}]}}