{"id":612,"date":"2024-08-13T14:04:25","date_gmt":"2024-08-13T12:04:25","guid":{"rendered":"https:\/\/tornyospekseg.staging.ruffnet.hu\/?post_type=product&#038;p=612"},"modified":"2024-10-28T15:31:12","modified_gmt":"2024-10-28T14:31:12","slug":"tornyos-makos-pite","status":"publish","type":"product","link":"https:\/\/tornyospekseg.staging.ruffnet.hu\/de\/termek\/tornyos-makos-pite\/","title":{"rendered":"Tornyos m\u00e1kos pite"},"content":{"rendered":"","protected":false},"excerpt":{"rendered":"<p><!-- wp:heading {\"level\":3} --><\/p>\n<h3 class=\"wp-block-heading\">\u00c1tlagos t\u00e1p\u00e9rt\u00e9kek<\/h3>\n<p><!-- \/wp:heading --><\/p>\n<p><!-- wp:table --><\/p>\n<figure class=\"wp-block-table\">\n<table class=\"has-fixed-layout\">\n<tbody>\n<tr>\n<td>Energia:<\/td>\n<td>1780 kJ \/ 411 kcal<\/td>\n<\/tr>\n<tr>\n<td>Zs\u00edr:<\/td>\n<td>24,3 g<\/td>\n<\/tr>\n<tr>\n<td>amelyb\u0151l tel\u00edtett zs\u00edrsavak:<\/td>\n<td>9,8 g<\/td>\n<\/tr>\n<tr>\n<td>Sz\u00e9nhidr\u00e1t:<\/td>\n<td>45,9 g<\/td>\n<\/tr>\n<tr>\n<td>amelyb\u0151l cukrok:<\/td>\n<td>21,4 g<\/td>\n<\/tr>\n<tr>\n<td>Feh\u00e9rje:<\/td>\n<td>5,2 g<\/td>\n<\/tr>\n<tr>\n<td>S\u00f3:<\/td>\n<td>0,15 g<\/td>\n<\/tr>\n<\/tbody>\n<\/table><figcaption><\/figcaption><figcaption class=\"wp-element-caption\"><\/figcaption><\/figure>\n<p><!-- \/wp:table --><\/p>\n<p><!-- wp:separator --><!-- \/wp:paragraph --><\/p>\n<p><!-- wp:separator --><\/p>\n<hr class=\"wp-block-separator has-alpha-channel-opacity\" \/>\n<p><!-- \/wp:separator --><\/p>\n<p><!-- wp:heading {\"level\":3} --><\/p>\n<h3 class=\"wp-block-heading\"><strong>\u00d6sszetev\u0151k<\/strong><\/h3>\n<p><!-- \/wp:heading --><\/p>\n<p><!-- wp:paragraph --><\/p>\n<p>B\u00daZALISZT (Glut\u00e9n), margarin (n\u00f6v\u00e9nyi zs\u00edrok \u00e9s olajok (p\u00e1lma, k\u00f3kusz, repce, napraforg\u00f3 v\u00e1ltoz\u00f3 ar\u00e1nyban) v\u00edz, teljes m\u00e9rt\u00e9kben hidrog\u00e9nezett n\u00f6v\u00e9nyi zs\u00edr (k\u00f3kusz), vajzs\u00edr (Lakt\u00f3z), emulge\u00e1torok (E322, E471, E472c, E475, E476), tart\u00f3s\u00edt\u00f3szer E202, \u00e9tkez\u00e9si s\u00f3, aroma, savany\u00fas\u00e1got szab\u00e1lyoz\u00f3 anyagok (E330, E331), sz\u00ednez\u00e9k E160a)). Porcukor, v\u00edz, m\u00e1k, (B\u00fazaliszt (Glut\u00e9n), cukor, toj\u00e1spor, csom\u00f3sod\u00e1st \u00e9s les\u00fcl\u00e9st g\u00e1tl\u00f3 szer: E339, E500; tejcukor (Lakt\u00f3z), emulge\u00e1l\u00f3szer: E475, E470 s\u0171r\u00edt\u0151anyag: E415; \u00e9tkez\u00e9si s\u00f3, f\u0171szerek, aroma), \u00e9tolaj, burgonyapehely, eg\u00e9sz toj\u00e1sl\u00e9, van\u00edli\u00e1s cukor (cukor, van\u00ed+lia aroma), term\u00e9szetes citromolaj, kukoricaliszt, dextr\u00f3z, kukoricakem\u00e9ny\u00edt\u0151, sz\u00f3dabikarb\u00f3na, t\u00e9rfogatn\u00f6vel\u0151szer. Na-hidrog\u00e9n-karbon\u00e1t, kukoricakem\u00e9ny\u00edt\u0151, stabiliz\u00e1tor: xanthan, k\u00e1lium-szorb\u00e1t.<\/p>\n<p><!-- wp:separator --><\/p>\n<hr class=\"wp-block-separator has-alpha-channel-opacity\" \/>\n<p><!-- \/wp:separator --><\/p>\n<h3 class=\"wp-block-heading\">Allerg\u00e9n inform\u00e1ci\u00f3k, GMO inform\u00e1ci\u00f3<\/h3>\n<p><!-- \/wp:heading --><\/p>\n<p><!-- wp:paragraph --><\/p>\n<p>A term\u00e9k tartalmaz: glut\u00e9nt, toj\u00e1s, tej \u00e9s abb\u00f3l k\u00e9sz\u00fclt term\u00e9kek (lakt\u00f3z).<br \/>\nNyomokban tartalmazhat sz\u00f3jabab, csonth\u00e9jas gy\u00fcm\u00f6lcs\u00f6k, szez\u00e1mmag \u00e9s sz\u00e1rmaz\u00e9kjait. Az \u00e9lelmiszer el\u0151\u00e1ll\u00edt\u00e1s\u00e1hoz g\u00e9ntechnol\u00f3gi\u00e1val m\u00f3dos\u00edtott szervezetet, anyagot nem haszn\u00e1lunk.<\/p>\n<p><!-- \/wp:paragraph --><\/p>\n<p><!-- wp:separator --><\/p>\n<hr class=\"wp-block-separator has-alpha-channel-opacity\" \/>\n<p><!-- \/wp:separator --><\/p>\n<p><!-- wp:heading {\"level\":3} --><\/p>\n<h3 class=\"wp-block-heading\"><strong>Nett\u00f3 mennyis\u00e9g<\/strong><\/h3>\n<p><!-- \/wp:heading --><\/p>\n<p><!-- wp:paragraph --><\/p>\n<p>350g<\/p>\n<p><!-- \/wp:paragraph --><\/p>\n","protected":false},"featured_media":2005,"comment_status":"closed","ping_status":"closed","template":"","meta":[],"product_cat":[29],"product_tag":[],"class_list":{"0":"post-612","1":"product","2":"type-product","3":"status-publish","4":"has-post-thumbnail","6":"product_cat-cukraszati-termekek","8":"first","9":"instock","10":"shipping-taxable","11":"product-type-simple"},"yoast_head":"<!-- This site is optimized with the Yoast SEO plugin v23.6 - https:\/\/yoast.com\/wordpress\/plugins\/seo\/ -->\n<title>Tornyos m\u00e1kos pite - Tornyos P\u00e9ks\u00e9g<\/title>\n<meta name=\"robots\" content=\"noindex, follow, max-snippet:-1, max-image-preview:large, max-video-preview:-1\" \/>\n<meta property=\"og:locale\" content=\"de_DE\" \/>\n<meta property=\"og:type\" content=\"article\" \/>\n<meta property=\"og:title\" content=\"Tornyos m\u00e1kos pite - Tornyos P\u00e9ks\u00e9g\" \/>\n<meta property=\"og:description\" content=\"\u00c1tlagos t\u00e1p\u00e9rt\u00e9kek        Energia: 1780 kJ \/ 411 kcal   Zs\u00edr: 24,3 g   amelyb\u0151l tel\u00edtett zs\u00edrsavak: 9,8 g   Sz\u00e9nhidr\u00e1t: 45,9 g   amelyb\u0151l cukrok: 21,4 g   Feh\u00e9rje: 5,2 g   S\u00f3: 0,15 g                \u00d6sszetev\u0151k     B\u00daZALISZT (Glut\u00e9n), margarin (n\u00f6v\u00e9nyi zs\u00edrok \u00e9s olajok (p\u00e1lma, k\u00f3kusz, repce, napraforg\u00f3 v\u00e1ltoz\u00f3 ar\u00e1nyban) v\u00edz, teljes m\u00e9rt\u00e9kben hidrog\u00e9nezett n\u00f6v\u00e9nyi zs\u00edr (k\u00f3kusz), vajzs\u00edr (Lakt\u00f3z), emulge\u00e1torok (E322, E471, E472c, E475, E476), tart\u00f3s\u00edt\u00f3szer E202, \u00e9tkez\u00e9si s\u00f3, aroma, savany\u00fas\u00e1got szab\u00e1lyoz\u00f3 anyagok (E330, E331), sz\u00ednez\u00e9k E160a)). Porcukor, v\u00edz, m\u00e1k, (B\u00fazaliszt (Glut\u00e9n), cukor, toj\u00e1spor, csom\u00f3sod\u00e1st \u00e9s les\u00fcl\u00e9st g\u00e1tl\u00f3 szer: E339, E500; tejcukor (Lakt\u00f3z), emulge\u00e1l\u00f3szer: E475, E470 s\u0171r\u00edt\u0151anyag: E415; \u00e9tkez\u00e9si s\u00f3, f\u0171szerek, aroma), \u00e9tolaj, burgonyapehely, eg\u00e9sz toj\u00e1sl\u00e9, van\u00edli\u00e1s cukor (cukor, van\u00ed+lia aroma), term\u00e9szetes citromolaj, kukoricaliszt, dextr\u00f3z, kukoricakem\u00e9ny\u00edt\u0151, sz\u00f3dabikarb\u00f3na, t\u00e9rfogatn\u00f6vel\u0151szer. Na-hidrog\u00e9n-karbon\u00e1t, kukoricakem\u00e9ny\u00edt\u0151, stabiliz\u00e1tor: xanthan, k\u00e1lium-szorb\u00e1t.       Allerg\u00e9n inform\u00e1ci\u00f3k, GMO inform\u00e1ci\u00f3     A term\u00e9k tartalmaz: glut\u00e9nt, toj\u00e1s, tej \u00e9s abb\u00f3l k\u00e9sz\u00fclt term\u00e9kek (lakt\u00f3z). Nyomokban tartalmazhat sz\u00f3jabab, csonth\u00e9jas gy\u00fcm\u00f6lcs\u00f6k, szez\u00e1mmag \u00e9s sz\u00e1rmaz\u00e9kjait. Az \u00e9lelmiszer el\u0151\u00e1ll\u00edt\u00e1s\u00e1hoz g\u00e9ntechnol\u00f3gi\u00e1val m\u00f3dos\u00edtott szervezetet, anyagot nem haszn\u00e1lunk.           Nett\u00f3 mennyis\u00e9g     350g\" \/>\n<meta property=\"og:url\" content=\"https:\/\/tornyospekseg.staging.ruffnet.hu\/de\/termek\/tornyos-makos-pite\/\" \/>\n<meta property=\"og:site_name\" content=\"Tornyos P\u00e9ks\u00e9g\" \/>\n<meta property=\"article:modified_time\" content=\"2024-10-28T14:31:12+00:00\" \/>\n<meta property=\"og:image\" content=\"https:\/\/tornyospekseg.staging.ruffnet.hu\/wp-content\/uploads\/2024\/08\/tornyos-makos-pite-3-.jpg\" \/>\n\t<meta property=\"og:image:width\" content=\"1500\" \/>\n\t<meta property=\"og:image:height\" content=\"1500\" \/>\n\t<meta property=\"og:image:type\" content=\"image\/jpeg\" \/>\n<meta name=\"twitter:card\" content=\"summary_large_image\" \/>\n<meta name=\"twitter:label1\" content=\"Gesch\u00e4tzte Lesezeit\" \/>\n\t<meta name=\"twitter:data1\" content=\"1\u00a0Minute\" \/>\n<script type=\"application\/ld+json\" class=\"yoast-schema-graph\">{\"@context\":\"https:\/\/schema.org\",\"@graph\":[{\"@type\":\"WebPage\",\"@id\":\"https:\/\/tornyospekseg.staging.ruffnet.hu\/de\/termek\/tornyos-makos-pite\/\",\"url\":\"https:\/\/tornyospekseg.staging.ruffnet.hu\/de\/termek\/tornyos-makos-pite\/\",\"name\":\"Tornyos m\u00e1kos pite - Tornyos P\u00e9ks\u00e9g\",\"isPartOf\":{\"@id\":\"https:\/\/tornyospekseg.staging.ruffnet.hu\/de\/#website\"},\"primaryImageOfPage\":{\"@id\":\"https:\/\/tornyospekseg.staging.ruffnet.hu\/de\/termek\/tornyos-makos-pite\/#primaryimage\"},\"image\":{\"@id\":\"https:\/\/tornyospekseg.staging.ruffnet.hu\/de\/termek\/tornyos-makos-pite\/#primaryimage\"},\"thumbnailUrl\":\"https:\/\/tornyospekseg.staging.ruffnet.hu\/wp-content\/uploads\/2024\/08\/tornyos-makos-pite-3-.jpg\",\"datePublished\":\"2024-08-13T12:04:25+00:00\",\"dateModified\":\"2024-10-28T14:31:12+00:00\",\"breadcrumb\":{\"@id\":\"https:\/\/tornyospekseg.staging.ruffnet.hu\/de\/termek\/tornyos-makos-pite\/#breadcrumb\"},\"inLanguage\":\"de\",\"potentialAction\":[{\"@type\":\"ReadAction\",\"target\":[\"https:\/\/tornyospekseg.staging.ruffnet.hu\/de\/termek\/tornyos-makos-pite\/\"]}]},{\"@type\":\"ImageObject\",\"inLanguage\":\"de\",\"@id\":\"https:\/\/tornyospekseg.staging.ruffnet.hu\/de\/termek\/tornyos-makos-pite\/#primaryimage\",\"url\":\"https:\/\/tornyospekseg.staging.ruffnet.hu\/wp-content\/uploads\/2024\/08\/tornyos-makos-pite-3-.jpg\",\"contentUrl\":\"https:\/\/tornyospekseg.staging.ruffnet.hu\/wp-content\/uploads\/2024\/08\/tornyos-makos-pite-3-.jpg\",\"width\":1500,\"height\":1500},{\"@type\":\"BreadcrumbList\",\"@id\":\"https:\/\/tornyospekseg.staging.ruffnet.hu\/de\/termek\/tornyos-makos-pite\/#breadcrumb\",\"itemListElement\":[{\"@type\":\"ListItem\",\"position\":1,\"name\":\"Kezd\u0151lap\",\"item\":\"https:\/\/tornyospekseg.staging.ruffnet.hu\/de\/\"},{\"@type\":\"ListItem\",\"position\":2,\"name\":\"Produkte\",\"item\":\"https:\/\/tornyospekseg.staging.ruffnet.hu\/de\/shop\/\"},{\"@type\":\"ListItem\",\"position\":3,\"name\":\"Tornyos m\u00e1kos pite\"}]},{\"@type\":\"WebSite\",\"@id\":\"https:\/\/tornyospekseg.staging.ruffnet.hu\/de\/#website\",\"url\":\"https:\/\/tornyospekseg.staging.ruffnet.hu\/de\/\",\"name\":\"Tornyos P\u00e9ks\u00e9g\",\"description\":\"Tele pocak, boldog pocak!\",\"publisher\":{\"@id\":\"https:\/\/tornyospekseg.staging.ruffnet.hu\/de\/#organization\"},\"potentialAction\":[{\"@type\":\"SearchAction\",\"target\":{\"@type\":\"EntryPoint\",\"urlTemplate\":\"https:\/\/tornyospekseg.staging.ruffnet.hu\/de\/?s={search_term_string}\"},\"query-input\":{\"@type\":\"PropertyValueSpecification\",\"valueRequired\":true,\"valueName\":\"search_term_string\"}}],\"inLanguage\":\"de\"},{\"@type\":\"Organization\",\"@id\":\"https:\/\/tornyospekseg.staging.ruffnet.hu\/de\/#organization\",\"name\":\"Tornyos P\u00e9ks\u00e9g\",\"url\":\"https:\/\/tornyospekseg.staging.ruffnet.hu\/de\/\",\"logo\":{\"@type\":\"ImageObject\",\"inLanguage\":\"de\",\"@id\":\"https:\/\/tornyospekseg.staging.ruffnet.hu\/de\/#\/schema\/logo\/image\/\",\"url\":\"https:\/\/tornyospekseg.staging.ruffnet.hu\/wp-content\/uploads\/2024\/08\/tornyos-color1.svg\",\"contentUrl\":\"https:\/\/tornyospekseg.staging.ruffnet.hu\/wp-content\/uploads\/2024\/08\/tornyos-color1.svg\",\"width\":770,\"height\":134,\"caption\":\"Tornyos P\u00e9ks\u00e9g\"},\"image\":{\"@id\":\"https:\/\/tornyospekseg.staging.ruffnet.hu\/de\/#\/schema\/logo\/image\/\"}}]}<\/script>\n<!-- \/ Yoast SEO plugin. -->","yoast_head_json":{"title":"Tornyos m\u00e1kos pite - Tornyos P\u00e9ks\u00e9g","robots":{"index":"noindex","follow":"follow","max-snippet":"max-snippet:-1","max-image-preview":"max-image-preview:large","max-video-preview":"max-video-preview:-1"},"og_locale":"de_DE","og_type":"article","og_title":"Tornyos m\u00e1kos pite - Tornyos P\u00e9ks\u00e9g","og_description":"\u00c1tlagos t\u00e1p\u00e9rt\u00e9kek        Energia: 1780 kJ \/ 411 kcal   Zs\u00edr: 24,3 g   amelyb\u0151l tel\u00edtett zs\u00edrsavak: 9,8 g   Sz\u00e9nhidr\u00e1t: 45,9 g   amelyb\u0151l cukrok: 21,4 g   Feh\u00e9rje: 5,2 g   S\u00f3: 0,15 g                \u00d6sszetev\u0151k     B\u00daZALISZT (Glut\u00e9n), margarin (n\u00f6v\u00e9nyi zs\u00edrok \u00e9s olajok (p\u00e1lma, k\u00f3kusz, repce, napraforg\u00f3 v\u00e1ltoz\u00f3 ar\u00e1nyban) v\u00edz, teljes m\u00e9rt\u00e9kben hidrog\u00e9nezett n\u00f6v\u00e9nyi zs\u00edr (k\u00f3kusz), vajzs\u00edr (Lakt\u00f3z), emulge\u00e1torok (E322, E471, E472c, E475, E476), tart\u00f3s\u00edt\u00f3szer E202, \u00e9tkez\u00e9si s\u00f3, aroma, savany\u00fas\u00e1got szab\u00e1lyoz\u00f3 anyagok (E330, E331), sz\u00ednez\u00e9k E160a)). Porcukor, v\u00edz, m\u00e1k, (B\u00fazaliszt (Glut\u00e9n), cukor, toj\u00e1spor, csom\u00f3sod\u00e1st \u00e9s les\u00fcl\u00e9st g\u00e1tl\u00f3 szer: E339, E500; tejcukor (Lakt\u00f3z), emulge\u00e1l\u00f3szer: E475, E470 s\u0171r\u00edt\u0151anyag: E415; \u00e9tkez\u00e9si s\u00f3, f\u0171szerek, aroma), \u00e9tolaj, burgonyapehely, eg\u00e9sz toj\u00e1sl\u00e9, van\u00edli\u00e1s cukor (cukor, van\u00ed+lia aroma), term\u00e9szetes citromolaj, kukoricaliszt, dextr\u00f3z, kukoricakem\u00e9ny\u00edt\u0151, sz\u00f3dabikarb\u00f3na, t\u00e9rfogatn\u00f6vel\u0151szer. Na-hidrog\u00e9n-karbon\u00e1t, kukoricakem\u00e9ny\u00edt\u0151, stabiliz\u00e1tor: xanthan, k\u00e1lium-szorb\u00e1t.       Allerg\u00e9n inform\u00e1ci\u00f3k, GMO inform\u00e1ci\u00f3     A term\u00e9k tartalmaz: glut\u00e9nt, toj\u00e1s, tej \u00e9s abb\u00f3l k\u00e9sz\u00fclt term\u00e9kek (lakt\u00f3z). Nyomokban tartalmazhat sz\u00f3jabab, csonth\u00e9jas gy\u00fcm\u00f6lcs\u00f6k, szez\u00e1mmag \u00e9s sz\u00e1rmaz\u00e9kjait. Az \u00e9lelmiszer el\u0151\u00e1ll\u00edt\u00e1s\u00e1hoz g\u00e9ntechnol\u00f3gi\u00e1val m\u00f3dos\u00edtott szervezetet, anyagot nem haszn\u00e1lunk.           Nett\u00f3 mennyis\u00e9g     350g","og_url":"https:\/\/tornyospekseg.staging.ruffnet.hu\/de\/termek\/tornyos-makos-pite\/","og_site_name":"Tornyos P\u00e9ks\u00e9g","article_modified_time":"2024-10-28T14:31:12+00:00","og_image":[{"width":1500,"height":1500,"url":"https:\/\/tornyospekseg.staging.ruffnet.hu\/wp-content\/uploads\/2024\/08\/tornyos-makos-pite-3-.jpg","type":"image\/jpeg"}],"twitter_card":"summary_large_image","twitter_misc":{"Gesch\u00e4tzte Lesezeit":"1\u00a0Minute"},"schema":{"@context":"https:\/\/schema.org","@graph":[{"@type":"WebPage","@id":"https:\/\/tornyospekseg.staging.ruffnet.hu\/de\/termek\/tornyos-makos-pite\/","url":"https:\/\/tornyospekseg.staging.ruffnet.hu\/de\/termek\/tornyos-makos-pite\/","name":"Tornyos m\u00e1kos pite - Tornyos P\u00e9ks\u00e9g","isPartOf":{"@id":"https:\/\/tornyospekseg.staging.ruffnet.hu\/de\/#website"},"primaryImageOfPage":{"@id":"https:\/\/tornyospekseg.staging.ruffnet.hu\/de\/termek\/tornyos-makos-pite\/#primaryimage"},"image":{"@id":"https:\/\/tornyospekseg.staging.ruffnet.hu\/de\/termek\/tornyos-makos-pite\/#primaryimage"},"thumbnailUrl":"https:\/\/tornyospekseg.staging.ruffnet.hu\/wp-content\/uploads\/2024\/08\/tornyos-makos-pite-3-.jpg","datePublished":"2024-08-13T12:04:25+00:00","dateModified":"2024-10-28T14:31:12+00:00","breadcrumb":{"@id":"https:\/\/tornyospekseg.staging.ruffnet.hu\/de\/termek\/tornyos-makos-pite\/#breadcrumb"},"inLanguage":"de","potentialAction":[{"@type":"ReadAction","target":["https:\/\/tornyospekseg.staging.ruffnet.hu\/de\/termek\/tornyos-makos-pite\/"]}]},{"@type":"ImageObject","inLanguage":"de","@id":"https:\/\/tornyospekseg.staging.ruffnet.hu\/de\/termek\/tornyos-makos-pite\/#primaryimage","url":"https:\/\/tornyospekseg.staging.ruffnet.hu\/wp-content\/uploads\/2024\/08\/tornyos-makos-pite-3-.jpg","contentUrl":"https:\/\/tornyospekseg.staging.ruffnet.hu\/wp-content\/uploads\/2024\/08\/tornyos-makos-pite-3-.jpg","width":1500,"height":1500},{"@type":"BreadcrumbList","@id":"https:\/\/tornyospekseg.staging.ruffnet.hu\/de\/termek\/tornyos-makos-pite\/#breadcrumb","itemListElement":[{"@type":"ListItem","position":1,"name":"Kezd\u0151lap","item":"https:\/\/tornyospekseg.staging.ruffnet.hu\/de\/"},{"@type":"ListItem","position":2,"name":"Produkte","item":"https:\/\/tornyospekseg.staging.ruffnet.hu\/de\/shop\/"},{"@type":"ListItem","position":3,"name":"Tornyos m\u00e1kos pite"}]},{"@type":"WebSite","@id":"https:\/\/tornyospekseg.staging.ruffnet.hu\/de\/#website","url":"https:\/\/tornyospekseg.staging.ruffnet.hu\/de\/","name":"Tornyos P\u00e9ks\u00e9g","description":"Tele pocak, boldog pocak!","publisher":{"@id":"https:\/\/tornyospekseg.staging.ruffnet.hu\/de\/#organization"},"potentialAction":[{"@type":"SearchAction","target":{"@type":"EntryPoint","urlTemplate":"https:\/\/tornyospekseg.staging.ruffnet.hu\/de\/?s={search_term_string}"},"query-input":{"@type":"PropertyValueSpecification","valueRequired":true,"valueName":"search_term_string"}}],"inLanguage":"de"},{"@type":"Organization","@id":"https:\/\/tornyospekseg.staging.ruffnet.hu\/de\/#organization","name":"Tornyos P\u00e9ks\u00e9g","url":"https:\/\/tornyospekseg.staging.ruffnet.hu\/de\/","logo":{"@type":"ImageObject","inLanguage":"de","@id":"https:\/\/tornyospekseg.staging.ruffnet.hu\/de\/#\/schema\/logo\/image\/","url":"https:\/\/tornyospekseg.staging.ruffnet.hu\/wp-content\/uploads\/2024\/08\/tornyos-color1.svg","contentUrl":"https:\/\/tornyospekseg.staging.ruffnet.hu\/wp-content\/uploads\/2024\/08\/tornyos-color1.svg","width":770,"height":134,"caption":"Tornyos P\u00e9ks\u00e9g"},"image":{"@id":"https:\/\/tornyospekseg.staging.ruffnet.hu\/de\/#\/schema\/logo\/image\/"}}]}},"_links":{"self":[{"href":"https:\/\/tornyospekseg.staging.ruffnet.hu\/de\/wp-json\/wp\/v2\/product\/612"}],"collection":[{"href":"https:\/\/tornyospekseg.staging.ruffnet.hu\/de\/wp-json\/wp\/v2\/product"}],"about":[{"href":"https:\/\/tornyospekseg.staging.ruffnet.hu\/de\/wp-json\/wp\/v2\/types\/product"}],"replies":[{"embeddable":true,"href":"https:\/\/tornyospekseg.staging.ruffnet.hu\/de\/wp-json\/wp\/v2\/comments?post=612"}],"wp:featuredmedia":[{"embeddable":true,"href":"https:\/\/tornyospekseg.staging.ruffnet.hu\/de\/wp-json\/wp\/v2\/media\/2005"}],"wp:attachment":[{"href":"https:\/\/tornyospekseg.staging.ruffnet.hu\/de\/wp-json\/wp\/v2\/media?parent=612"}],"wp:term":[{"taxonomy":"product_cat","embeddable":true,"href":"https:\/\/tornyospekseg.staging.ruffnet.hu\/de\/wp-json\/wp\/v2\/product_cat?post=612"},{"taxonomy":"product_tag","embeddable":true,"href":"https:\/\/tornyospekseg.staging.ruffnet.hu\/de\/wp-json\/wp\/v2\/product_tag?post=612"}],"curies":[{"name":"wp","href":"https:\/\/api.w.org\/{rel}","templated":true}]}}