{"id":1796,"date":"2024-10-09T15:46:31","date_gmt":"2024-10-09T13:46:31","guid":{"rendered":"https:\/\/tornyospekseg.staging.ruffnet.hu\/?post_type=product&#038;p=1796"},"modified":"2024-10-28T15:29:38","modified_gmt":"2024-10-28T14:29:38","slug":"tornyos-sacher-szelet","status":"publish","type":"product","link":"https:\/\/tornyospekseg.staging.ruffnet.hu\/en\/termek\/tornyos-sacher-szelet\/","title":{"rendered":"Tornyos sacher szelet"},"content":{"rendered":"","protected":false},"excerpt":{"rendered":"<p><!-- wp:heading {\"level\":3} --><\/p>\n<h3 class=\"wp-block-heading\">\u00c1tlagos t\u00e1p\u00e9rt\u00e9kek<\/h3>\n<p><!-- \/wp:heading --><\/p>\n<p><!-- wp:table --><\/p>\n<figure class=\"wp-block-table\">\n<table class=\"has-fixed-layout\">\n<tbody>\n<tr>\n<td>Energia:<\/td>\n<td>1301 kJ \/ 313 kcal<\/td>\n<\/tr>\n<tr>\n<td>Zs\u00edr:<\/td>\n<td>\u00a018,4 g<\/td>\n<\/tr>\n<tr>\n<td>amelyb\u0151l tel\u00edtett zs\u00edrsavak:<\/td>\n<td>4 g<\/td>\n<\/tr>\n<tr>\n<td>Sz\u00e9nhidr\u00e1t:<\/td>\n<td>42,7 g<\/td>\n<\/tr>\n<tr>\n<td>amelyb\u0151l cukrok:<\/td>\n<td>3,5 g<\/td>\n<\/tr>\n<tr>\n<td>Feh\u00e9rje:<\/td>\n<td>3,5 g<\/td>\n<\/tr>\n<tr>\n<td>S\u00f3:<\/td>\n<td>0,37 g<\/td>\n<\/tr>\n<\/tbody>\n<\/table><figcaption><\/figcaption><figcaption class=\"wp-element-caption\"><\/figcaption><\/figure>\n<p><!-- \/wp:table --><\/p>\n<p><!-- wp:separator --><!-- \/wp:paragraph --><\/p>\n<p><!-- wp:separator --><\/p>\n<hr class=\"wp-block-separator has-alpha-channel-opacity\" \/>\n<p><!-- \/wp:separator --><\/p>\n<p><!-- wp:heading {\"level\":3} --><\/p>\n<h3 class=\"wp-block-heading\"><strong>\u00d6sszetev\u0151k<\/strong><\/h3>\n<p><!-- \/wp:heading --><\/p>\n<p><!-- wp:paragraph --><\/p>\n<p>Maltitol, \u00e9tolaj, DIA-WELL s\u00e1rgabarackt\u00f6ltel\u00e9k (gy\u00fcm\u00f6lcsvel\u0151 42 % (kajszibarack 30 %, alma), \u00e9lelmi rost, frukt\u00f3z, \u00e9des\u00edt\u0151szer: maltit, t\u00f6megn\u00f6vel\u0151szer: polidextr\u00f3z, s\u0171r\u00edt\u0151anyag. pektin, \u00e9tkez\u00e9si sav: citromsav, sz\u00ednez\u00e9k: lutein, carminsav, tart\u00f3s\u00edt\u00f3szer: K\u00e1lium-szorb\u00e1t, aroma, s\u00f3), B\u00daZALISZT (Glut\u00e9n), BROWNIE KONC (b\u00fazaliszt, kaka\u00f3por (f\u00e9lzs\u00edros), nedves\u00edt\u0151szer: szorbit, xant\u00e1n; m\u00f3dos\u00edtott kem\u00e9ny\u00edt\u0151: E1422; t\u00e9rfog atn\u00f6vel\u0151 szer: n\u00e1trium difoszf\u00e1t, n\u00e1trium bikarbon\u00e1t, citromsav; \u00e9tkez\u00e9si s\u00f3,aroma), (Glut\u00e9n),<br \/>\nv\u00edz, teljes toj\u00e1sl\u00e9 (Toj\u00e1s), DIA-WELL bevon\u00f3 massza (\u00e9des\u00edt\u0151szer: maltit,teljes m\u00e9rt\u00e9kben hidrog\u00e9nezett n\u00f6v\u00e9nyi zs\u00edr(p\u00e1lmamag), zs\u00edrszeg\u00e9ny kaka\u00f3por 16 %, emulge\u00e1l\u00f3szer: lecitinek (napraforg\u00f3), E 476, aroma, t\u00e9rfogatn\u00f6vel\u0151szer: Na-hidrog\u00e9n-karbon\u00e1t,kukorica kem\u00e9ny\u00edt\u0151,stabiliz\u00e1tor:xanthan), \u00e9tolaj, s\u00fct\u0151por:( t\u00e9rfogatn\u00f6vel\u0151szer:Na-hidrog\u00e9n-karbon\u00e1t,<br \/>\nkukoricakem\u00e9ny\u00edt\u0151, stabiliz\u00e1tor: xanthan).<\/p>\n<p><!-- wp:separator --><\/p>\n<hr class=\"wp-block-separator has-alpha-channel-opacity\" \/>\n<p><!-- \/wp:separator --><\/p>\n<h3 class=\"wp-block-heading\">Allerg\u00e9n inform\u00e1ci\u00f3k, GMO inform\u00e1ci\u00f3<\/h3>\n<p><!-- \/wp:heading --><\/p>\n<p><!-- wp:paragraph --><\/p>\n<p>A term\u00e9k tartalmaz: glut\u00e9nt, toj\u00e1s. Nyomokban tartalmazhat sz\u00f3jabab, tej \u00e9s abb\u00f3l k\u00e9sz\u00fclt term\u00e9kek (lakt\u00f3z), szez\u00e1mmag sz\u00e1rmaz\u00e9kait, csonth\u00e9jas gy\u00fcm\u00f6lcs\u00f6k.<br \/>\nAz \u00e9lelmiszer el\u0151\u00e1ll\u00edt\u00e1s\u00e1hoz g\u00e9ntechnol\u00f3gi\u00e1val m\u00f3dos\u00edtott szervezetet, anyagot nem haszn\u00e1lunk.<\/p>\n<p><!-- \/wp:paragraph --><\/p>\n<p><!-- wp:separator --><\/p>\n<hr class=\"wp-block-separator has-alpha-channel-opacity\" \/>\n<p><!-- \/wp:separator --><\/p>\n<p><!-- wp:heading {\"level\":3} --><\/p>\n<h3 class=\"wp-block-heading\"><strong>Nett\u00f3 mennyis\u00e9g<\/strong><\/h3>\n<p><!-- \/wp:heading --><\/p>\n<p><!-- wp:paragraph --><\/p>\n<p>200 g<\/p>\n<p><!-- \/wp:paragraph --><\/p>\n","protected":false},"featured_media":1936,"comment_status":"open","ping_status":"closed","template":"","meta":[],"product_cat":[29],"product_tag":[],"class_list":{"0":"post-1796","1":"product","2":"type-product","3":"status-publish","4":"has-post-thumbnail","6":"product_cat-cukraszati-termekek","8":"first","9":"instock","10":"shipping-taxable","11":"product-type-simple"},"yoast_head":"<!-- This site is optimized with the Yoast SEO plugin v23.6 - https:\/\/yoast.com\/wordpress\/plugins\/seo\/ -->\n<title>Tornyos sacher szelet - Tornyos P\u00e9ks\u00e9g<\/title>\n<meta name=\"robots\" content=\"noindex, follow, max-snippet:-1, max-image-preview:large, max-video-preview:-1\" \/>\n<meta property=\"og:locale\" content=\"en_US\" \/>\n<meta property=\"og:type\" content=\"article\" \/>\n<meta property=\"og:title\" content=\"Tornyos sacher szelet - Tornyos P\u00e9ks\u00e9g\" \/>\n<meta property=\"og:description\" content=\"\u00c1tlagos t\u00e1p\u00e9rt\u00e9kek        Energia: 1301 kJ \/ 313 kcal   Zs\u00edr: \u00a018,4 g   amelyb\u0151l tel\u00edtett zs\u00edrsavak: 4 g   Sz\u00e9nhidr\u00e1t: 42,7 g   amelyb\u0151l cukrok: 3,5 g   Feh\u00e9rje: 3,5 g   S\u00f3: 0,37 g                \u00d6sszetev\u0151k     Maltitol, \u00e9tolaj, DIA-WELL s\u00e1rgabarackt\u00f6ltel\u00e9k (gy\u00fcm\u00f6lcsvel\u0151 42 % (kajszibarack 30 %, alma), \u00e9lelmi rost, frukt\u00f3z, \u00e9des\u00edt\u0151szer: maltit, t\u00f6megn\u00f6vel\u0151szer: polidextr\u00f3z, s\u0171r\u00edt\u0151anyag. pektin, \u00e9tkez\u00e9si sav: citromsav, sz\u00ednez\u00e9k: lutein, carminsav, tart\u00f3s\u00edt\u00f3szer: K\u00e1lium-szorb\u00e1t, aroma, s\u00f3), B\u00daZALISZT (Glut\u00e9n), BROWNIE KONC (b\u00fazaliszt, kaka\u00f3por (f\u00e9lzs\u00edros), nedves\u00edt\u0151szer: szorbit, xant\u00e1n; m\u00f3dos\u00edtott kem\u00e9ny\u00edt\u0151: E1422; t\u00e9rfog atn\u00f6vel\u0151 szer: n\u00e1trium difoszf\u00e1t, n\u00e1trium bikarbon\u00e1t, citromsav; \u00e9tkez\u00e9si s\u00f3,aroma), (Glut\u00e9n), v\u00edz, teljes toj\u00e1sl\u00e9 (Toj\u00e1s), DIA-WELL bevon\u00f3 massza (\u00e9des\u00edt\u0151szer: maltit,teljes m\u00e9rt\u00e9kben hidrog\u00e9nezett n\u00f6v\u00e9nyi zs\u00edr(p\u00e1lmamag), zs\u00edrszeg\u00e9ny kaka\u00f3por 16 %, emulge\u00e1l\u00f3szer: lecitinek (napraforg\u00f3), E 476, aroma, t\u00e9rfogatn\u00f6vel\u0151szer: Na-hidrog\u00e9n-karbon\u00e1t,kukorica kem\u00e9ny\u00edt\u0151,stabiliz\u00e1tor:xanthan), \u00e9tolaj, s\u00fct\u0151por:( t\u00e9rfogatn\u00f6vel\u0151szer:Na-hidrog\u00e9n-karbon\u00e1t, kukoricakem\u00e9ny\u00edt\u0151, stabiliz\u00e1tor: xanthan).       Allerg\u00e9n inform\u00e1ci\u00f3k, GMO inform\u00e1ci\u00f3     A term\u00e9k tartalmaz: glut\u00e9nt, toj\u00e1s. Nyomokban tartalmazhat sz\u00f3jabab, tej \u00e9s abb\u00f3l k\u00e9sz\u00fclt term\u00e9kek (lakt\u00f3z), szez\u00e1mmag sz\u00e1rmaz\u00e9kait, csonth\u00e9jas gy\u00fcm\u00f6lcs\u00f6k. Az \u00e9lelmiszer el\u0151\u00e1ll\u00edt\u00e1s\u00e1hoz g\u00e9ntechnol\u00f3gi\u00e1val m\u00f3dos\u00edtott szervezetet, anyagot nem haszn\u00e1lunk.           Nett\u00f3 mennyis\u00e9g     200 g\" \/>\n<meta property=\"og:url\" content=\"https:\/\/tornyospekseg.staging.ruffnet.hu\/en\/termek\/tornyos-sacher-szelet\/\" \/>\n<meta property=\"og:site_name\" content=\"Tornyos P\u00e9ks\u00e9g\" \/>\n<meta property=\"article:modified_time\" content=\"2024-10-28T14:29:38+00:00\" \/>\n<meta property=\"og:image\" content=\"https:\/\/tornyospekseg.staging.ruffnet.hu\/wp-content\/uploads\/2024\/10\/tornyos-sacher-szelet-3.jpg\" \/>\n\t<meta property=\"og:image:width\" content=\"1500\" \/>\n\t<meta property=\"og:image:height\" content=\"1500\" \/>\n\t<meta property=\"og:image:type\" content=\"image\/jpeg\" \/>\n<meta name=\"twitter:card\" content=\"summary_large_image\" \/>\n<meta name=\"twitter:label1\" content=\"Est. reading time\" \/>\n\t<meta name=\"twitter:data1\" content=\"1 minute\" \/>\n<script type=\"application\/ld+json\" class=\"yoast-schema-graph\">{\"@context\":\"https:\/\/schema.org\",\"@graph\":[{\"@type\":\"WebPage\",\"@id\":\"https:\/\/tornyospekseg.staging.ruffnet.hu\/en\/termek\/tornyos-sacher-szelet\/\",\"url\":\"https:\/\/tornyospekseg.staging.ruffnet.hu\/en\/termek\/tornyos-sacher-szelet\/\",\"name\":\"Tornyos sacher szelet - Tornyos P\u00e9ks\u00e9g\",\"isPartOf\":{\"@id\":\"https:\/\/tornyospekseg.staging.ruffnet.hu\/en\/#website\"},\"primaryImageOfPage\":{\"@id\":\"https:\/\/tornyospekseg.staging.ruffnet.hu\/en\/termek\/tornyos-sacher-szelet\/#primaryimage\"},\"image\":{\"@id\":\"https:\/\/tornyospekseg.staging.ruffnet.hu\/en\/termek\/tornyos-sacher-szelet\/#primaryimage\"},\"thumbnailUrl\":\"https:\/\/tornyospekseg.staging.ruffnet.hu\/wp-content\/uploads\/2024\/10\/tornyos-sacher-szelet-3.jpg\",\"datePublished\":\"2024-10-09T13:46:31+00:00\",\"dateModified\":\"2024-10-28T14:29:38+00:00\",\"breadcrumb\":{\"@id\":\"https:\/\/tornyospekseg.staging.ruffnet.hu\/en\/termek\/tornyos-sacher-szelet\/#breadcrumb\"},\"inLanguage\":\"en-US\",\"potentialAction\":[{\"@type\":\"ReadAction\",\"target\":[\"https:\/\/tornyospekseg.staging.ruffnet.hu\/en\/termek\/tornyos-sacher-szelet\/\"]}]},{\"@type\":\"ImageObject\",\"inLanguage\":\"en-US\",\"@id\":\"https:\/\/tornyospekseg.staging.ruffnet.hu\/en\/termek\/tornyos-sacher-szelet\/#primaryimage\",\"url\":\"https:\/\/tornyospekseg.staging.ruffnet.hu\/wp-content\/uploads\/2024\/10\/tornyos-sacher-szelet-3.jpg\",\"contentUrl\":\"https:\/\/tornyospekseg.staging.ruffnet.hu\/wp-content\/uploads\/2024\/10\/tornyos-sacher-szelet-3.jpg\",\"width\":1500,\"height\":1500},{\"@type\":\"BreadcrumbList\",\"@id\":\"https:\/\/tornyospekseg.staging.ruffnet.hu\/en\/termek\/tornyos-sacher-szelet\/#breadcrumb\",\"itemListElement\":[{\"@type\":\"ListItem\",\"position\":1,\"name\":\"Kezd\u0151lap\",\"item\":\"https:\/\/tornyospekseg.staging.ruffnet.hu\/en\/\"},{\"@type\":\"ListItem\",\"position\":2,\"name\":\"Products\",\"item\":\"https:\/\/tornyospekseg.staging.ruffnet.hu\/en\/shop\/\"},{\"@type\":\"ListItem\",\"position\":3,\"name\":\"Tornyos sacher szelet\"}]},{\"@type\":\"WebSite\",\"@id\":\"https:\/\/tornyospekseg.staging.ruffnet.hu\/en\/#website\",\"url\":\"https:\/\/tornyospekseg.staging.ruffnet.hu\/en\/\",\"name\":\"Tornyos P\u00e9ks\u00e9g\",\"description\":\"Tele pocak, boldog pocak!\",\"publisher\":{\"@id\":\"https:\/\/tornyospekseg.staging.ruffnet.hu\/en\/#organization\"},\"potentialAction\":[{\"@type\":\"SearchAction\",\"target\":{\"@type\":\"EntryPoint\",\"urlTemplate\":\"https:\/\/tornyospekseg.staging.ruffnet.hu\/en\/?s={search_term_string}\"},\"query-input\":{\"@type\":\"PropertyValueSpecification\",\"valueRequired\":true,\"valueName\":\"search_term_string\"}}],\"inLanguage\":\"en-US\"},{\"@type\":\"Organization\",\"@id\":\"https:\/\/tornyospekseg.staging.ruffnet.hu\/en\/#organization\",\"name\":\"Tornyos P\u00e9ks\u00e9g\",\"url\":\"https:\/\/tornyospekseg.staging.ruffnet.hu\/en\/\",\"logo\":{\"@type\":\"ImageObject\",\"inLanguage\":\"en-US\",\"@id\":\"https:\/\/tornyospekseg.staging.ruffnet.hu\/en\/#\/schema\/logo\/image\/\",\"url\":\"https:\/\/tornyospekseg.staging.ruffnet.hu\/wp-content\/uploads\/2024\/08\/tornyos-color1.svg\",\"contentUrl\":\"https:\/\/tornyospekseg.staging.ruffnet.hu\/wp-content\/uploads\/2024\/08\/tornyos-color1.svg\",\"width\":770,\"height\":134,\"caption\":\"Tornyos P\u00e9ks\u00e9g\"},\"image\":{\"@id\":\"https:\/\/tornyospekseg.staging.ruffnet.hu\/en\/#\/schema\/logo\/image\/\"}}]}<\/script>\n<!-- \/ Yoast SEO plugin. -->","yoast_head_json":{"title":"Tornyos sacher szelet - Tornyos P\u00e9ks\u00e9g","robots":{"index":"noindex","follow":"follow","max-snippet":"max-snippet:-1","max-image-preview":"max-image-preview:large","max-video-preview":"max-video-preview:-1"},"og_locale":"en_US","og_type":"article","og_title":"Tornyos sacher szelet - Tornyos P\u00e9ks\u00e9g","og_description":"\u00c1tlagos t\u00e1p\u00e9rt\u00e9kek        Energia: 1301 kJ \/ 313 kcal   Zs\u00edr: \u00a018,4 g   amelyb\u0151l tel\u00edtett zs\u00edrsavak: 4 g   Sz\u00e9nhidr\u00e1t: 42,7 g   amelyb\u0151l cukrok: 3,5 g   Feh\u00e9rje: 3,5 g   S\u00f3: 0,37 g                \u00d6sszetev\u0151k     Maltitol, \u00e9tolaj, DIA-WELL s\u00e1rgabarackt\u00f6ltel\u00e9k (gy\u00fcm\u00f6lcsvel\u0151 42 % (kajszibarack 30 %, alma), \u00e9lelmi rost, frukt\u00f3z, \u00e9des\u00edt\u0151szer: maltit, t\u00f6megn\u00f6vel\u0151szer: polidextr\u00f3z, s\u0171r\u00edt\u0151anyag. pektin, \u00e9tkez\u00e9si sav: citromsav, sz\u00ednez\u00e9k: lutein, carminsav, tart\u00f3s\u00edt\u00f3szer: K\u00e1lium-szorb\u00e1t, aroma, s\u00f3), B\u00daZALISZT (Glut\u00e9n), BROWNIE KONC (b\u00fazaliszt, kaka\u00f3por (f\u00e9lzs\u00edros), nedves\u00edt\u0151szer: szorbit, xant\u00e1n; m\u00f3dos\u00edtott kem\u00e9ny\u00edt\u0151: E1422; t\u00e9rfog atn\u00f6vel\u0151 szer: n\u00e1trium difoszf\u00e1t, n\u00e1trium bikarbon\u00e1t, citromsav; \u00e9tkez\u00e9si s\u00f3,aroma), (Glut\u00e9n), v\u00edz, teljes toj\u00e1sl\u00e9 (Toj\u00e1s), DIA-WELL bevon\u00f3 massza (\u00e9des\u00edt\u0151szer: maltit,teljes m\u00e9rt\u00e9kben hidrog\u00e9nezett n\u00f6v\u00e9nyi zs\u00edr(p\u00e1lmamag), zs\u00edrszeg\u00e9ny kaka\u00f3por 16 %, emulge\u00e1l\u00f3szer: lecitinek (napraforg\u00f3), E 476, aroma, t\u00e9rfogatn\u00f6vel\u0151szer: Na-hidrog\u00e9n-karbon\u00e1t,kukorica kem\u00e9ny\u00edt\u0151,stabiliz\u00e1tor:xanthan), \u00e9tolaj, s\u00fct\u0151por:( t\u00e9rfogatn\u00f6vel\u0151szer:Na-hidrog\u00e9n-karbon\u00e1t, kukoricakem\u00e9ny\u00edt\u0151, stabiliz\u00e1tor: xanthan).       Allerg\u00e9n inform\u00e1ci\u00f3k, GMO inform\u00e1ci\u00f3     A term\u00e9k tartalmaz: glut\u00e9nt, toj\u00e1s. Nyomokban tartalmazhat sz\u00f3jabab, tej \u00e9s abb\u00f3l k\u00e9sz\u00fclt term\u00e9kek (lakt\u00f3z), szez\u00e1mmag sz\u00e1rmaz\u00e9kait, csonth\u00e9jas gy\u00fcm\u00f6lcs\u00f6k. Az \u00e9lelmiszer el\u0151\u00e1ll\u00edt\u00e1s\u00e1hoz g\u00e9ntechnol\u00f3gi\u00e1val m\u00f3dos\u00edtott szervezetet, anyagot nem haszn\u00e1lunk.           Nett\u00f3 mennyis\u00e9g     200 g","og_url":"https:\/\/tornyospekseg.staging.ruffnet.hu\/en\/termek\/tornyos-sacher-szelet\/","og_site_name":"Tornyos P\u00e9ks\u00e9g","article_modified_time":"2024-10-28T14:29:38+00:00","og_image":[{"width":1500,"height":1500,"url":"https:\/\/tornyospekseg.staging.ruffnet.hu\/wp-content\/uploads\/2024\/10\/tornyos-sacher-szelet-3.jpg","type":"image\/jpeg"}],"twitter_card":"summary_large_image","twitter_misc":{"Est. reading time":"1 minute"},"schema":{"@context":"https:\/\/schema.org","@graph":[{"@type":"WebPage","@id":"https:\/\/tornyospekseg.staging.ruffnet.hu\/en\/termek\/tornyos-sacher-szelet\/","url":"https:\/\/tornyospekseg.staging.ruffnet.hu\/en\/termek\/tornyos-sacher-szelet\/","name":"Tornyos sacher szelet - Tornyos P\u00e9ks\u00e9g","isPartOf":{"@id":"https:\/\/tornyospekseg.staging.ruffnet.hu\/en\/#website"},"primaryImageOfPage":{"@id":"https:\/\/tornyospekseg.staging.ruffnet.hu\/en\/termek\/tornyos-sacher-szelet\/#primaryimage"},"image":{"@id":"https:\/\/tornyospekseg.staging.ruffnet.hu\/en\/termek\/tornyos-sacher-szelet\/#primaryimage"},"thumbnailUrl":"https:\/\/tornyospekseg.staging.ruffnet.hu\/wp-content\/uploads\/2024\/10\/tornyos-sacher-szelet-3.jpg","datePublished":"2024-10-09T13:46:31+00:00","dateModified":"2024-10-28T14:29:38+00:00","breadcrumb":{"@id":"https:\/\/tornyospekseg.staging.ruffnet.hu\/en\/termek\/tornyos-sacher-szelet\/#breadcrumb"},"inLanguage":"en-US","potentialAction":[{"@type":"ReadAction","target":["https:\/\/tornyospekseg.staging.ruffnet.hu\/en\/termek\/tornyos-sacher-szelet\/"]}]},{"@type":"ImageObject","inLanguage":"en-US","@id":"https:\/\/tornyospekseg.staging.ruffnet.hu\/en\/termek\/tornyos-sacher-szelet\/#primaryimage","url":"https:\/\/tornyospekseg.staging.ruffnet.hu\/wp-content\/uploads\/2024\/10\/tornyos-sacher-szelet-3.jpg","contentUrl":"https:\/\/tornyospekseg.staging.ruffnet.hu\/wp-content\/uploads\/2024\/10\/tornyos-sacher-szelet-3.jpg","width":1500,"height":1500},{"@type":"BreadcrumbList","@id":"https:\/\/tornyospekseg.staging.ruffnet.hu\/en\/termek\/tornyos-sacher-szelet\/#breadcrumb","itemListElement":[{"@type":"ListItem","position":1,"name":"Kezd\u0151lap","item":"https:\/\/tornyospekseg.staging.ruffnet.hu\/en\/"},{"@type":"ListItem","position":2,"name":"Products","item":"https:\/\/tornyospekseg.staging.ruffnet.hu\/en\/shop\/"},{"@type":"ListItem","position":3,"name":"Tornyos sacher szelet"}]},{"@type":"WebSite","@id":"https:\/\/tornyospekseg.staging.ruffnet.hu\/en\/#website","url":"https:\/\/tornyospekseg.staging.ruffnet.hu\/en\/","name":"Tornyos P\u00e9ks\u00e9g","description":"Tele pocak, boldog pocak!","publisher":{"@id":"https:\/\/tornyospekseg.staging.ruffnet.hu\/en\/#organization"},"potentialAction":[{"@type":"SearchAction","target":{"@type":"EntryPoint","urlTemplate":"https:\/\/tornyospekseg.staging.ruffnet.hu\/en\/?s={search_term_string}"},"query-input":{"@type":"PropertyValueSpecification","valueRequired":true,"valueName":"search_term_string"}}],"inLanguage":"en-US"},{"@type":"Organization","@id":"https:\/\/tornyospekseg.staging.ruffnet.hu\/en\/#organization","name":"Tornyos P\u00e9ks\u00e9g","url":"https:\/\/tornyospekseg.staging.ruffnet.hu\/en\/","logo":{"@type":"ImageObject","inLanguage":"en-US","@id":"https:\/\/tornyospekseg.staging.ruffnet.hu\/en\/#\/schema\/logo\/image\/","url":"https:\/\/tornyospekseg.staging.ruffnet.hu\/wp-content\/uploads\/2024\/08\/tornyos-color1.svg","contentUrl":"https:\/\/tornyospekseg.staging.ruffnet.hu\/wp-content\/uploads\/2024\/08\/tornyos-color1.svg","width":770,"height":134,"caption":"Tornyos P\u00e9ks\u00e9g"},"image":{"@id":"https:\/\/tornyospekseg.staging.ruffnet.hu\/en\/#\/schema\/logo\/image\/"}}]}},"_links":{"self":[{"href":"https:\/\/tornyospekseg.staging.ruffnet.hu\/en\/wp-json\/wp\/v2\/product\/1796"}],"collection":[{"href":"https:\/\/tornyospekseg.staging.ruffnet.hu\/en\/wp-json\/wp\/v2\/product"}],"about":[{"href":"https:\/\/tornyospekseg.staging.ruffnet.hu\/en\/wp-json\/wp\/v2\/types\/product"}],"replies":[{"embeddable":true,"href":"https:\/\/tornyospekseg.staging.ruffnet.hu\/en\/wp-json\/wp\/v2\/comments?post=1796"}],"wp:featuredmedia":[{"embeddable":true,"href":"https:\/\/tornyospekseg.staging.ruffnet.hu\/en\/wp-json\/wp\/v2\/media\/1936"}],"wp:attachment":[{"href":"https:\/\/tornyospekseg.staging.ruffnet.hu\/en\/wp-json\/wp\/v2\/media?parent=1796"}],"wp:term":[{"taxonomy":"product_cat","embeddable":true,"href":"https:\/\/tornyospekseg.staging.ruffnet.hu\/en\/wp-json\/wp\/v2\/product_cat?post=1796"},{"taxonomy":"product_tag","embeddable":true,"href":"https:\/\/tornyospekseg.staging.ruffnet.hu\/en\/wp-json\/wp\/v2\/product_tag?post=1796"}],"curies":[{"name":"wp","href":"https:\/\/api.w.org\/{rel}","templated":true}]}}