{"id":1797,"date":"2024-10-09T15:48:58","date_gmt":"2024-10-09T13:48:58","guid":{"rendered":"https:\/\/tornyospekseg.staging.ruffnet.hu\/?post_type=product&#038;p=1797"},"modified":"2024-10-28T15:29:27","modified_gmt":"2024-10-28T14:29:27","slug":"tornyos-tripla-kakaos-kocka","status":"publish","type":"product","link":"https:\/\/tornyospekseg.staging.ruffnet.hu\/en\/termek\/tornyos-tripla-kakaos-kocka\/","title":{"rendered":"Tornyos tripla kaka\u00f3s kocka"},"content":{"rendered":"","protected":false},"excerpt":{"rendered":"<p><!-- wp:heading {\"level\":3} --><\/p>\n<h3 class=\"wp-block-heading\">\u00c1tlagos t\u00e1p\u00e9rt\u00e9kek<\/h3>\n<p><!-- \/wp:heading --><\/p>\n<p><!-- wp:table --><\/p>\n<figure class=\"wp-block-table\">\n<table class=\"has-fixed-layout\">\n<tbody>\n<tr>\n<td>Energia:<\/td>\n<td>1972 kJ \/ 476 kcal<\/td>\n<\/tr>\n<tr>\n<td>Zs\u00edr:<\/td>\n<td>\u00a036,2 g<\/td>\n<\/tr>\n<tr>\n<td>amelyb\u0151l tel\u00edtett zs\u00edrsavak:<\/td>\n<td>21,2 g<\/td>\n<\/tr>\n<tr>\n<td>Sz\u00e9nhidr\u00e1t:<\/td>\n<td>30 g<\/td>\n<\/tr>\n<tr>\n<td>amelyb\u0151l cukrok:<\/td>\n<td>21,7 g<\/td>\n<\/tr>\n<tr>\n<td>Feh\u00e9rje:<\/td>\n<td>5,4 g<\/td>\n<\/tr>\n<tr>\n<td>S\u00f3:<\/td>\n<td>0,58 g<\/td>\n<\/tr>\n<\/tbody>\n<\/table><figcaption><\/figcaption><figcaption class=\"wp-element-caption\"><\/figcaption><\/figure>\n<p><!-- \/wp:table --><\/p>\n<p><!-- wp:separator --><!-- \/wp:paragraph --><\/p>\n<p><!-- wp:separator --><\/p>\n<hr class=\"wp-block-separator has-alpha-channel-opacity\" \/>\n<p><!-- \/wp:separator --><\/p>\n<p><!-- wp:heading {\"level\":3} --><\/p>\n<h3 class=\"wp-block-heading\"><strong>\u00d6sszetev\u0151k<\/strong><\/h3>\n<p><!-- \/wp:heading --><\/p>\n<p><!-- wp:paragraph --><\/p>\n<p>Margarin (n\u00f6v. olajok (p\u00e1lma, repce, k\u00f3kusz), v\u00edz, emulge\u00e1torok(E471,E475,E322), citromsav, tart\u00f3s\u00edt\u00f3szer(K-szorb\u00e1t) aroma.) (Sz\u00f3jabab), Holland kaka\u00f3por 20-22% cukor v\u00edz, gl\u00fck\u00f3zszirup, teljes toj\u00e1sl\u00e9 (Toj\u00e1s), b\u00fazaliszt, (Glut\u00e9n), cukor, r\u00e9szben hidrog\u00e9nezett n\u00f6v\u00e9nyi zs\u00edr(p\u00e1lmamag), zs\u00edrszeg\u00e9ny kaka\u00f3por(15%) emulge\u00e1l\u00f3szerek (sz\u00f3jalecitin \u00e9s E476)aroma (Sz\u00f3jabab), krist\u00e1lycukor, dextr\u00f3z, b\u00fazakem\u00e9nyit\u0151 tejsav\u00f3por, t\u00e9rfogat n\u00f6vel\u0151(E500, E336 E450) emulge\u00e1torok (E472b,E477) sz\u00f3jaliszt gl\u00fck\u00f3z szirup, sov\u00e1ny tejpor, s\u00f3, tart\u00f3s\u00edt\u00f3szer(E282), zsel\u00e9s\u00edt\u0151 anyag (E450 E339, E516) \u00e9tkez\u00e9si sav(E330) s\u0171r\u00edt\u0151 anyag(E401), aroma (Glut\u00e9n, Sz\u00f3jabab, Tej), v\u00edz.<\/p>\n<p><!-- wp:separator --><\/p>\n<hr class=\"wp-block-separator has-alpha-channel-opacity\" \/>\n<p><!-- \/wp:separator --><\/p>\n<h3 class=\"wp-block-heading\">Allerg\u00e9n inform\u00e1ci\u00f3k, GMO inform\u00e1ci\u00f3<\/h3>\n<p><!-- \/wp:heading --><\/p>\n<p><!-- wp:paragraph --><\/p>\n<p>A term\u00e9k tartalmaz: glut\u00e9nt, tejet, toj\u00e1st, sz\u00f3j\u00e1t. Nyomokban tartalmazhat, csonth\u00e9jas term\u00e9s, f\u00f6ldimogyor\u00f3, csillagf\u00fcrt \u00e9s szez\u00e1mmag sz\u00e1rmaz\u00e9kait.<br \/>\nAz \u00e9lelmiszer el\u0151\u00e1ll\u00edt\u00e1s\u00e1hoz g\u00e9ntechnol\u00f3gi\u00e1val m\u00f3dos\u00edtott szervezetet, anyagot nem haszn\u00e1lunk.<\/p>\n<p><!-- \/wp:paragraph --><\/p>\n<p><!-- wp:separator --><\/p>\n<hr class=\"wp-block-separator has-alpha-channel-opacity\" \/>\n<p><!-- \/wp:separator --><\/p>\n<p><!-- wp:heading {\"level\":3} --><\/p>\n<h3 class=\"wp-block-heading\"><strong>Nett\u00f3 mennyis\u00e9g<\/strong><\/h3>\n<p><!-- \/wp:heading --><\/p>\n<p><!-- wp:paragraph --><\/p>\n<p>200 g<\/p>\n<p><!-- \/wp:paragraph --><\/p>\n","protected":false},"featured_media":1927,"comment_status":"open","ping_status":"closed","template":"","meta":[],"product_cat":[29],"product_tag":[],"class_list":{"0":"post-1797","1":"product","2":"type-product","3":"status-publish","4":"has-post-thumbnail","6":"product_cat-cukraszati-termekek","8":"first","9":"instock","10":"shipping-taxable","11":"product-type-simple"},"yoast_head":"<!-- This site is optimized with the Yoast SEO plugin v23.6 - https:\/\/yoast.com\/wordpress\/plugins\/seo\/ -->\n<title>Tornyos tripla kaka\u00f3s kocka - Tornyos P\u00e9ks\u00e9g<\/title>\n<meta name=\"robots\" content=\"noindex, follow, max-snippet:-1, max-image-preview:large, max-video-preview:-1\" \/>\n<meta property=\"og:locale\" content=\"en_US\" \/>\n<meta property=\"og:type\" content=\"article\" \/>\n<meta property=\"og:title\" content=\"Tornyos tripla kaka\u00f3s kocka - Tornyos P\u00e9ks\u00e9g\" \/>\n<meta property=\"og:description\" content=\"\u00c1tlagos t\u00e1p\u00e9rt\u00e9kek        Energia: 1972 kJ \/ 476 kcal   Zs\u00edr: \u00a036,2 g   amelyb\u0151l tel\u00edtett zs\u00edrsavak: 21,2 g   Sz\u00e9nhidr\u00e1t: 30 g   amelyb\u0151l cukrok: 21,7 g   Feh\u00e9rje: 5,4 g   S\u00f3: 0,58 g                \u00d6sszetev\u0151k     Margarin (n\u00f6v. olajok (p\u00e1lma, repce, k\u00f3kusz), v\u00edz, emulge\u00e1torok(E471,E475,E322), citromsav, tart\u00f3s\u00edt\u00f3szer(K-szorb\u00e1t) aroma.) (Sz\u00f3jabab), Holland kaka\u00f3por 20-22% cukor v\u00edz, gl\u00fck\u00f3zszirup, teljes toj\u00e1sl\u00e9 (Toj\u00e1s), b\u00fazaliszt, (Glut\u00e9n), cukor, r\u00e9szben hidrog\u00e9nezett n\u00f6v\u00e9nyi zs\u00edr(p\u00e1lmamag), zs\u00edrszeg\u00e9ny kaka\u00f3por(15%) emulge\u00e1l\u00f3szerek (sz\u00f3jalecitin \u00e9s E476)aroma (Sz\u00f3jabab), krist\u00e1lycukor, dextr\u00f3z, b\u00fazakem\u00e9nyit\u0151 tejsav\u00f3por, t\u00e9rfogat n\u00f6vel\u0151(E500, E336 E450) emulge\u00e1torok (E472b,E477) sz\u00f3jaliszt gl\u00fck\u00f3z szirup, sov\u00e1ny tejpor, s\u00f3, tart\u00f3s\u00edt\u00f3szer(E282), zsel\u00e9s\u00edt\u0151 anyag (E450 E339, E516) \u00e9tkez\u00e9si sav(E330) s\u0171r\u00edt\u0151 anyag(E401), aroma (Glut\u00e9n, Sz\u00f3jabab, Tej), v\u00edz.       Allerg\u00e9n inform\u00e1ci\u00f3k, GMO inform\u00e1ci\u00f3     A term\u00e9k tartalmaz: glut\u00e9nt, tejet, toj\u00e1st, sz\u00f3j\u00e1t. Nyomokban tartalmazhat, csonth\u00e9jas term\u00e9s, f\u00f6ldimogyor\u00f3, csillagf\u00fcrt \u00e9s szez\u00e1mmag sz\u00e1rmaz\u00e9kait. Az \u00e9lelmiszer el\u0151\u00e1ll\u00edt\u00e1s\u00e1hoz g\u00e9ntechnol\u00f3gi\u00e1val m\u00f3dos\u00edtott szervezetet, anyagot nem haszn\u00e1lunk.           Nett\u00f3 mennyis\u00e9g     200 g\" \/>\n<meta property=\"og:url\" content=\"https:\/\/tornyospekseg.staging.ruffnet.hu\/en\/termek\/tornyos-tripla-kakaos-kocka\/\" \/>\n<meta property=\"og:site_name\" content=\"Tornyos P\u00e9ks\u00e9g\" \/>\n<meta property=\"article:modified_time\" content=\"2024-10-28T14:29:27+00:00\" \/>\n<meta property=\"og:image\" content=\"https:\/\/tornyospekseg.staging.ruffnet.hu\/wp-content\/uploads\/2024\/10\/tornyos-tripla-kakaos-szelet-3.jpg\" \/>\n\t<meta property=\"og:image:width\" content=\"1500\" \/>\n\t<meta property=\"og:image:height\" content=\"1500\" \/>\n\t<meta property=\"og:image:type\" content=\"image\/jpeg\" \/>\n<meta name=\"twitter:card\" content=\"summary_large_image\" \/>\n<meta name=\"twitter:label1\" content=\"Est. reading time\" \/>\n\t<meta name=\"twitter:data1\" content=\"1 minute\" \/>\n<script type=\"application\/ld+json\" class=\"yoast-schema-graph\">{\"@context\":\"https:\/\/schema.org\",\"@graph\":[{\"@type\":\"WebPage\",\"@id\":\"https:\/\/tornyospekseg.staging.ruffnet.hu\/en\/termek\/tornyos-tripla-kakaos-kocka\/\",\"url\":\"https:\/\/tornyospekseg.staging.ruffnet.hu\/en\/termek\/tornyos-tripla-kakaos-kocka\/\",\"name\":\"Tornyos tripla kaka\u00f3s kocka - Tornyos P\u00e9ks\u00e9g\",\"isPartOf\":{\"@id\":\"https:\/\/tornyospekseg.staging.ruffnet.hu\/en\/#website\"},\"primaryImageOfPage\":{\"@id\":\"https:\/\/tornyospekseg.staging.ruffnet.hu\/en\/termek\/tornyos-tripla-kakaos-kocka\/#primaryimage\"},\"image\":{\"@id\":\"https:\/\/tornyospekseg.staging.ruffnet.hu\/en\/termek\/tornyos-tripla-kakaos-kocka\/#primaryimage\"},\"thumbnailUrl\":\"https:\/\/tornyospekseg.staging.ruffnet.hu\/wp-content\/uploads\/2024\/10\/tornyos-tripla-kakaos-szelet-3.jpg\",\"datePublished\":\"2024-10-09T13:48:58+00:00\",\"dateModified\":\"2024-10-28T14:29:27+00:00\",\"breadcrumb\":{\"@id\":\"https:\/\/tornyospekseg.staging.ruffnet.hu\/en\/termek\/tornyos-tripla-kakaos-kocka\/#breadcrumb\"},\"inLanguage\":\"en-US\",\"potentialAction\":[{\"@type\":\"ReadAction\",\"target\":[\"https:\/\/tornyospekseg.staging.ruffnet.hu\/en\/termek\/tornyos-tripla-kakaos-kocka\/\"]}]},{\"@type\":\"ImageObject\",\"inLanguage\":\"en-US\",\"@id\":\"https:\/\/tornyospekseg.staging.ruffnet.hu\/en\/termek\/tornyos-tripla-kakaos-kocka\/#primaryimage\",\"url\":\"https:\/\/tornyospekseg.staging.ruffnet.hu\/wp-content\/uploads\/2024\/10\/tornyos-tripla-kakaos-szelet-3.jpg\",\"contentUrl\":\"https:\/\/tornyospekseg.staging.ruffnet.hu\/wp-content\/uploads\/2024\/10\/tornyos-tripla-kakaos-szelet-3.jpg\",\"width\":1500,\"height\":1500},{\"@type\":\"BreadcrumbList\",\"@id\":\"https:\/\/tornyospekseg.staging.ruffnet.hu\/en\/termek\/tornyos-tripla-kakaos-kocka\/#breadcrumb\",\"itemListElement\":[{\"@type\":\"ListItem\",\"position\":1,\"name\":\"Kezd\u0151lap\",\"item\":\"https:\/\/tornyospekseg.staging.ruffnet.hu\/en\/\"},{\"@type\":\"ListItem\",\"position\":2,\"name\":\"Products\",\"item\":\"https:\/\/tornyospekseg.staging.ruffnet.hu\/en\/shop\/\"},{\"@type\":\"ListItem\",\"position\":3,\"name\":\"Tornyos tripla kaka\u00f3s kocka\"}]},{\"@type\":\"WebSite\",\"@id\":\"https:\/\/tornyospekseg.staging.ruffnet.hu\/en\/#website\",\"url\":\"https:\/\/tornyospekseg.staging.ruffnet.hu\/en\/\",\"name\":\"Tornyos P\u00e9ks\u00e9g\",\"description\":\"Tele pocak, boldog pocak!\",\"publisher\":{\"@id\":\"https:\/\/tornyospekseg.staging.ruffnet.hu\/en\/#organization\"},\"potentialAction\":[{\"@type\":\"SearchAction\",\"target\":{\"@type\":\"EntryPoint\",\"urlTemplate\":\"https:\/\/tornyospekseg.staging.ruffnet.hu\/en\/?s={search_term_string}\"},\"query-input\":{\"@type\":\"PropertyValueSpecification\",\"valueRequired\":true,\"valueName\":\"search_term_string\"}}],\"inLanguage\":\"en-US\"},{\"@type\":\"Organization\",\"@id\":\"https:\/\/tornyospekseg.staging.ruffnet.hu\/en\/#organization\",\"name\":\"Tornyos P\u00e9ks\u00e9g\",\"url\":\"https:\/\/tornyospekseg.staging.ruffnet.hu\/en\/\",\"logo\":{\"@type\":\"ImageObject\",\"inLanguage\":\"en-US\",\"@id\":\"https:\/\/tornyospekseg.staging.ruffnet.hu\/en\/#\/schema\/logo\/image\/\",\"url\":\"https:\/\/tornyospekseg.staging.ruffnet.hu\/wp-content\/uploads\/2024\/08\/tornyos-color1.svg\",\"contentUrl\":\"https:\/\/tornyospekseg.staging.ruffnet.hu\/wp-content\/uploads\/2024\/08\/tornyos-color1.svg\",\"width\":770,\"height\":134,\"caption\":\"Tornyos P\u00e9ks\u00e9g\"},\"image\":{\"@id\":\"https:\/\/tornyospekseg.staging.ruffnet.hu\/en\/#\/schema\/logo\/image\/\"}}]}<\/script>\n<!-- \/ Yoast SEO plugin. -->","yoast_head_json":{"title":"Tornyos tripla kaka\u00f3s kocka - Tornyos P\u00e9ks\u00e9g","robots":{"index":"noindex","follow":"follow","max-snippet":"max-snippet:-1","max-image-preview":"max-image-preview:large","max-video-preview":"max-video-preview:-1"},"og_locale":"en_US","og_type":"article","og_title":"Tornyos tripla kaka\u00f3s kocka - Tornyos P\u00e9ks\u00e9g","og_description":"\u00c1tlagos t\u00e1p\u00e9rt\u00e9kek        Energia: 1972 kJ \/ 476 kcal   Zs\u00edr: \u00a036,2 g   amelyb\u0151l tel\u00edtett zs\u00edrsavak: 21,2 g   Sz\u00e9nhidr\u00e1t: 30 g   amelyb\u0151l cukrok: 21,7 g   Feh\u00e9rje: 5,4 g   S\u00f3: 0,58 g                \u00d6sszetev\u0151k     Margarin (n\u00f6v. olajok (p\u00e1lma, repce, k\u00f3kusz), v\u00edz, emulge\u00e1torok(E471,E475,E322), citromsav, tart\u00f3s\u00edt\u00f3szer(K-szorb\u00e1t) aroma.) (Sz\u00f3jabab), Holland kaka\u00f3por 20-22% cukor v\u00edz, gl\u00fck\u00f3zszirup, teljes toj\u00e1sl\u00e9 (Toj\u00e1s), b\u00fazaliszt, (Glut\u00e9n), cukor, r\u00e9szben hidrog\u00e9nezett n\u00f6v\u00e9nyi zs\u00edr(p\u00e1lmamag), zs\u00edrszeg\u00e9ny kaka\u00f3por(15%) emulge\u00e1l\u00f3szerek (sz\u00f3jalecitin \u00e9s E476)aroma (Sz\u00f3jabab), krist\u00e1lycukor, dextr\u00f3z, b\u00fazakem\u00e9nyit\u0151 tejsav\u00f3por, t\u00e9rfogat n\u00f6vel\u0151(E500, E336 E450) emulge\u00e1torok (E472b,E477) sz\u00f3jaliszt gl\u00fck\u00f3z szirup, sov\u00e1ny tejpor, s\u00f3, tart\u00f3s\u00edt\u00f3szer(E282), zsel\u00e9s\u00edt\u0151 anyag (E450 E339, E516) \u00e9tkez\u00e9si sav(E330) s\u0171r\u00edt\u0151 anyag(E401), aroma (Glut\u00e9n, Sz\u00f3jabab, Tej), v\u00edz.       Allerg\u00e9n inform\u00e1ci\u00f3k, GMO inform\u00e1ci\u00f3     A term\u00e9k tartalmaz: glut\u00e9nt, tejet, toj\u00e1st, sz\u00f3j\u00e1t. Nyomokban tartalmazhat, csonth\u00e9jas term\u00e9s, f\u00f6ldimogyor\u00f3, csillagf\u00fcrt \u00e9s szez\u00e1mmag sz\u00e1rmaz\u00e9kait. Az \u00e9lelmiszer el\u0151\u00e1ll\u00edt\u00e1s\u00e1hoz g\u00e9ntechnol\u00f3gi\u00e1val m\u00f3dos\u00edtott szervezetet, anyagot nem haszn\u00e1lunk.           Nett\u00f3 mennyis\u00e9g     200 g","og_url":"https:\/\/tornyospekseg.staging.ruffnet.hu\/en\/termek\/tornyos-tripla-kakaos-kocka\/","og_site_name":"Tornyos P\u00e9ks\u00e9g","article_modified_time":"2024-10-28T14:29:27+00:00","og_image":[{"width":1500,"height":1500,"url":"https:\/\/tornyospekseg.staging.ruffnet.hu\/wp-content\/uploads\/2024\/10\/tornyos-tripla-kakaos-szelet-3.jpg","type":"image\/jpeg"}],"twitter_card":"summary_large_image","twitter_misc":{"Est. reading time":"1 minute"},"schema":{"@context":"https:\/\/schema.org","@graph":[{"@type":"WebPage","@id":"https:\/\/tornyospekseg.staging.ruffnet.hu\/en\/termek\/tornyos-tripla-kakaos-kocka\/","url":"https:\/\/tornyospekseg.staging.ruffnet.hu\/en\/termek\/tornyos-tripla-kakaos-kocka\/","name":"Tornyos tripla kaka\u00f3s kocka - Tornyos P\u00e9ks\u00e9g","isPartOf":{"@id":"https:\/\/tornyospekseg.staging.ruffnet.hu\/en\/#website"},"primaryImageOfPage":{"@id":"https:\/\/tornyospekseg.staging.ruffnet.hu\/en\/termek\/tornyos-tripla-kakaos-kocka\/#primaryimage"},"image":{"@id":"https:\/\/tornyospekseg.staging.ruffnet.hu\/en\/termek\/tornyos-tripla-kakaos-kocka\/#primaryimage"},"thumbnailUrl":"https:\/\/tornyospekseg.staging.ruffnet.hu\/wp-content\/uploads\/2024\/10\/tornyos-tripla-kakaos-szelet-3.jpg","datePublished":"2024-10-09T13:48:58+00:00","dateModified":"2024-10-28T14:29:27+00:00","breadcrumb":{"@id":"https:\/\/tornyospekseg.staging.ruffnet.hu\/en\/termek\/tornyos-tripla-kakaos-kocka\/#breadcrumb"},"inLanguage":"en-US","potentialAction":[{"@type":"ReadAction","target":["https:\/\/tornyospekseg.staging.ruffnet.hu\/en\/termek\/tornyos-tripla-kakaos-kocka\/"]}]},{"@type":"ImageObject","inLanguage":"en-US","@id":"https:\/\/tornyospekseg.staging.ruffnet.hu\/en\/termek\/tornyos-tripla-kakaos-kocka\/#primaryimage","url":"https:\/\/tornyospekseg.staging.ruffnet.hu\/wp-content\/uploads\/2024\/10\/tornyos-tripla-kakaos-szelet-3.jpg","contentUrl":"https:\/\/tornyospekseg.staging.ruffnet.hu\/wp-content\/uploads\/2024\/10\/tornyos-tripla-kakaos-szelet-3.jpg","width":1500,"height":1500},{"@type":"BreadcrumbList","@id":"https:\/\/tornyospekseg.staging.ruffnet.hu\/en\/termek\/tornyos-tripla-kakaos-kocka\/#breadcrumb","itemListElement":[{"@type":"ListItem","position":1,"name":"Kezd\u0151lap","item":"https:\/\/tornyospekseg.staging.ruffnet.hu\/en\/"},{"@type":"ListItem","position":2,"name":"Products","item":"https:\/\/tornyospekseg.staging.ruffnet.hu\/en\/shop\/"},{"@type":"ListItem","position":3,"name":"Tornyos tripla kaka\u00f3s kocka"}]},{"@type":"WebSite","@id":"https:\/\/tornyospekseg.staging.ruffnet.hu\/en\/#website","url":"https:\/\/tornyospekseg.staging.ruffnet.hu\/en\/","name":"Tornyos P\u00e9ks\u00e9g","description":"Tele pocak, boldog pocak!","publisher":{"@id":"https:\/\/tornyospekseg.staging.ruffnet.hu\/en\/#organization"},"potentialAction":[{"@type":"SearchAction","target":{"@type":"EntryPoint","urlTemplate":"https:\/\/tornyospekseg.staging.ruffnet.hu\/en\/?s={search_term_string}"},"query-input":{"@type":"PropertyValueSpecification","valueRequired":true,"valueName":"search_term_string"}}],"inLanguage":"en-US"},{"@type":"Organization","@id":"https:\/\/tornyospekseg.staging.ruffnet.hu\/en\/#organization","name":"Tornyos P\u00e9ks\u00e9g","url":"https:\/\/tornyospekseg.staging.ruffnet.hu\/en\/","logo":{"@type":"ImageObject","inLanguage":"en-US","@id":"https:\/\/tornyospekseg.staging.ruffnet.hu\/en\/#\/schema\/logo\/image\/","url":"https:\/\/tornyospekseg.staging.ruffnet.hu\/wp-content\/uploads\/2024\/08\/tornyos-color1.svg","contentUrl":"https:\/\/tornyospekseg.staging.ruffnet.hu\/wp-content\/uploads\/2024\/08\/tornyos-color1.svg","width":770,"height":134,"caption":"Tornyos P\u00e9ks\u00e9g"},"image":{"@id":"https:\/\/tornyospekseg.staging.ruffnet.hu\/en\/#\/schema\/logo\/image\/"}}]}},"_links":{"self":[{"href":"https:\/\/tornyospekseg.staging.ruffnet.hu\/en\/wp-json\/wp\/v2\/product\/1797"}],"collection":[{"href":"https:\/\/tornyospekseg.staging.ruffnet.hu\/en\/wp-json\/wp\/v2\/product"}],"about":[{"href":"https:\/\/tornyospekseg.staging.ruffnet.hu\/en\/wp-json\/wp\/v2\/types\/product"}],"replies":[{"embeddable":true,"href":"https:\/\/tornyospekseg.staging.ruffnet.hu\/en\/wp-json\/wp\/v2\/comments?post=1797"}],"wp:featuredmedia":[{"embeddable":true,"href":"https:\/\/tornyospekseg.staging.ruffnet.hu\/en\/wp-json\/wp\/v2\/media\/1927"}],"wp:attachment":[{"href":"https:\/\/tornyospekseg.staging.ruffnet.hu\/en\/wp-json\/wp\/v2\/media?parent=1797"}],"wp:term":[{"taxonomy":"product_cat","embeddable":true,"href":"https:\/\/tornyospekseg.staging.ruffnet.hu\/en\/wp-json\/wp\/v2\/product_cat?post=1797"},{"taxonomy":"product_tag","embeddable":true,"href":"https:\/\/tornyospekseg.staging.ruffnet.hu\/en\/wp-json\/wp\/v2\/product_tag?post=1797"}],"curies":[{"name":"wp","href":"https:\/\/api.w.org\/{rel}","templated":true}]}}