{"id":1802,"date":"2024-10-09T15:58:43","date_gmt":"2024-10-09T13:58:43","guid":{"rendered":"https:\/\/tornyospekseg.staging.ruffnet.hu\/?post_type=product&#038;p=1802"},"modified":"2024-10-29T10:58:43","modified_gmt":"2024-10-29T09:58:43","slug":"tornyos-kokusztekercs","status":"publish","type":"product","link":"https:\/\/tornyospekseg.staging.ruffnet.hu\/en\/termek\/tornyos-kokusztekercs\/","title":{"rendered":"Tornyos k\u00f3kusztekercs"},"content":{"rendered":"","protected":false},"excerpt":{"rendered":"<h3 class=\"wp-block-heading\">\u00c1tlagos t\u00e1p\u00e9rt\u00e9kek<\/h3>\n<p><!-- \/wp:heading --><\/p>\n<p><!-- wp:table --><\/p>\n<figure class=\"wp-block-table\">\n<table class=\"has-fixed-layout\">\n<tbody>\n<tr>\n<td>Energia:<\/td>\n<td>1486 kJ \/ 357 kcal<\/td>\n<\/tr>\n<tr>\n<td>Zs\u00edr:<\/td>\n<td>\u00a023,66 g<\/td>\n<\/tr>\n<tr>\n<td>amelyb\u0151l tel\u00edtett zs\u00edrsavak:<\/td>\n<td>12,52 g<\/td>\n<\/tr>\n<tr>\n<td>Sz\u00e9nhidr\u00e1t:<\/td>\n<td>31,37 g<\/td>\n<\/tr>\n<tr>\n<td>amelyb\u0151l cukrok:<\/td>\n<td>24,2 g<\/td>\n<\/tr>\n<tr>\n<td>Feh\u00e9rje:<\/td>\n<td>3,45 g<\/td>\n<\/tr>\n<tr>\n<td>S\u00f3:<\/td>\n<td>0,07 g<\/td>\n<\/tr>\n<\/tbody>\n<\/table><figcaption><\/figcaption><figcaption class=\"wp-element-caption\"><\/figcaption><\/figure>\n<p><!-- \/wp:table --><\/p>\n<p><!-- wp:separator --><!-- \/wp:paragraph --><\/p>\n<p><!-- wp:separator --><\/p>\n<hr class=\"wp-block-separator has-alpha-channel-opacity\" \/>\n<p><!-- \/wp:separator --><\/p>\n<p><!-- wp:heading {\"level\":3} --><\/p>\n<h3 class=\"wp-block-heading\"><strong>\u00d6sszetev\u0151k<\/strong><\/h3>\n<p><!-- \/wp:heading --><\/p>\n<p><!-- wp:paragraph --><\/p>\n<p>\u00c9desmorzsa (<strong>b\u00fazaliszt,<\/strong> v\u00edz, cukor, p\u00e1lmazs\u00edr, m\u00e9z, kaka\u00f3por, fah\u00e9j, sz\u00f3dabikarb\u00f3na, s\u00fct\u0151por, k\u00e1lium- szorb\u00e1t, szalalk\u00e1li), margarin ( n\u00f6v\u00e9nyi olajok \u00e9s zs\u00edrok: p\u00e1lma; repce; k\u00f3kusz; teljesen hidrog\u00e9nezett p\u00e1lma; napraforg\u00f3, v\u00edz, emulge\u00e1l\u00f3szerek: E475; E471 \u00e9s <strong>sz\u00f3jalecitin,<\/strong> s\u00f3, savany\u00fas\u00e1got szab\u00e1lyoz\u00f3 anyag: E330, \u00edzes\u00edt\u0151k, szinez\u0151anyag: karotin- E160a), cukor, vegyes\u00edz (almavel\u0151, cukor, meggy, s\u0171r\u00edt\u0151anyag: gell\u00e1n, \u00e9tkez\u00e9si sav: citromsav, aroma, tart\u00f3s\u00edt\u00f3szer: K- szorb\u00e1t \u00e9s Na- benzo\u00e1t, sz\u00ednez\u00e9k: sz\u0151l\u0151h\u00e9j kivonat),v\u00edz, kaka\u00f3por, <strong>zs\u00edros tejpor,<\/strong> k\u00f3kuszreszel\u00e9k, rumaroma (term\u00e9szetes aromaanyagok, v\u00edz, hordoz\u00f3: E1520, rum, karamellszirup, s\u0171r\u00edt\u0151anyag: E413), k\u00f3kusz aroma ( aromaanyagok, propil\u00e9n- glikol)<\/p>\n<p><!-- wp:separator --><\/p>\n<hr class=\"wp-block-separator has-alpha-channel-opacity\" \/>\n<p><!-- \/wp:separator --><\/p>\n<h3 class=\"wp-block-heading\">Allerg\u00e9n inform\u00e1ci\u00f3k, GMO inform\u00e1ci\u00f3<\/h3>\n<p><!-- \/wp:heading --><\/p>\n<p><!-- wp:paragraph --><\/p>\n<p>A term\u00e9k tartalmaz: glut\u00e9nt, sz\u00f3j\u00e1t, tejet. Nyomokban tartalmazhat toj\u00e1s, csonth\u00e9jas term\u00e9s, f\u00f6ldimogyor\u00f3, csillagf\u00fcrt \u00e9s szez\u00e1mmag sz\u00e1rmaz\u00e9kait.<br \/>\nAz \u00e9lelmiszer el\u0151\u00e1ll\u00edt\u00e1s\u00e1hoz g\u00e9ntechnol\u00f3gi\u00e1val m\u00f3dos\u00edtott szervezetet, anyagot nem haszn\u00e1lunk.<\/p>\n<p><!-- \/wp:paragraph --><\/p>\n<p><!-- wp:separator --><\/p>\n<hr class=\"wp-block-separator has-alpha-channel-opacity\" \/>\n<p><!-- \/wp:separator --><\/p>\n<p><!-- wp:heading {\"level\":3} --><\/p>\n<h3 class=\"wp-block-heading\"><strong>Nett\u00f3 mennyis\u00e9g<\/strong><\/h3>\n<p><!-- \/wp:heading --><\/p>\n<p><!-- wp:paragraph --><\/p>\n<p>300 g<\/p>\n","protected":false},"featured_media":1884,"comment_status":"open","ping_status":"closed","template":"","meta":[],"product_cat":[29],"product_tag":[],"class_list":{"0":"post-1802","1":"product","2":"type-product","3":"status-publish","4":"has-post-thumbnail","6":"product_cat-cukraszati-termekek","8":"first","9":"instock","10":"shipping-taxable","11":"product-type-simple"},"yoast_head":"<!-- This site is optimized with the Yoast SEO plugin v23.6 - https:\/\/yoast.com\/wordpress\/plugins\/seo\/ -->\n<title>Tornyos k\u00f3kusztekercs - Tornyos P\u00e9ks\u00e9g<\/title>\n<meta name=\"robots\" content=\"noindex, follow, max-snippet:-1, max-image-preview:large, max-video-preview:-1\" \/>\n<meta property=\"og:locale\" content=\"en_US\" \/>\n<meta property=\"og:type\" content=\"article\" \/>\n<meta property=\"og:title\" content=\"Tornyos k\u00f3kusztekercs - Tornyos P\u00e9ks\u00e9g\" \/>\n<meta property=\"og:description\" content=\"\u00c1tlagos t\u00e1p\u00e9rt\u00e9kek        Energia: 1486 kJ \/ 357 kcal   Zs\u00edr: \u00a023,66 g   amelyb\u0151l tel\u00edtett zs\u00edrsavak: 12,52 g   Sz\u00e9nhidr\u00e1t: 31,37 g   amelyb\u0151l cukrok: 24,2 g   Feh\u00e9rje: 3,45 g   S\u00f3: 0,07 g                \u00d6sszetev\u0151k     \u00c9desmorzsa (b\u00fazaliszt, v\u00edz, cukor, p\u00e1lmazs\u00edr, m\u00e9z, kaka\u00f3por, fah\u00e9j, sz\u00f3dabikarb\u00f3na, s\u00fct\u0151por, k\u00e1lium- szorb\u00e1t, szalalk\u00e1li), margarin ( n\u00f6v\u00e9nyi olajok \u00e9s zs\u00edrok: p\u00e1lma; repce; k\u00f3kusz; teljesen hidrog\u00e9nezett p\u00e1lma; napraforg\u00f3, v\u00edz, emulge\u00e1l\u00f3szerek: E475; E471 \u00e9s sz\u00f3jalecitin, s\u00f3, savany\u00fas\u00e1got szab\u00e1lyoz\u00f3 anyag: E330, \u00edzes\u00edt\u0151k, szinez\u0151anyag: karotin- E160a), cukor, vegyes\u00edz (almavel\u0151, cukor, meggy, s\u0171r\u00edt\u0151anyag: gell\u00e1n, \u00e9tkez\u00e9si sav: citromsav, aroma, tart\u00f3s\u00edt\u00f3szer: K- szorb\u00e1t \u00e9s Na- benzo\u00e1t, sz\u00ednez\u00e9k: sz\u0151l\u0151h\u00e9j kivonat),v\u00edz, kaka\u00f3por, zs\u00edros tejpor, k\u00f3kuszreszel\u00e9k, rumaroma (term\u00e9szetes aromaanyagok, v\u00edz, hordoz\u00f3: E1520, rum, karamellszirup, s\u0171r\u00edt\u0151anyag: E413), k\u00f3kusz aroma ( aromaanyagok, propil\u00e9n- glikol)       Allerg\u00e9n inform\u00e1ci\u00f3k, GMO inform\u00e1ci\u00f3     A term\u00e9k tartalmaz: glut\u00e9nt, sz\u00f3j\u00e1t, tejet. Nyomokban tartalmazhat toj\u00e1s, csonth\u00e9jas term\u00e9s, f\u00f6ldimogyor\u00f3, csillagf\u00fcrt \u00e9s szez\u00e1mmag sz\u00e1rmaz\u00e9kait. Az \u00e9lelmiszer el\u0151\u00e1ll\u00edt\u00e1s\u00e1hoz g\u00e9ntechnol\u00f3gi\u00e1val m\u00f3dos\u00edtott szervezetet, anyagot nem haszn\u00e1lunk.           Nett\u00f3 mennyis\u00e9g     300 g\" \/>\n<meta property=\"og:url\" content=\"https:\/\/tornyospekseg.staging.ruffnet.hu\/en\/termek\/tornyos-kokusztekercs\/\" \/>\n<meta property=\"og:site_name\" content=\"Tornyos P\u00e9ks\u00e9g\" \/>\n<meta property=\"article:modified_time\" content=\"2024-10-29T09:58:43+00:00\" \/>\n<meta property=\"og:image\" content=\"https:\/\/tornyospekseg.staging.ruffnet.hu\/wp-content\/uploads\/2024\/10\/tornyos-kokusztekercs-3.jpg\" \/>\n\t<meta property=\"og:image:width\" content=\"1500\" \/>\n\t<meta property=\"og:image:height\" content=\"1500\" \/>\n\t<meta property=\"og:image:type\" content=\"image\/jpeg\" \/>\n<meta name=\"twitter:card\" content=\"summary_large_image\" \/>\n<meta name=\"twitter:label1\" content=\"Est. reading time\" \/>\n\t<meta name=\"twitter:data1\" content=\"1 minute\" \/>\n<script type=\"application\/ld+json\" class=\"yoast-schema-graph\">{\"@context\":\"https:\/\/schema.org\",\"@graph\":[{\"@type\":\"WebPage\",\"@id\":\"https:\/\/tornyospekseg.staging.ruffnet.hu\/en\/termek\/tornyos-kokusztekercs\/\",\"url\":\"https:\/\/tornyospekseg.staging.ruffnet.hu\/en\/termek\/tornyos-kokusztekercs\/\",\"name\":\"Tornyos k\u00f3kusztekercs - Tornyos P\u00e9ks\u00e9g\",\"isPartOf\":{\"@id\":\"https:\/\/tornyospekseg.staging.ruffnet.hu\/en\/#website\"},\"primaryImageOfPage\":{\"@id\":\"https:\/\/tornyospekseg.staging.ruffnet.hu\/en\/termek\/tornyos-kokusztekercs\/#primaryimage\"},\"image\":{\"@id\":\"https:\/\/tornyospekseg.staging.ruffnet.hu\/en\/termek\/tornyos-kokusztekercs\/#primaryimage\"},\"thumbnailUrl\":\"https:\/\/tornyospekseg.staging.ruffnet.hu\/wp-content\/uploads\/2024\/10\/tornyos-kokusztekercs-3.jpg\",\"datePublished\":\"2024-10-09T13:58:43+00:00\",\"dateModified\":\"2024-10-29T09:58:43+00:00\",\"breadcrumb\":{\"@id\":\"https:\/\/tornyospekseg.staging.ruffnet.hu\/en\/termek\/tornyos-kokusztekercs\/#breadcrumb\"},\"inLanguage\":\"en-US\",\"potentialAction\":[{\"@type\":\"ReadAction\",\"target\":[\"https:\/\/tornyospekseg.staging.ruffnet.hu\/en\/termek\/tornyos-kokusztekercs\/\"]}]},{\"@type\":\"ImageObject\",\"inLanguage\":\"en-US\",\"@id\":\"https:\/\/tornyospekseg.staging.ruffnet.hu\/en\/termek\/tornyos-kokusztekercs\/#primaryimage\",\"url\":\"https:\/\/tornyospekseg.staging.ruffnet.hu\/wp-content\/uploads\/2024\/10\/tornyos-kokusztekercs-3.jpg\",\"contentUrl\":\"https:\/\/tornyospekseg.staging.ruffnet.hu\/wp-content\/uploads\/2024\/10\/tornyos-kokusztekercs-3.jpg\",\"width\":1500,\"height\":1500},{\"@type\":\"BreadcrumbList\",\"@id\":\"https:\/\/tornyospekseg.staging.ruffnet.hu\/en\/termek\/tornyos-kokusztekercs\/#breadcrumb\",\"itemListElement\":[{\"@type\":\"ListItem\",\"position\":1,\"name\":\"Kezd\u0151lap\",\"item\":\"https:\/\/tornyospekseg.staging.ruffnet.hu\/en\/\"},{\"@type\":\"ListItem\",\"position\":2,\"name\":\"Products\",\"item\":\"https:\/\/tornyospekseg.staging.ruffnet.hu\/en\/shop\/\"},{\"@type\":\"ListItem\",\"position\":3,\"name\":\"Tornyos k\u00f3kusztekercs\"}]},{\"@type\":\"WebSite\",\"@id\":\"https:\/\/tornyospekseg.staging.ruffnet.hu\/en\/#website\",\"url\":\"https:\/\/tornyospekseg.staging.ruffnet.hu\/en\/\",\"name\":\"Tornyos P\u00e9ks\u00e9g\",\"description\":\"Tele pocak, boldog pocak!\",\"publisher\":{\"@id\":\"https:\/\/tornyospekseg.staging.ruffnet.hu\/en\/#organization\"},\"potentialAction\":[{\"@type\":\"SearchAction\",\"target\":{\"@type\":\"EntryPoint\",\"urlTemplate\":\"https:\/\/tornyospekseg.staging.ruffnet.hu\/en\/?s={search_term_string}\"},\"query-input\":{\"@type\":\"PropertyValueSpecification\",\"valueRequired\":true,\"valueName\":\"search_term_string\"}}],\"inLanguage\":\"en-US\"},{\"@type\":\"Organization\",\"@id\":\"https:\/\/tornyospekseg.staging.ruffnet.hu\/en\/#organization\",\"name\":\"Tornyos P\u00e9ks\u00e9g\",\"url\":\"https:\/\/tornyospekseg.staging.ruffnet.hu\/en\/\",\"logo\":{\"@type\":\"ImageObject\",\"inLanguage\":\"en-US\",\"@id\":\"https:\/\/tornyospekseg.staging.ruffnet.hu\/en\/#\/schema\/logo\/image\/\",\"url\":\"https:\/\/tornyospekseg.staging.ruffnet.hu\/wp-content\/uploads\/2024\/08\/tornyos-color1.svg\",\"contentUrl\":\"https:\/\/tornyospekseg.staging.ruffnet.hu\/wp-content\/uploads\/2024\/08\/tornyos-color1.svg\",\"width\":770,\"height\":134,\"caption\":\"Tornyos P\u00e9ks\u00e9g\"},\"image\":{\"@id\":\"https:\/\/tornyospekseg.staging.ruffnet.hu\/en\/#\/schema\/logo\/image\/\"}}]}<\/script>\n<!-- \/ Yoast SEO plugin. -->","yoast_head_json":{"title":"Tornyos k\u00f3kusztekercs - Tornyos P\u00e9ks\u00e9g","robots":{"index":"noindex","follow":"follow","max-snippet":"max-snippet:-1","max-image-preview":"max-image-preview:large","max-video-preview":"max-video-preview:-1"},"og_locale":"en_US","og_type":"article","og_title":"Tornyos k\u00f3kusztekercs - Tornyos P\u00e9ks\u00e9g","og_description":"\u00c1tlagos t\u00e1p\u00e9rt\u00e9kek        Energia: 1486 kJ \/ 357 kcal   Zs\u00edr: \u00a023,66 g   amelyb\u0151l tel\u00edtett zs\u00edrsavak: 12,52 g   Sz\u00e9nhidr\u00e1t: 31,37 g   amelyb\u0151l cukrok: 24,2 g   Feh\u00e9rje: 3,45 g   S\u00f3: 0,07 g                \u00d6sszetev\u0151k     \u00c9desmorzsa (b\u00fazaliszt, v\u00edz, cukor, p\u00e1lmazs\u00edr, m\u00e9z, kaka\u00f3por, fah\u00e9j, sz\u00f3dabikarb\u00f3na, s\u00fct\u0151por, k\u00e1lium- szorb\u00e1t, szalalk\u00e1li), margarin ( n\u00f6v\u00e9nyi olajok \u00e9s zs\u00edrok: p\u00e1lma; repce; k\u00f3kusz; teljesen hidrog\u00e9nezett p\u00e1lma; napraforg\u00f3, v\u00edz, emulge\u00e1l\u00f3szerek: E475; E471 \u00e9s sz\u00f3jalecitin, s\u00f3, savany\u00fas\u00e1got szab\u00e1lyoz\u00f3 anyag: E330, \u00edzes\u00edt\u0151k, szinez\u0151anyag: karotin- E160a), cukor, vegyes\u00edz (almavel\u0151, cukor, meggy, s\u0171r\u00edt\u0151anyag: gell\u00e1n, \u00e9tkez\u00e9si sav: citromsav, aroma, tart\u00f3s\u00edt\u00f3szer: K- szorb\u00e1t \u00e9s Na- benzo\u00e1t, sz\u00ednez\u00e9k: sz\u0151l\u0151h\u00e9j kivonat),v\u00edz, kaka\u00f3por, zs\u00edros tejpor, k\u00f3kuszreszel\u00e9k, rumaroma (term\u00e9szetes aromaanyagok, v\u00edz, hordoz\u00f3: E1520, rum, karamellszirup, s\u0171r\u00edt\u0151anyag: E413), k\u00f3kusz aroma ( aromaanyagok, propil\u00e9n- glikol)       Allerg\u00e9n inform\u00e1ci\u00f3k, GMO inform\u00e1ci\u00f3     A term\u00e9k tartalmaz: glut\u00e9nt, sz\u00f3j\u00e1t, tejet. Nyomokban tartalmazhat toj\u00e1s, csonth\u00e9jas term\u00e9s, f\u00f6ldimogyor\u00f3, csillagf\u00fcrt \u00e9s szez\u00e1mmag sz\u00e1rmaz\u00e9kait. Az \u00e9lelmiszer el\u0151\u00e1ll\u00edt\u00e1s\u00e1hoz g\u00e9ntechnol\u00f3gi\u00e1val m\u00f3dos\u00edtott szervezetet, anyagot nem haszn\u00e1lunk.           Nett\u00f3 mennyis\u00e9g     300 g","og_url":"https:\/\/tornyospekseg.staging.ruffnet.hu\/en\/termek\/tornyos-kokusztekercs\/","og_site_name":"Tornyos P\u00e9ks\u00e9g","article_modified_time":"2024-10-29T09:58:43+00:00","og_image":[{"width":1500,"height":1500,"url":"https:\/\/tornyospekseg.staging.ruffnet.hu\/wp-content\/uploads\/2024\/10\/tornyos-kokusztekercs-3.jpg","type":"image\/jpeg"}],"twitter_card":"summary_large_image","twitter_misc":{"Est. reading time":"1 minute"},"schema":{"@context":"https:\/\/schema.org","@graph":[{"@type":"WebPage","@id":"https:\/\/tornyospekseg.staging.ruffnet.hu\/en\/termek\/tornyos-kokusztekercs\/","url":"https:\/\/tornyospekseg.staging.ruffnet.hu\/en\/termek\/tornyos-kokusztekercs\/","name":"Tornyos k\u00f3kusztekercs - Tornyos P\u00e9ks\u00e9g","isPartOf":{"@id":"https:\/\/tornyospekseg.staging.ruffnet.hu\/en\/#website"},"primaryImageOfPage":{"@id":"https:\/\/tornyospekseg.staging.ruffnet.hu\/en\/termek\/tornyos-kokusztekercs\/#primaryimage"},"image":{"@id":"https:\/\/tornyospekseg.staging.ruffnet.hu\/en\/termek\/tornyos-kokusztekercs\/#primaryimage"},"thumbnailUrl":"https:\/\/tornyospekseg.staging.ruffnet.hu\/wp-content\/uploads\/2024\/10\/tornyos-kokusztekercs-3.jpg","datePublished":"2024-10-09T13:58:43+00:00","dateModified":"2024-10-29T09:58:43+00:00","breadcrumb":{"@id":"https:\/\/tornyospekseg.staging.ruffnet.hu\/en\/termek\/tornyos-kokusztekercs\/#breadcrumb"},"inLanguage":"en-US","potentialAction":[{"@type":"ReadAction","target":["https:\/\/tornyospekseg.staging.ruffnet.hu\/en\/termek\/tornyos-kokusztekercs\/"]}]},{"@type":"ImageObject","inLanguage":"en-US","@id":"https:\/\/tornyospekseg.staging.ruffnet.hu\/en\/termek\/tornyos-kokusztekercs\/#primaryimage","url":"https:\/\/tornyospekseg.staging.ruffnet.hu\/wp-content\/uploads\/2024\/10\/tornyos-kokusztekercs-3.jpg","contentUrl":"https:\/\/tornyospekseg.staging.ruffnet.hu\/wp-content\/uploads\/2024\/10\/tornyos-kokusztekercs-3.jpg","width":1500,"height":1500},{"@type":"BreadcrumbList","@id":"https:\/\/tornyospekseg.staging.ruffnet.hu\/en\/termek\/tornyos-kokusztekercs\/#breadcrumb","itemListElement":[{"@type":"ListItem","position":1,"name":"Kezd\u0151lap","item":"https:\/\/tornyospekseg.staging.ruffnet.hu\/en\/"},{"@type":"ListItem","position":2,"name":"Products","item":"https:\/\/tornyospekseg.staging.ruffnet.hu\/en\/shop\/"},{"@type":"ListItem","position":3,"name":"Tornyos k\u00f3kusztekercs"}]},{"@type":"WebSite","@id":"https:\/\/tornyospekseg.staging.ruffnet.hu\/en\/#website","url":"https:\/\/tornyospekseg.staging.ruffnet.hu\/en\/","name":"Tornyos P\u00e9ks\u00e9g","description":"Tele pocak, boldog pocak!","publisher":{"@id":"https:\/\/tornyospekseg.staging.ruffnet.hu\/en\/#organization"},"potentialAction":[{"@type":"SearchAction","target":{"@type":"EntryPoint","urlTemplate":"https:\/\/tornyospekseg.staging.ruffnet.hu\/en\/?s={search_term_string}"},"query-input":{"@type":"PropertyValueSpecification","valueRequired":true,"valueName":"search_term_string"}}],"inLanguage":"en-US"},{"@type":"Organization","@id":"https:\/\/tornyospekseg.staging.ruffnet.hu\/en\/#organization","name":"Tornyos P\u00e9ks\u00e9g","url":"https:\/\/tornyospekseg.staging.ruffnet.hu\/en\/","logo":{"@type":"ImageObject","inLanguage":"en-US","@id":"https:\/\/tornyospekseg.staging.ruffnet.hu\/en\/#\/schema\/logo\/image\/","url":"https:\/\/tornyospekseg.staging.ruffnet.hu\/wp-content\/uploads\/2024\/08\/tornyos-color1.svg","contentUrl":"https:\/\/tornyospekseg.staging.ruffnet.hu\/wp-content\/uploads\/2024\/08\/tornyos-color1.svg","width":770,"height":134,"caption":"Tornyos P\u00e9ks\u00e9g"},"image":{"@id":"https:\/\/tornyospekseg.staging.ruffnet.hu\/en\/#\/schema\/logo\/image\/"}}]}},"_links":{"self":[{"href":"https:\/\/tornyospekseg.staging.ruffnet.hu\/en\/wp-json\/wp\/v2\/product\/1802"}],"collection":[{"href":"https:\/\/tornyospekseg.staging.ruffnet.hu\/en\/wp-json\/wp\/v2\/product"}],"about":[{"href":"https:\/\/tornyospekseg.staging.ruffnet.hu\/en\/wp-json\/wp\/v2\/types\/product"}],"replies":[{"embeddable":true,"href":"https:\/\/tornyospekseg.staging.ruffnet.hu\/en\/wp-json\/wp\/v2\/comments?post=1802"}],"wp:featuredmedia":[{"embeddable":true,"href":"https:\/\/tornyospekseg.staging.ruffnet.hu\/en\/wp-json\/wp\/v2\/media\/1884"}],"wp:attachment":[{"href":"https:\/\/tornyospekseg.staging.ruffnet.hu\/en\/wp-json\/wp\/v2\/media?parent=1802"}],"wp:term":[{"taxonomy":"product_cat","embeddable":true,"href":"https:\/\/tornyospekseg.staging.ruffnet.hu\/en\/wp-json\/wp\/v2\/product_cat?post=1802"},{"taxonomy":"product_tag","embeddable":true,"href":"https:\/\/tornyospekseg.staging.ruffnet.hu\/en\/wp-json\/wp\/v2\/product_tag?post=1802"}],"curies":[{"name":"wp","href":"https:\/\/api.w.org\/{rel}","templated":true}]}}