{"id":1809,"date":"2024-10-10T09:58:05","date_gmt":"2024-10-10T07:58:05","guid":{"rendered":"https:\/\/tornyospekseg.staging.ruffnet.hu\/?post_type=product&#038;p=1809"},"modified":"2024-10-29T10:52:03","modified_gmt":"2024-10-29T09:52:03","slug":"tornyos-fagylalt-tolcser","status":"publish","type":"product","link":"https:\/\/tornyospekseg.staging.ruffnet.hu\/en\/termek\/tornyos-fagylalt-tolcser\/","title":{"rendered":"Tornyos Fagylalt T\u00f6lcs\u00e9r"},"content":{"rendered":"","protected":false},"excerpt":{"rendered":"<h3 class=\"wp-block-heading\">\u00c1tlagos t\u00e1p\u00e9rt\u00e9kek<\/h3>\n<p><!-- \/wp:heading --><\/p>\n<p><!-- wp:table --><\/p>\n<figure class=\"wp-block-table\">\n<table class=\"has-fixed-layout\">\n<tbody>\n<tr>\n<td>Energia:<\/td>\n<td>1572kJ \/ 370 kcal<\/td>\n<\/tr>\n<tr>\n<td>Zs\u00edr:<\/td>\n<td>\u00a00,5 g<\/td>\n<\/tr>\n<tr>\n<td>amelyb\u0151l tel\u00edtett zs\u00edrsavak:<\/td>\n<td>0,2 g<\/td>\n<\/tr>\n<tr>\n<td>Sz\u00e9nhidr\u00e1t:<\/td>\n<td>82 g<\/td>\n<\/tr>\n<tr>\n<td>amelyb\u0151l cukrok:<\/td>\n<td>7,6 g<\/td>\n<\/tr>\n<tr>\n<td>Feh\u00e9rje:<\/td>\n<td>9,3 g<\/td>\n<\/tr>\n<tr>\n<td>S\u00f3:<\/td>\n<td>0,2 g<\/td>\n<\/tr>\n<\/tbody>\n<\/table><figcaption><\/figcaption><figcaption class=\"wp-element-caption\"><\/figcaption><\/figure>\n<p><!-- \/wp:table --><\/p>\n<p><!-- wp:separator --><!-- \/wp:paragraph --><\/p>\n<p><!-- wp:separator --><\/p>\n<hr class=\"wp-block-separator has-alpha-channel-opacity\" \/>\n<p><!-- \/wp:separator --><\/p>\n<p><!-- wp:heading {\"level\":3} --><\/p>\n<h3 class=\"wp-block-heading\"><strong>\u00d6sszetev\u0151k<\/strong><\/h3>\n<p><!-- \/wp:heading --><\/p>\n<p><!-- wp:paragraph --><\/p>\n<p>B\u00fazaliszt, kukoricakem\u00e9ny\u00edt\u0151, cukor, n\u00f6v\u00e9nyi olaj(p\u00e1lmaolaj), \u00e9leszt\u0151, sz\u00f3dabikarb\u00f3na, emulge\u00e1l\u00f3szer: sz\u00f3jalecitin E322.<\/p>\n<p><!-- wp:separator --><\/p>\n<hr class=\"wp-block-separator has-alpha-channel-opacity\" \/>\n<p><!-- \/wp:separator --><\/p>\n<h3 class=\"wp-block-heading\">Allerg\u00e9n inform\u00e1ci\u00f3k, GMO inform\u00e1ci\u00f3<\/h3>\n<p><!-- \/wp:heading --><\/p>\n<p><!-- wp:paragraph --><\/p>\n<p>A term\u00e9k tartalmaz: glut\u00e9nt, sz\u00f3j\u00e1t.<br \/>\nA term\u00e9k GMO mentes alapanyagokb\u00f3l k\u00e9sz\u00fclt, az \u00e9lelmiszert ioniz\u00e1l\u00f3 sug\u00e1rz\u00e1ssal nem kezelj\u00fck<\/p>\n<p><!-- \/wp:paragraph --><\/p>\n<p><!-- wp:separator --><\/p>\n<hr class=\"wp-block-separator has-alpha-channel-opacity\" \/>\n<p><!-- \/wp:separator --><\/p>\n<p><!-- wp:heading {\"level\":3} --><\/p>\n<h3 class=\"wp-block-heading\"><strong>Nett\u00f3 mennyis\u00e9g<\/strong><\/h3>\n<p><!-- \/wp:heading --><\/p>\n<p><!-- wp:paragraph --><\/p>\n<p>50 g<\/p>\n","protected":false},"featured_media":1838,"comment_status":"open","ping_status":"closed","template":"","meta":[],"product_cat":[30],"product_tag":[],"class_list":{"0":"post-1809","1":"product","2":"type-product","3":"status-publish","4":"has-post-thumbnail","6":"product_cat-cukraszati-felkesz-termekek","8":"first","9":"instock","10":"shipping-taxable","11":"product-type-simple"},"yoast_head":"<!-- This site is optimized with the Yoast SEO plugin v23.6 - https:\/\/yoast.com\/wordpress\/plugins\/seo\/ -->\n<title>Tornyos Fagylalt T\u00f6lcs\u00e9r - Tornyos P\u00e9ks\u00e9g<\/title>\n<meta name=\"robots\" content=\"noindex, follow, max-snippet:-1, max-image-preview:large, max-video-preview:-1\" \/>\n<meta property=\"og:locale\" content=\"en_US\" \/>\n<meta property=\"og:type\" content=\"article\" \/>\n<meta property=\"og:title\" content=\"Tornyos Fagylalt T\u00f6lcs\u00e9r - Tornyos P\u00e9ks\u00e9g\" \/>\n<meta property=\"og:description\" content=\"\u00c1tlagos t\u00e1p\u00e9rt\u00e9kek        Energia: 1572kJ \/ 370 kcal   Zs\u00edr: \u00a00,5 g   amelyb\u0151l tel\u00edtett zs\u00edrsavak: 0,2 g   Sz\u00e9nhidr\u00e1t: 82 g   amelyb\u0151l cukrok: 7,6 g   Feh\u00e9rje: 9,3 g   S\u00f3: 0,2 g                \u00d6sszetev\u0151k     B\u00fazaliszt, kukoricakem\u00e9ny\u00edt\u0151, cukor, n\u00f6v\u00e9nyi olaj(p\u00e1lmaolaj), \u00e9leszt\u0151, sz\u00f3dabikarb\u00f3na, emulge\u00e1l\u00f3szer: sz\u00f3jalecitin E322.       Allerg\u00e9n inform\u00e1ci\u00f3k, GMO inform\u00e1ci\u00f3     A term\u00e9k tartalmaz: glut\u00e9nt, sz\u00f3j\u00e1t. A term\u00e9k GMO mentes alapanyagokb\u00f3l k\u00e9sz\u00fclt, az \u00e9lelmiszert ioniz\u00e1l\u00f3 sug\u00e1rz\u00e1ssal nem kezelj\u00fck           Nett\u00f3 mennyis\u00e9g     50 g\" \/>\n<meta property=\"og:url\" content=\"https:\/\/tornyospekseg.staging.ruffnet.hu\/en\/termek\/tornyos-fagylalt-tolcser\/\" \/>\n<meta property=\"og:site_name\" content=\"Tornyos P\u00e9ks\u00e9g\" \/>\n<meta property=\"article:modified_time\" content=\"2024-10-29T09:52:03+00:00\" \/>\n<meta property=\"og:image\" content=\"https:\/\/tornyospekseg.staging.ruffnet.hu\/wp-content\/uploads\/2024\/10\/Tornyos-Fagylalt-Tolcser.jpg\" \/>\n\t<meta property=\"og:image:width\" content=\"1500\" \/>\n\t<meta property=\"og:image:height\" content=\"1500\" \/>\n\t<meta property=\"og:image:type\" content=\"image\/jpeg\" \/>\n<meta name=\"twitter:card\" content=\"summary_large_image\" \/>\n<meta name=\"twitter:label1\" content=\"Est. reading time\" \/>\n\t<meta name=\"twitter:data1\" content=\"1 minute\" \/>\n<script type=\"application\/ld+json\" class=\"yoast-schema-graph\">{\"@context\":\"https:\/\/schema.org\",\"@graph\":[{\"@type\":\"WebPage\",\"@id\":\"https:\/\/tornyospekseg.staging.ruffnet.hu\/en\/termek\/tornyos-fagylalt-tolcser\/\",\"url\":\"https:\/\/tornyospekseg.staging.ruffnet.hu\/en\/termek\/tornyos-fagylalt-tolcser\/\",\"name\":\"Tornyos Fagylalt T\u00f6lcs\u00e9r - Tornyos P\u00e9ks\u00e9g\",\"isPartOf\":{\"@id\":\"https:\/\/tornyospekseg.staging.ruffnet.hu\/en\/#website\"},\"primaryImageOfPage\":{\"@id\":\"https:\/\/tornyospekseg.staging.ruffnet.hu\/en\/termek\/tornyos-fagylalt-tolcser\/#primaryimage\"},\"image\":{\"@id\":\"https:\/\/tornyospekseg.staging.ruffnet.hu\/en\/termek\/tornyos-fagylalt-tolcser\/#primaryimage\"},\"thumbnailUrl\":\"https:\/\/tornyospekseg.staging.ruffnet.hu\/wp-content\/uploads\/2024\/10\/Tornyos-Fagylalt-Tolcser.jpg\",\"datePublished\":\"2024-10-10T07:58:05+00:00\",\"dateModified\":\"2024-10-29T09:52:03+00:00\",\"breadcrumb\":{\"@id\":\"https:\/\/tornyospekseg.staging.ruffnet.hu\/en\/termek\/tornyos-fagylalt-tolcser\/#breadcrumb\"},\"inLanguage\":\"en-US\",\"potentialAction\":[{\"@type\":\"ReadAction\",\"target\":[\"https:\/\/tornyospekseg.staging.ruffnet.hu\/en\/termek\/tornyos-fagylalt-tolcser\/\"]}]},{\"@type\":\"ImageObject\",\"inLanguage\":\"en-US\",\"@id\":\"https:\/\/tornyospekseg.staging.ruffnet.hu\/en\/termek\/tornyos-fagylalt-tolcser\/#primaryimage\",\"url\":\"https:\/\/tornyospekseg.staging.ruffnet.hu\/wp-content\/uploads\/2024\/10\/Tornyos-Fagylalt-Tolcser.jpg\",\"contentUrl\":\"https:\/\/tornyospekseg.staging.ruffnet.hu\/wp-content\/uploads\/2024\/10\/Tornyos-Fagylalt-Tolcser.jpg\",\"width\":1500,\"height\":1500},{\"@type\":\"BreadcrumbList\",\"@id\":\"https:\/\/tornyospekseg.staging.ruffnet.hu\/en\/termek\/tornyos-fagylalt-tolcser\/#breadcrumb\",\"itemListElement\":[{\"@type\":\"ListItem\",\"position\":1,\"name\":\"Kezd\u0151lap\",\"item\":\"https:\/\/tornyospekseg.staging.ruffnet.hu\/en\/\"},{\"@type\":\"ListItem\",\"position\":2,\"name\":\"Products\",\"item\":\"https:\/\/tornyospekseg.staging.ruffnet.hu\/en\/shop\/\"},{\"@type\":\"ListItem\",\"position\":3,\"name\":\"Tornyos Fagylalt T\u00f6lcs\u00e9r\"}]},{\"@type\":\"WebSite\",\"@id\":\"https:\/\/tornyospekseg.staging.ruffnet.hu\/en\/#website\",\"url\":\"https:\/\/tornyospekseg.staging.ruffnet.hu\/en\/\",\"name\":\"Tornyos P\u00e9ks\u00e9g\",\"description\":\"Tele pocak, boldog pocak!\",\"publisher\":{\"@id\":\"https:\/\/tornyospekseg.staging.ruffnet.hu\/en\/#organization\"},\"potentialAction\":[{\"@type\":\"SearchAction\",\"target\":{\"@type\":\"EntryPoint\",\"urlTemplate\":\"https:\/\/tornyospekseg.staging.ruffnet.hu\/en\/?s={search_term_string}\"},\"query-input\":{\"@type\":\"PropertyValueSpecification\",\"valueRequired\":true,\"valueName\":\"search_term_string\"}}],\"inLanguage\":\"en-US\"},{\"@type\":\"Organization\",\"@id\":\"https:\/\/tornyospekseg.staging.ruffnet.hu\/en\/#organization\",\"name\":\"Tornyos P\u00e9ks\u00e9g\",\"url\":\"https:\/\/tornyospekseg.staging.ruffnet.hu\/en\/\",\"logo\":{\"@type\":\"ImageObject\",\"inLanguage\":\"en-US\",\"@id\":\"https:\/\/tornyospekseg.staging.ruffnet.hu\/en\/#\/schema\/logo\/image\/\",\"url\":\"https:\/\/tornyospekseg.staging.ruffnet.hu\/wp-content\/uploads\/2024\/08\/tornyos-color1.svg\",\"contentUrl\":\"https:\/\/tornyospekseg.staging.ruffnet.hu\/wp-content\/uploads\/2024\/08\/tornyos-color1.svg\",\"width\":770,\"height\":134,\"caption\":\"Tornyos P\u00e9ks\u00e9g\"},\"image\":{\"@id\":\"https:\/\/tornyospekseg.staging.ruffnet.hu\/en\/#\/schema\/logo\/image\/\"}}]}<\/script>\n<!-- \/ Yoast SEO plugin. -->","yoast_head_json":{"title":"Tornyos Fagylalt T\u00f6lcs\u00e9r - Tornyos P\u00e9ks\u00e9g","robots":{"index":"noindex","follow":"follow","max-snippet":"max-snippet:-1","max-image-preview":"max-image-preview:large","max-video-preview":"max-video-preview:-1"},"og_locale":"en_US","og_type":"article","og_title":"Tornyos Fagylalt T\u00f6lcs\u00e9r - Tornyos P\u00e9ks\u00e9g","og_description":"\u00c1tlagos t\u00e1p\u00e9rt\u00e9kek        Energia: 1572kJ \/ 370 kcal   Zs\u00edr: \u00a00,5 g   amelyb\u0151l tel\u00edtett zs\u00edrsavak: 0,2 g   Sz\u00e9nhidr\u00e1t: 82 g   amelyb\u0151l cukrok: 7,6 g   Feh\u00e9rje: 9,3 g   S\u00f3: 0,2 g                \u00d6sszetev\u0151k     B\u00fazaliszt, kukoricakem\u00e9ny\u00edt\u0151, cukor, n\u00f6v\u00e9nyi olaj(p\u00e1lmaolaj), \u00e9leszt\u0151, sz\u00f3dabikarb\u00f3na, emulge\u00e1l\u00f3szer: sz\u00f3jalecitin E322.       Allerg\u00e9n inform\u00e1ci\u00f3k, GMO inform\u00e1ci\u00f3     A term\u00e9k tartalmaz: glut\u00e9nt, sz\u00f3j\u00e1t. A term\u00e9k GMO mentes alapanyagokb\u00f3l k\u00e9sz\u00fclt, az \u00e9lelmiszert ioniz\u00e1l\u00f3 sug\u00e1rz\u00e1ssal nem kezelj\u00fck           Nett\u00f3 mennyis\u00e9g     50 g","og_url":"https:\/\/tornyospekseg.staging.ruffnet.hu\/en\/termek\/tornyos-fagylalt-tolcser\/","og_site_name":"Tornyos P\u00e9ks\u00e9g","article_modified_time":"2024-10-29T09:52:03+00:00","og_image":[{"width":1500,"height":1500,"url":"https:\/\/tornyospekseg.staging.ruffnet.hu\/wp-content\/uploads\/2024\/10\/Tornyos-Fagylalt-Tolcser.jpg","type":"image\/jpeg"}],"twitter_card":"summary_large_image","twitter_misc":{"Est. reading time":"1 minute"},"schema":{"@context":"https:\/\/schema.org","@graph":[{"@type":"WebPage","@id":"https:\/\/tornyospekseg.staging.ruffnet.hu\/en\/termek\/tornyos-fagylalt-tolcser\/","url":"https:\/\/tornyospekseg.staging.ruffnet.hu\/en\/termek\/tornyos-fagylalt-tolcser\/","name":"Tornyos Fagylalt T\u00f6lcs\u00e9r - Tornyos P\u00e9ks\u00e9g","isPartOf":{"@id":"https:\/\/tornyospekseg.staging.ruffnet.hu\/en\/#website"},"primaryImageOfPage":{"@id":"https:\/\/tornyospekseg.staging.ruffnet.hu\/en\/termek\/tornyos-fagylalt-tolcser\/#primaryimage"},"image":{"@id":"https:\/\/tornyospekseg.staging.ruffnet.hu\/en\/termek\/tornyos-fagylalt-tolcser\/#primaryimage"},"thumbnailUrl":"https:\/\/tornyospekseg.staging.ruffnet.hu\/wp-content\/uploads\/2024\/10\/Tornyos-Fagylalt-Tolcser.jpg","datePublished":"2024-10-10T07:58:05+00:00","dateModified":"2024-10-29T09:52:03+00:00","breadcrumb":{"@id":"https:\/\/tornyospekseg.staging.ruffnet.hu\/en\/termek\/tornyos-fagylalt-tolcser\/#breadcrumb"},"inLanguage":"en-US","potentialAction":[{"@type":"ReadAction","target":["https:\/\/tornyospekseg.staging.ruffnet.hu\/en\/termek\/tornyos-fagylalt-tolcser\/"]}]},{"@type":"ImageObject","inLanguage":"en-US","@id":"https:\/\/tornyospekseg.staging.ruffnet.hu\/en\/termek\/tornyos-fagylalt-tolcser\/#primaryimage","url":"https:\/\/tornyospekseg.staging.ruffnet.hu\/wp-content\/uploads\/2024\/10\/Tornyos-Fagylalt-Tolcser.jpg","contentUrl":"https:\/\/tornyospekseg.staging.ruffnet.hu\/wp-content\/uploads\/2024\/10\/Tornyos-Fagylalt-Tolcser.jpg","width":1500,"height":1500},{"@type":"BreadcrumbList","@id":"https:\/\/tornyospekseg.staging.ruffnet.hu\/en\/termek\/tornyos-fagylalt-tolcser\/#breadcrumb","itemListElement":[{"@type":"ListItem","position":1,"name":"Kezd\u0151lap","item":"https:\/\/tornyospekseg.staging.ruffnet.hu\/en\/"},{"@type":"ListItem","position":2,"name":"Products","item":"https:\/\/tornyospekseg.staging.ruffnet.hu\/en\/shop\/"},{"@type":"ListItem","position":3,"name":"Tornyos Fagylalt T\u00f6lcs\u00e9r"}]},{"@type":"WebSite","@id":"https:\/\/tornyospekseg.staging.ruffnet.hu\/en\/#website","url":"https:\/\/tornyospekseg.staging.ruffnet.hu\/en\/","name":"Tornyos P\u00e9ks\u00e9g","description":"Tele pocak, boldog pocak!","publisher":{"@id":"https:\/\/tornyospekseg.staging.ruffnet.hu\/en\/#organization"},"potentialAction":[{"@type":"SearchAction","target":{"@type":"EntryPoint","urlTemplate":"https:\/\/tornyospekseg.staging.ruffnet.hu\/en\/?s={search_term_string}"},"query-input":{"@type":"PropertyValueSpecification","valueRequired":true,"valueName":"search_term_string"}}],"inLanguage":"en-US"},{"@type":"Organization","@id":"https:\/\/tornyospekseg.staging.ruffnet.hu\/en\/#organization","name":"Tornyos P\u00e9ks\u00e9g","url":"https:\/\/tornyospekseg.staging.ruffnet.hu\/en\/","logo":{"@type":"ImageObject","inLanguage":"en-US","@id":"https:\/\/tornyospekseg.staging.ruffnet.hu\/en\/#\/schema\/logo\/image\/","url":"https:\/\/tornyospekseg.staging.ruffnet.hu\/wp-content\/uploads\/2024\/08\/tornyos-color1.svg","contentUrl":"https:\/\/tornyospekseg.staging.ruffnet.hu\/wp-content\/uploads\/2024\/08\/tornyos-color1.svg","width":770,"height":134,"caption":"Tornyos P\u00e9ks\u00e9g"},"image":{"@id":"https:\/\/tornyospekseg.staging.ruffnet.hu\/en\/#\/schema\/logo\/image\/"}}]}},"_links":{"self":[{"href":"https:\/\/tornyospekseg.staging.ruffnet.hu\/en\/wp-json\/wp\/v2\/product\/1809"}],"collection":[{"href":"https:\/\/tornyospekseg.staging.ruffnet.hu\/en\/wp-json\/wp\/v2\/product"}],"about":[{"href":"https:\/\/tornyospekseg.staging.ruffnet.hu\/en\/wp-json\/wp\/v2\/types\/product"}],"replies":[{"embeddable":true,"href":"https:\/\/tornyospekseg.staging.ruffnet.hu\/en\/wp-json\/wp\/v2\/comments?post=1809"}],"wp:featuredmedia":[{"embeddable":true,"href":"https:\/\/tornyospekseg.staging.ruffnet.hu\/en\/wp-json\/wp\/v2\/media\/1838"}],"wp:attachment":[{"href":"https:\/\/tornyospekseg.staging.ruffnet.hu\/en\/wp-json\/wp\/v2\/media?parent=1809"}],"wp:term":[{"taxonomy":"product_cat","embeddable":true,"href":"https:\/\/tornyospekseg.staging.ruffnet.hu\/en\/wp-json\/wp\/v2\/product_cat?post=1809"},{"taxonomy":"product_tag","embeddable":true,"href":"https:\/\/tornyospekseg.staging.ruffnet.hu\/en\/wp-json\/wp\/v2\/product_tag?post=1809"}],"curies":[{"name":"wp","href":"https:\/\/api.w.org\/{rel}","templated":true}]}}